{"id":115833,"date":"2026-04-08T00:00:00","date_gmt":"2026-04-08T05:00:00","guid":{"rendered":"http:\/\/gpl-love.com\/es\/?post_type=product&#038;p=115833"},"modified":"2026-04-10T11:16:19","modified_gmt":"2026-04-10T16:16:19","slug":"memberpress-mailpoet","status":"publish","type":"product","link":"https:\/\/gpl-love.com\/es\/producto\/memberpress-mailpoet\/","title":{"rendered":"MemberPress MailPoet 1.2.8"},"content":{"rendered":"<h3>MemberPress MailPoet Caracteristicas<\/h3>\n<p>MemberPress Mailpoet es una amalgamaci\u00f3n extremadamente robusta de dos complementos de WordPress extremadamente frecuentes que colaboran sin problemas para optimizar y racionalizar sus esfuerzos en el \u00e1mbito del marketing por correo electr\u00f3nico. A trav\u00e9s de MemberPress, tiene la capacidad de administrar sin esfuerzo su sitio de membres\u00eda y mantener la autoridad sobre la accesibilidad de su contenido, mientras que Mailpoet le otorga la capacidad de fabricar y enviar correos electr\u00f3nicos visualmente cautivando a sus suscriptores. La fusi\u00f3n de estos dos complementos le brinda la oportunidad de mecanizar sus esfuerzos de marketing por correo electr\u00f3nico, dividir su p\u00fablico objetivo en grupos distintos y monitorear y evaluar meticulosamente sus resultados, todo dentro de una ubicaci\u00f3n singular. Independientemente de si est\u00e1 operando un curso en l\u00ednea, una empresa de productos digitales o un sitio web que funcione sobre una suscripci\u00f3n, MemberPress Mailpoet est\u00e1 garantizado para facilitar su interacci\u00f3n con su audiencia y impulsar el crecimiento de su negocio.<\/p>\n<ul>\n<li>Integre perfectamente MemberPress y Mailpoet para optimizar el marketing por correo electr\u00f3nico y la gesti\u00f3n de la membres\u00eda<\/li>\n<li>Automatizar campa\u00f1as de correo electr\u00f3nico basadas en el comportamiento del usuario y el estado de la membres\u00eda<\/li>\n<li>Dirigirse a grupos espec\u00edficos de miembros con mensajes y ofertas personalizadas<\/li>\n<li>Rastree el rendimiento de la campa\u00f1a del correo electr\u00f3nico con an\u00e1lisis detallados e informes<\/li>\n<li>Personalizar plantillas de correo electr\u00f3nico y marca para una experiencia de usuario cohesiva<\/li>\n<li>Aumentar la retenci\u00f3n de miembros y la participaci\u00f3n con las comunicaciones espec\u00edficas<\/li>\n<li>Reducir el esfuerzo manual y mejorar la eficiencia con los procesos automatizados<\/li>\n<li>Mejorar la satisfacci\u00f3n general del cliente con mensajes oportunos y relevantes.<\/li>\n<\/ul>\n","protected":false},"excerpt":{"rendered":"<p>MemberPress Mailpoet es una herramienta incre\u00edblemente robusta y eficiente que integra perfectamente su sitio miembro con Mailpoet, proporcionando as\u00ed la mayor comodidad en la administraci\u00f3n de sus campa\u00f1as de correo electr\u00f3nico, boletines y suscriptores de una sola ubicaci\u00f3n centralizada. Este complemento excepcional cuenta con una amplia gama de caracter\u00edsticas notables que le permiten dise\u00f1ar formularios personalizados, supervisar suscripciones, iniciar procesos automatizados y monitorear meticulosamente la eficacia de sus iniciativas de marketing por correo electr\u00f3nico. Tenga la seguridad de que si usted es el propietario de un establecimiento de comercio electr\u00f3nico o el administrador de un sitio de membres\u00eda, MemberPress Mailpoet es la soluci\u00f3n definitiva para usted. Vuelva a despedirme de las complejidades y complejidades asociadas con el marketing por correo electr\u00f3nico, y agradezca calurosamente las capacidades de gesti\u00f3n de correo electr\u00f3nico simplificadas y simplificadas que ofrecen exclusivamente el MemberPress Mailpoet.<\/p>\n","protected":false},"featured_media":166756,"comment_status":"open","ping_status":"open","template":"","meta":[],"product_brand":[2496],"product_cat":[1325,1206,1211],"product_tag":[1327],"class_list":{"0":"post-115833","1":"product","2":"type-product","3":"status-publish","4":"has-post-thumbnail","6":"product_brand-memberpress","7":"product_cat-afiliacion","8":"product_cat-plugins","9":"product_cat-wordpress-plugins","10":"product_tag-memberpress","11":"member-discount","12":"discount-restricted","14":"first","15":"instock","16":"sale","17":"downloadable","18":"virtual","19":"sold-individually","20":"purchasable","21":"product-type-simple"},"_links":{"self":[{"href":"https:\/\/gpl-love.com\/es\/wp-json\/wp\/v2\/product\/115833","targetHints":{"allow":["GET"]}}],"collection":[{"href":"https:\/\/gpl-love.com\/es\/wp-json\/wp\/v2\/product"}],"about":[{"href":"https:\/\/gpl-love.com\/es\/wp-json\/wp\/v2\/types\/product"}],"replies":[{"embeddable":true,"href":"https:\/\/gpl-love.com\/es\/wp-json\/wp\/v2\/comments?post=115833"}],"wp:featuredmedia":[{"embeddable":true,"href":"https:\/\/gpl-love.com\/es\/wp-json\/wp\/v2\/media\/166756"}],"wp:attachment":[{"href":"https:\/\/gpl-love.com\/es\/wp-json\/wp\/v2\/media?parent=115833"}],"wp:term":[{"taxonomy":"product_brand","embeddable":true,"href":"https:\/\/gpl-love.com\/es\/wp-json\/wp\/v2\/product_brand?post=115833"},{"taxonomy":"product_cat","embeddable":true,"href":"https:\/\/gpl-love.com\/es\/wp-json\/wp\/v2\/product_cat?post=115833"},{"taxonomy":"product_tag","embeddable":true,"href":"https:\/\/gpl-love.com\/es\/wp-json\/wp\/v2\/product_tag?post=115833"}],"curies":[{"name":"wp","href":"https:\/\/api.w.org\/{rel}","templated":true}]}}