{"id":115831,"date":"2026-04-08T00:00:00","date_gmt":"2026-04-08T05:00:00","guid":{"rendered":"http:\/\/gpl-love.com\/es\/?post_type=product&#038;p=115831"},"modified":"2026-04-10T11:16:18","modified_gmt":"2026-04-10T16:16:18","slug":"memberpress-mailchimp","status":"publish","type":"product","link":"https:\/\/gpl-love.com\/es\/producto\/memberpress-mailchimp\/","title":{"rendered":"MemberPress MailChimp 1.2.8"},"content":{"rendered":"<h3>MemberPress MailChimp Caracteristicas<\/h3>\n<p>MemberPress MailChimp, un complemento incre\u00edblemente poderoso, cuenta con la notable capacidad de integrar a la perfecci\u00f3n su sitio de membres\u00eda de MemberPress con sus campa\u00f1as de marketing por correo electr\u00f3nico de MailChimp. Este complemento fenomenal le otorga la capacidad autom\u00e1tica de agregar nuevos miembros a su lista de Correos, enviar correos electr\u00f3nicos dirigidos a grupos espec\u00edficos de miembros y monitorear diligentemente el triunfo de sus campa\u00f1as de correo electr\u00f3nico a trav\u00e9s de an\u00e1lisis meticulosamente detallados. Adem\u00e1s, MemberPress MailChimp ofrece un medio conveniente para administrar sus esfuerzos de marketing por correo electr\u00f3nico e involucrar activamente a sus miembros con su sitio, fomentando as\u00ed el crecimiento de su negocio y mejorando significativamente su resultado final. Independientemente de si se encuentra como propietario de una peque\u00f1a empresa o como parte de una organizaci\u00f3n m\u00e1s grande, MemberPress MailChimp indudablemente demuestra ser una herramienta indispensable para cualquier estrategia exitosa de marketing por correo electr\u00f3nico.<\/p>\n<ul>\n<li>Integraci\u00f3n entre MemberPress y MailChimp<\/li>\n<li>Capacidad para sincronizar los datos del usuario entre ambas plataformas<\/li>\n<li>Campa\u00f1as autom\u00e1ticas de marketing por correo electr\u00f3nico basados \u200b\u200ben el comportamiento del usuario dentro de MemberPress<\/li>\n<li>Campa\u00f1as de correo electr\u00f3nico personalizadas a grupos de usuarios espec\u00edficos dentro de MemberPress<\/li>\n<li>Seguimiento e informes en tiempo real del rendimiento de la campa\u00f1a de correo electr\u00f3nico<\/li>\n<li>Automatizaci\u00f3n perfecta del marketing por correo electr\u00f3nico para atacar a los clientes y aumentar el compromiso<\/li>\n<li>Configuraci\u00f3n y configuraci\u00f3n f\u00e1cil con instrucciones paso a paso<\/li>\n<li>Interfaz f\u00e1cil de usar para administrar campa\u00f1as de correo electr\u00f3nico<\/li>\n<li>Soporte para todos los planes de MailChimp, incluidas las versiones gratuitas y pagas<\/li>\n<li>Aumento de la retenci\u00f3n y satisfacci\u00f3n del cliente a trav\u00e9s de comunicaciones de correo electr\u00f3nico personalizadas.<\/li>\n<\/ul>\n","protected":false},"excerpt":{"rendered":"<p>La integraci\u00f3n de MemberPress con MailChimp demuestra ser una herramienta indispensable para empresas que pretenden mejorar la eficiencia de sus esfuerzos de marketing por correo electr\u00f3nico. Al sincronizar a la perfecci\u00f3n la lista de suscriptores de MailChimp con la base de datos de membres\u00eda de MemberPress, las empresas obtienen la capacidad de dirigir con precisi\u00f3n sus campa\u00f1as de marketing hacia segmentos espec\u00edficos de sus miembros. Adem\u00e1s, esta integraci\u00f3n abarca una gran cantidad de caracter\u00edsticas, como plantillas de correo electr\u00f3nico personalizables, campa\u00f1as de correo electr\u00f3nico automatizadas y mecanismos integrales de informes, lo que permite a las empresas monitorear su progreso meticulosamente y optimizar su estrategia de marketing por correo electr\u00f3nico en consecuencia. Independientemente de si usted es un propietario de una empresa a peque\u00f1a escala o un profesional de marketing experimentado, la integraci\u00f3n de MemberPress MailChimp surge como una necesidad absoluta, lo que lo permite conectarse de manera efectiva con su audiencia y fomentar el crecimiento de su negocio.<\/p>\n","protected":false},"featured_media":166755,"comment_status":"open","ping_status":"open","template":"","meta":[],"product_brand":[2496],"product_cat":[1325,1206,1211],"product_tag":[1327],"class_list":{"0":"post-115831","1":"product","2":"type-product","3":"status-publish","4":"has-post-thumbnail","6":"product_brand-memberpress","7":"product_cat-afiliacion","8":"product_cat-plugins","9":"product_cat-wordpress-plugins","10":"product_tag-memberpress","11":"member-discount","12":"discount-restricted","14":"first","15":"instock","16":"sale","17":"downloadable","18":"virtual","19":"sold-individually","20":"purchasable","21":"product-type-simple"},"_links":{"self":[{"href":"https:\/\/gpl-love.com\/es\/wp-json\/wp\/v2\/product\/115831","targetHints":{"allow":["GET"]}}],"collection":[{"href":"https:\/\/gpl-love.com\/es\/wp-json\/wp\/v2\/product"}],"about":[{"href":"https:\/\/gpl-love.com\/es\/wp-json\/wp\/v2\/types\/product"}],"replies":[{"embeddable":true,"href":"https:\/\/gpl-love.com\/es\/wp-json\/wp\/v2\/comments?post=115831"}],"wp:featuredmedia":[{"embeddable":true,"href":"https:\/\/gpl-love.com\/es\/wp-json\/wp\/v2\/media\/166755"}],"wp:attachment":[{"href":"https:\/\/gpl-love.com\/es\/wp-json\/wp\/v2\/media?parent=115831"}],"wp:term":[{"taxonomy":"product_brand","embeddable":true,"href":"https:\/\/gpl-love.com\/es\/wp-json\/wp\/v2\/product_brand?post=115831"},{"taxonomy":"product_cat","embeddable":true,"href":"https:\/\/gpl-love.com\/es\/wp-json\/wp\/v2\/product_cat?post=115831"},{"taxonomy":"product_tag","embeddable":true,"href":"https:\/\/gpl-love.com\/es\/wp-json\/wp\/v2\/product_tag?post=115831"}],"curies":[{"name":"wp","href":"https:\/\/api.w.org\/{rel}","templated":true}]}}