{"id":115829,"date":"2021-08-07T00:00:00","date_gmt":"2021-08-07T05:00:00","guid":{"rendered":"http:\/\/gpl-love.com\/es\/?post_type=product&#038;p=115829"},"modified":"2026-04-10T11:16:17","modified_gmt":"2026-04-10T16:16:17","slug":"memberpress-mad-mimi","status":"publish","type":"product","link":"https:\/\/gpl-love.com\/es\/producto\/memberpress-mad-mimi\/","title":{"rendered":"MemberPress Mad Mimi 1.0.2"},"content":{"rendered":"<h3>MemberPress Mad Mimi Caracteristicas<\/h3>\n<p>MemberPress Mad Mimi sirve como una herramienta incre\u00edblemente potente para la integraci\u00f3n, ya que facilita sin esfuerzo la conexi\u00f3n perfecta entre su sitio de membres\u00eda de MemberPress y su plataforma de marketing por correo electr\u00f3nico Mad Mimi. Al utilizar esta integraci\u00f3n, se le otorga la capacidad de elaborar campa\u00f1as de correo electr\u00f3nico dirigidas sin esfuerzo que satisfacen a sus estimados miembros o suscriptores. Adem\u00e1s, tambi\u00e9n puede enviar mensajes automatizados a grupos espec\u00edficos de usuarios, al tiempo que monitorea simult\u00e1neamente el rendimiento de sus esfuerzos de marketing por correo electr\u00f3nico a trav\u00e9s de amplios informes y an\u00e1lisis. La Integraci\u00f3n Mad Mad Mimi de MemberPress le brinda la oportunidad de ejercer un toque personalizado sobre su contenido de correo electr\u00f3nico y l\u00edneas de asunto, asegurando as\u00ed un mayor nivel de participaci\u00f3n. Adem\u00e1s, el proceso de segmentaci\u00f3n de sus listas de correo electr\u00f3nico y automatizaci\u00f3n de la inclusi\u00f3n de nuevos usuarios en dichas listas se hace significativamente m\u00e1s eficiente. En \u00faltima instancia, independientemente de si se encuentra al frente de un sitio de comercio electr\u00f3nico, un blog o una comunidad de membres\u00eda pr\u00f3spera, la invaluable asistencia otorgada por el miembro Mad Mimi lo impulsar\u00e1 indudablemente hacia las tasas de participaci\u00f3n escalada, las cifras de conversi\u00f3n amplificadas, las cifras de conversi\u00f3n amplificadas, y una expansi\u00f3n general de su estimado negocio.<\/p>\n<ul>\n<li>Integraci\u00f3n perfecta entre MemberPress y Mad Mimi<\/li>\n<li>Administre f\u00e1cilmente sus campa\u00f1as de marketing por correo electr\u00f3nico dentro de su Panel de MemberPress<\/li>\n<li>Agregue autom\u00e1ticamente nuevos miembros a su lista Mad Mimi para una f\u00e1cil comunicaci\u00f3n por correo electr\u00f3nico<\/li>\n<li>Personalice sus correos electr\u00f3nicos a individuos o grupos de miembros con campos de fusi\u00f3n personalizados<\/li>\n<li>Crear campa\u00f1as de correo electr\u00f3nico espec\u00edficas basadas en el comportamiento y las suscripciones de los miembros<\/li>\n<li>Rastree el \u00e9xito de la campa\u00f1a de correo electr\u00f3nico con las robustas herramientas de informes de Mad Mimi<\/li>\n<li>Aumentar la participaci\u00f3n y la retenci\u00f3n de los miembros con una comunicaci\u00f3n efectiva y simplificada<\/li>\n<li>Compatible con las \u00faltimas versiones de MemberPress y Mad Mimi<\/li>\n<li>Configuraci\u00f3n f\u00e1cil con instrucciones paso a paso y soporte de ambas compa\u00f1\u00edas.<\/li>\n<\/ul>\n","protected":false},"excerpt":{"rendered":"<p>Al utilizar el complemento MemberPress Mad Mimi, podr\u00e1 integrar sin problemas su sitio de membres\u00eda con la plataforma de marketing de correo electr\u00f3nico Mad Mimi, lo que le permite automatizar y optimizar los procesos de comunicaci\u00f3n de su miembro. Esta integraci\u00f3n lo capacitar\u00e1 para mantenerse conectado con sus miembros a trav\u00e9s de la implementaci\u00f3n de campa\u00f1as de correo electr\u00f3nico espec\u00edficas que se adaptan espec\u00edficamente a sus necesidades y preferencias. Adem\u00e1s, el complemento ofrece la comodidad de configurar sin esfuerzo los desencadenantes de correo electr\u00f3nico automatizados que se activan en funci\u00f3n del comportamiento de su miembro, lo que le permite personalizar sus mensajes de una manera optimizada para la m\u00e1xima participaci\u00f3n y retenci\u00f3n. En \u00faltima instancia, al adoptar el complemento MemberPress Mad Mimi, podr\u00e1 mejorar activamente el crecimiento y la expansi\u00f3n de su sitio de membres\u00eda.<\/p>\n","protected":false},"featured_media":166754,"comment_status":"open","ping_status":"open","template":"","meta":[],"product_brand":[2496],"product_cat":[1325,1206,1211],"product_tag":[1327],"class_list":{"0":"post-115829","1":"product","2":"type-product","3":"status-publish","4":"has-post-thumbnail","6":"product_brand-memberpress","7":"product_cat-afiliacion","8":"product_cat-plugins","9":"product_cat-wordpress-plugins","10":"product_tag-memberpress","11":"member-discount","12":"discount-restricted","14":"first","15":"instock","16":"sale","17":"downloadable","18":"virtual","19":"sold-individually","20":"purchasable","21":"product-type-simple"},"_links":{"self":[{"href":"https:\/\/gpl-love.com\/es\/wp-json\/wp\/v2\/product\/115829","targetHints":{"allow":["GET"]}}],"collection":[{"href":"https:\/\/gpl-love.com\/es\/wp-json\/wp\/v2\/product"}],"about":[{"href":"https:\/\/gpl-love.com\/es\/wp-json\/wp\/v2\/types\/product"}],"replies":[{"embeddable":true,"href":"https:\/\/gpl-love.com\/es\/wp-json\/wp\/v2\/comments?post=115829"}],"wp:featuredmedia":[{"embeddable":true,"href":"https:\/\/gpl-love.com\/es\/wp-json\/wp\/v2\/media\/166754"}],"wp:attachment":[{"href":"https:\/\/gpl-love.com\/es\/wp-json\/wp\/v2\/media?parent=115829"}],"wp:term":[{"taxonomy":"product_brand","embeddable":true,"href":"https:\/\/gpl-love.com\/es\/wp-json\/wp\/v2\/product_brand?post=115829"},{"taxonomy":"product_cat","embeddable":true,"href":"https:\/\/gpl-love.com\/es\/wp-json\/wp\/v2\/product_cat?post=115829"},{"taxonomy":"product_tag","embeddable":true,"href":"https:\/\/gpl-love.com\/es\/wp-json\/wp\/v2\/product_tag?post=115829"}],"curies":[{"name":"wp","href":"https:\/\/api.w.org\/{rel}","templated":true}]}}