{"id":115827,"date":"2026-04-08T00:00:00","date_gmt":"2026-04-08T05:00:00","guid":{"rendered":"http:\/\/gpl-love.com\/es\/?post_type=product&#038;p=115827"},"modified":"2026-04-10T11:16:16","modified_gmt":"2026-04-10T16:16:16","slug":"memberpress-importer","status":"publish","type":"product","link":"https:\/\/gpl-love.com\/es\/producto\/memberpress-importer\/","title":{"rendered":"MemberPress Importer 1.6.21"},"content":{"rendered":"<h3>MemberPress Importer Caracteristicas<\/h3>\n<p>El importador MemberPress, una herramienta de software altamente efectiva, se ha desarrollado espec\u00edficamente para facilitar la importaci\u00f3n perfecta y conveniente de datos de membres\u00eda. Al utilizar esta herramienta excepcional, los individuos pueden transferir sin esfuerzo los datos de membres\u00eda de varias fuentes, incluidos los archivos CSV, a su sitio de membres\u00eda MemberPress. La utilizaci\u00f3n del importador de MemberPress no solo ahorra un tiempo valioso, sino que tambi\u00e9n reduce significativamente el esfuerzo y los recursos necesarios para esta tarea. En consecuencia, los propietarios de negocios pueden asignar sus energ\u00edas hacia aspectos m\u00e1s cr\u00edticos de su empresa, como aumentar su base de membres\u00eda y maximizar la generaci\u00f3n de ingresos. Ya sea un emprendedor que opera una empresa a peque\u00f1a escala o una organizaci\u00f3n a gran escala, el importador de MemberPress sirve como un activo indispensable, lo que permite la racionalizaci\u00f3n de los procesos de membres\u00eda y la posterior mejora del desempe\u00f1o financiero.<\/p>\n<ul>\n<li>Importar f\u00e1cilmente miembros y datos de usuario en MemberPress<\/li>\n<li>Admite varios formatos de archivo, incluidos CSV y Excel<\/li>\n<li>Puede importar campos y metadatos personalizados asociados con los usuarios<\/li>\n<li>Le permite asignar campos desde su archivo fuente a los campos apropiados en MemberPress<\/li>\n<li>Vista previa y revisi\u00f3n de datos importados antes de finalizar la importaci\u00f3n<\/li>\n<li>Detecci\u00f3n y manejo de duplicado autom\u00e1tico<\/li>\n<li>Importar sin esfuerzo grandes cantidades de datos con procesamiento por lotes<\/li>\n<li>Funciona sin problemas con MemberPress y otros complementos de WordPress<\/li>\n<li>Actualizado regularmente para garantizar la compatibilidad con las \u00faltimas versiones de WordPress y MemberPress<\/li>\n<li>Documentaci\u00f3n y apoyo extenso para asistencia con cualquier problema o pregunta.<\/li>\n<\/ul>\n","protected":false},"excerpt":{"rendered":"<p>El importador de MemberPress, una herramienta incre\u00edblemente robusta espec\u00edficamente dise\u00f1ada para facilitar y optimizar el intrincado procedimiento de importar datos en su estimado sitio de membres\u00eda de MemberPress, demuestra ser un activo invaluable. Equipado con la capacidad incomparable para importar usuarios, membres\u00edas, transacciones y una variedad de otros componentes esenciales, este complemento revolucionario sirve para acelerar el proceso, lo que le brinda el lujo del tiempo. Adem\u00e1s, su naturaleza f\u00e1cil de usar y su apoyo inquebrantable del estimado equipo de MemberPress garantizan la m\u00e1xima precisi\u00f3n y eficiencia en la importaci\u00f3n de sus datos, destruyendo as\u00ed cualquier espacio de error. Ya sea que se encuentre en medio de una migraci\u00f3n de una plataforma de membres\u00eda alternativa o simplemente est\u00e9 lidiando con la necesidad de importar datos a granel, el importador de MemberPress indudablemente se erige como la soluci\u00f3n por excelencia para su enigma.<\/p>\n","protected":false},"featured_media":166753,"comment_status":"open","ping_status":"open","template":"","meta":[],"product_brand":[2496],"product_cat":[1325,1206,1211],"product_tag":[1327],"class_list":{"0":"post-115827","1":"product","2":"type-product","3":"status-publish","4":"has-post-thumbnail","6":"product_brand-memberpress","7":"product_cat-afiliacion","8":"product_cat-plugins","9":"product_cat-wordpress-plugins","10":"product_tag-memberpress","11":"member-discount","12":"discount-restricted","14":"first","15":"instock","16":"sale","17":"downloadable","18":"virtual","19":"sold-individually","20":"purchasable","21":"product-type-simple"},"_links":{"self":[{"href":"https:\/\/gpl-love.com\/es\/wp-json\/wp\/v2\/product\/115827","targetHints":{"allow":["GET"]}}],"collection":[{"href":"https:\/\/gpl-love.com\/es\/wp-json\/wp\/v2\/product"}],"about":[{"href":"https:\/\/gpl-love.com\/es\/wp-json\/wp\/v2\/types\/product"}],"replies":[{"embeddable":true,"href":"https:\/\/gpl-love.com\/es\/wp-json\/wp\/v2\/comments?post=115827"}],"wp:featuredmedia":[{"embeddable":true,"href":"https:\/\/gpl-love.com\/es\/wp-json\/wp\/v2\/media\/166753"}],"wp:attachment":[{"href":"https:\/\/gpl-love.com\/es\/wp-json\/wp\/v2\/media?parent=115827"}],"wp:term":[{"taxonomy":"product_brand","embeddable":true,"href":"https:\/\/gpl-love.com\/es\/wp-json\/wp\/v2\/product_brand?post=115827"},{"taxonomy":"product_cat","embeddable":true,"href":"https:\/\/gpl-love.com\/es\/wp-json\/wp\/v2\/product_cat?post=115827"},{"taxonomy":"product_tag","embeddable":true,"href":"https:\/\/gpl-love.com\/es\/wp-json\/wp\/v2\/product_tag?post=115827"}],"curies":[{"name":"wp","href":"https:\/\/api.w.org\/{rel}","templated":true}]}}