{"id":115825,"date":"2026-04-10T00:00:00","date_gmt":"2026-04-10T05:00:00","guid":{"rendered":"http:\/\/gpl-love.com\/es\/?post_type=product&#038;p=115825"},"modified":"2026-04-10T11:16:15","modified_gmt":"2026-04-10T16:16:15","slug":"memberpress-help-scout","status":"publish","type":"product","link":"https:\/\/gpl-love.com\/es\/producto\/memberpress-help-scout\/","title":{"rendered":"MemberPress Help Scout 1.2.1"},"content":{"rendered":"<h3>MemberPress Help Scout Caracteristicas<\/h3>\n<p>Una valiosa integraci\u00f3n para los propietarios de sitios web es MemberPress Help Scout, que conecta a la perfecci\u00f3n su plataforma de membres\u00eda MemberPress con la plataforma de atenci\u00f3n al cliente de Help Scout. Esta poderosa integraci\u00f3n no solo simplifica la gesti\u00f3n de atenci\u00f3n al cliente, sino que tambi\u00e9n mejora la experiencia de los miembros, por lo que es una adici\u00f3n invaluable a cualquier sitio web de membres\u00eda. Con MemberPress Help Scout, los propietarios de sitios web pueden administrar y optimizar sin esfuerzo las solicitudes de atenci\u00f3n al cliente, asegurando una experiencia perfecta e integrada para sus miembros. Esta integraci\u00f3n permite a los propietarios de sitios web crear boletos de Help Scout directamente desde el Panel de MemberPress, lo que permite un seguimiento eficiente de las solicitudes de soporte y la gesti\u00f3n de conversaciones sin esfuerzo. Adem\u00e1s, MemberPress Help Scout ofrece la automatizaci\u00f3n de la creaci\u00f3n de boletos de soporte y la capacidad de asignar boletos a miembros espec\u00edficos del equipo, simplificando a\u00fan m\u00e1s el proceso de atenci\u00f3n al cliente. En resumen, MemberPress Ayuda Scout proporciona a los propietarios de sitios web las herramientas que necesitan para administrar efectivamente la atenci\u00f3n al cliente y mejorar la experiencia de los miembros, lo que la convierte en una herramienta esencial para cualquier sitio web de membres\u00eda.<\/p>\n<ul>\n<li>Integre perfectamente MemberPress y ayude a Scout a administrar eficientemente las interacciones del cliente<\/li>\n<li>Plegar el servicio de atenci\u00f3n al cliente con flujos de trabajo automatizados para consultas de clientes, quejas y comentarios<\/li>\n<li>Proporcionar experiencias personalizadas del cliente con datos detallados del cliente de MemberPress integrados en Help Scout<\/li>\n<li>Colaborar con los miembros del equipo y asignar tareas para optimizar las operaciones de soporte<\/li>\n<li>Seguimiento del comportamiento del cliente y el compromiso con an\u00e1lisis integrales y capacidades de informes<\/li>\n<li>Mejorar la retenci\u00f3n del cliente con mensajes espec\u00edficos y promociones basadas en datos del cliente<\/li>\n<li>Ahorre tiempo y aumente la eficiencia con las plantillas automatizadas de gesti\u00f3n de entradas y respuesta<\/li>\n<li>Mejorar la calificaci\u00f3n de satisfacci\u00f3n del cliente con respuestas r\u00e1pidas y precisas a las consultas y comentarios de los clientes<\/li>\n<li>Administrar f\u00e1cilmente las suscripciones de los clientes y la informaci\u00f3n de pago dentro del mismo Panel de Ayuda Scouts.<\/li>\n<li>Atenci\u00f3n al cliente 24\/7 y recursos dedicados para ayudar con cualquier problema o pregunta<\/li>\n<\/ul>\n","protected":false},"excerpt":{"rendered":"<p>Estamos encantados de presentar a MemberPress Help Scout, una soluci\u00f3n que supera a todos los dem\u00e1s para brindar un apoyo excepcional a sus valiosos miembros. A trav\u00e9s de esta notable integraci\u00f3n, puede establecer sin esfuerzo una conexi\u00f3n perfecta entre su sitio de membres\u00eda de MemberPress y ayudar a Scout, que es ampliamente reconocido como una de las plataformas de soporte m\u00e1s importantes disponibles. En consecuencia, podr\u00e1 manejar todas las consultas de soporte de su miembro directamente dentro de Help Scout, garantizando resoluciones r\u00e1pidas y eficientes a cualquier inquietud o consulta que pueda surgir. Se desprende de per\u00edodos de respuesta prolongados y miembros descontentos, ya que el Scout de ayuda de MemberPress est\u00e1 totalmente equipado para satisfacer todas sus necesidades.<\/p>\n","protected":false},"featured_media":166752,"comment_status":"open","ping_status":"open","template":"","meta":[],"product_brand":[2496],"product_cat":[1325,1206,1211],"product_tag":[1327],"class_list":{"0":"post-115825","1":"product","2":"type-product","3":"status-publish","4":"has-post-thumbnail","6":"product_brand-memberpress","7":"product_cat-afiliacion","8":"product_cat-plugins","9":"product_cat-wordpress-plugins","10":"product_tag-memberpress","11":"member-discount","12":"discount-restricted","14":"first","15":"instock","16":"sale","17":"downloadable","18":"virtual","19":"sold-individually","20":"purchasable","21":"product-type-simple"},"_links":{"self":[{"href":"https:\/\/gpl-love.com\/es\/wp-json\/wp\/v2\/product\/115825","targetHints":{"allow":["GET"]}}],"collection":[{"href":"https:\/\/gpl-love.com\/es\/wp-json\/wp\/v2\/product"}],"about":[{"href":"https:\/\/gpl-love.com\/es\/wp-json\/wp\/v2\/types\/product"}],"replies":[{"embeddable":true,"href":"https:\/\/gpl-love.com\/es\/wp-json\/wp\/v2\/comments?post=115825"}],"wp:featuredmedia":[{"embeddable":true,"href":"https:\/\/gpl-love.com\/es\/wp-json\/wp\/v2\/media\/166752"}],"wp:attachment":[{"href":"https:\/\/gpl-love.com\/es\/wp-json\/wp\/v2\/media?parent=115825"}],"wp:term":[{"taxonomy":"product_brand","embeddable":true,"href":"https:\/\/gpl-love.com\/es\/wp-json\/wp\/v2\/product_brand?post=115825"},{"taxonomy":"product_cat","embeddable":true,"href":"https:\/\/gpl-love.com\/es\/wp-json\/wp\/v2\/product_cat?post=115825"},{"taxonomy":"product_tag","embeddable":true,"href":"https:\/\/gpl-love.com\/es\/wp-json\/wp\/v2\/product_tag?post=115825"}],"curies":[{"name":"wp","href":"https:\/\/api.w.org\/{rel}","templated":true}]}}