{"id":115823,"date":"2026-04-08T00:00:00","date_gmt":"2026-04-08T05:00:00","guid":{"rendered":"http:\/\/gpl-love.com\/es\/?post_type=product&#038;p=115823"},"modified":"2026-04-10T11:16:14","modified_gmt":"2026-04-10T16:16:14","slug":"memberpress-getresponse","status":"publish","type":"product","link":"https:\/\/gpl-love.com\/es\/producto\/memberpress-getresponse\/","title":{"rendered":"MemberPress GetResponse 1.1.5"},"content":{"rendered":"<h3>MemberPress GetResponse Caracteristicas<\/h3>\n<p>El complemento MemberPress GetResponse es una herramienta inmensamente poderosa que permite la integraci\u00f3n perfecta de su sitio web de WordPress con el aclamado servicio de marketing por correo electr\u00f3nico GetResponse. Al aprovechar las capacidades de esta integraci\u00f3n, obtiene la capacidad de supervisar y regular todos los aspectos de sus campa\u00f1as de correo electr\u00f3nico, suscripciones y membres\u00edas dentro de una plataforma singular y que lo abarca todo. Este notable complemento abarca una extensa variedad de caracter\u00edsticas avanzadas, incluida la segmentaci\u00f3n automatizada de sus listas de correo, la integraci\u00f3n perfecta de los campos personalizados y la automatizaci\u00f3n de su correspondencia por correo electr\u00f3nico. Adem\u00e1s, ofrece un nivel incomparable de flexibilidad en t\u00e9rminos de opciones de suscripci\u00f3n, lo que le brinda la capacidad de proporcionar a los clientes potenciales atractivos pruebas gratuitas, pagos recurrentes de procesos sin problemas y facilitar las compras \u00fanicas con la m\u00e1xima conveniencia. Con una interfaz intuitiva dise\u00f1ada y una variedad de caracter\u00edsticas de \u00faltima generaci\u00f3n, MemberPress GetResponse surge como una soluci\u00f3n \u00f3ptima para las empresas que se esfuerzan por optimizar y optimizar sus esfuerzos de marketing por correo electr\u00f3nico y procesos de gesti\u00f3n de membres\u00eda.<\/p>\n<ul>\n<li>Integre perfectamente MemberPress y GetResponse para automatizar su marketing por correo electr\u00f3nico y gesti\u00f3n de membres\u00eda<\/li>\n<li>Cree f\u00e1cilmente campa\u00f1as de correo electr\u00f3nico y se dirige a grupos espec\u00edficos de miembros para el m\u00e1ximo compromiso<\/li>\n<li>Configurar secuencias de correo electr\u00f3nico automatizadas para nutrir los clientes potenciales y convertirlos en miembros que pagan<\/li>\n<li>Sync Datos miembros entre MemberPress y GetResponse para mantenerse organizados y tomar decisiones informadas<\/li>\n<li>Rastree el rendimiento de la campa\u00f1a de correo electr\u00f3nico y la participaci\u00f3n de los miembros para optimizar su estrategia<\/li>\n<li>Ahorre tiempo y aumente la eficiencia administrando su sitio de marketing por correo electr\u00f3nico y membres\u00eda en un solo lugar<\/li>\n<li>Obtenga informaci\u00f3n valiosa sobre el comportamiento y las preferencias de su audiencia con an\u00e1lisis e informes avanzados<\/li>\n<li>Personalice sus correos electr\u00f3nicos con contenido personalizado y marca para crear una imagen de marca fuerte y consistente<\/li>\n<li>Comience r\u00e1pidamente con una configuraci\u00f3n simple y atenci\u00f3n al cliente experta disponible si es necesario<\/li>\n<li>Escala su negocio con confianza sabiendo que su gesti\u00f3n de marketing por correo electr\u00f3nico y membres\u00eda est\u00e1 completamente optimizado y automatizado con MemberPress GetResponse.<\/li>\n<\/ul>\n","protected":false},"excerpt":{"rendered":"<p>MemberPress GetResponse es una herramienta de integraci\u00f3n robusta, que faculta a las empresas para vincular sin esfuerzo su sitio de membres\u00eda de MemberPress con el servicio de marketing de correo electr\u00f3nico GetResponse. Al utilizar esta soluci\u00f3n de vanguardia, las empresas pueden automatizar sus esfuerzos de marketing por correo electr\u00f3nico, proporcionar contenido a medida a sus miembros de acuerdo con sus intereses y comportamientos, y monitorear y evaluar sin problemas la eficacia de sus campa\u00f1as. Esta integraci\u00f3n demuestra ser una soluci\u00f3n impecable tanto para empresas como para creadores de contenido con el objetivo de construir una audiencia devota y aumentar sus ganancias a trav\u00e9s de estrategias de marketing por correo electr\u00f3nico meticulosamente espec\u00edficas.<\/p>\n","protected":false},"featured_media":166751,"comment_status":"open","ping_status":"open","template":"","meta":[],"product_brand":[2496],"product_cat":[1325,1206,1211],"product_tag":[1327],"class_list":{"0":"post-115823","1":"product","2":"type-product","3":"status-publish","4":"has-post-thumbnail","6":"product_brand-memberpress","7":"product_cat-afiliacion","8":"product_cat-plugins","9":"product_cat-wordpress-plugins","10":"product_tag-memberpress","11":"member-discount","12":"discount-restricted","14":"first","15":"instock","16":"sale","17":"downloadable","18":"virtual","19":"sold-individually","20":"purchasable","21":"product-type-simple"},"_links":{"self":[{"href":"https:\/\/gpl-love.com\/es\/wp-json\/wp\/v2\/product\/115823","targetHints":{"allow":["GET"]}}],"collection":[{"href":"https:\/\/gpl-love.com\/es\/wp-json\/wp\/v2\/product"}],"about":[{"href":"https:\/\/gpl-love.com\/es\/wp-json\/wp\/v2\/types\/product"}],"replies":[{"embeddable":true,"href":"https:\/\/gpl-love.com\/es\/wp-json\/wp\/v2\/comments?post=115823"}],"wp:featuredmedia":[{"embeddable":true,"href":"https:\/\/gpl-love.com\/es\/wp-json\/wp\/v2\/media\/166751"}],"wp:attachment":[{"href":"https:\/\/gpl-love.com\/es\/wp-json\/wp\/v2\/media?parent=115823"}],"wp:term":[{"taxonomy":"product_brand","embeddable":true,"href":"https:\/\/gpl-love.com\/es\/wp-json\/wp\/v2\/product_brand?post=115823"},{"taxonomy":"product_cat","embeddable":true,"href":"https:\/\/gpl-love.com\/es\/wp-json\/wp\/v2\/product_cat?post=115823"},{"taxonomy":"product_tag","embeddable":true,"href":"https:\/\/gpl-love.com\/es\/wp-json\/wp\/v2\/product_tag?post=115823"}],"curies":[{"name":"wp","href":"https:\/\/api.w.org\/{rel}","templated":true}]}}