{"id":115819,"date":"2026-04-08T00:00:00","date_gmt":"2026-04-08T05:00:00","guid":{"rendered":"http:\/\/gpl-love.com\/es\/?post_type=product&#038;p=115819"},"modified":"2026-04-10T11:16:11","modified_gmt":"2026-04-10T16:16:11","slug":"memberpress-downloads","status":"publish","type":"product","link":"https:\/\/gpl-love.com\/es\/producto\/memberpress-downloads\/","title":{"rendered":"MemberPress Downloads 1.3.1"},"content":{"rendered":"<h3>MemberPress Downloads Caracteristicas<\/h3>\n<p>MemberPress Descargas es una herramienta altamente eficiente y potente, espec\u00edficamente dise\u00f1ada para capacitar a los propietarios de sitios web con capacidades perfectas en los \u00e1mbitos de vender y distribuir productos digitales a sus estimados miembros. Este complemento excepcional facilita un proceso r\u00e1pido y sin problemas de cargar archivos, configurar estructuras de precios, determinar los niveles de acceso e incluso permitir el monitoreo de ventas y descargas en tiempo real. Con el mayor \u00e9nfasis en la seguridad, los miembros pueden comprar y descargar de manera segura sus productos digitales deseados de su sitio web, mientras que usted, como propietario del sitio web, mantiene la autoridad absoluta sobre la din\u00e1mica de distribuci\u00f3n y precios. Independientemente de la naturaleza de sus productos digitales, ya sea libros electr\u00f3nicos, m\u00fasica, software o cualquier otro g\u00e9nero, la notable funcionalidad de las descargas de MemberPress garantiza la monetizaci\u00f3n sin esfuerzo de su contenido y respalda el crecimiento exponencial de sus esfuerzos empresariales.<\/p>\n<ul>\n<li>MemberPress Descargas es una herramienta poderosa que le permite vender productos o servicios digitales en su sitio web de WordPress<\/li>\n<li>Con las descargas de MemberPress, puede crear f\u00e1cilmente paquetes de descarga personalizados para sus clientes y ofrecerles diferentes planes de precios<\/li>\n<li>Este complemento tambi\u00e9n le permite restringir el acceso de descarga en funci\u00f3n de los niveles de membres\u00eda o usuarios espec\u00edficos, asegurando que solo los clientes calificados tengan acceso a sus archivos digitales<\/li>\n<li>Las descargas de MemberPress vienen con una interfaz de usuario simple e intuitiva, lo que le permite administrar sus descargas con facilidad<\/li>\n<li>Tambi\u00e9n puede rastrear sus descargas y estad\u00edsticas de ventas utilizando las herramientas de informes incorporadas, brind\u00e1ndole informaci\u00f3n valiosa sobre el rendimiento de su negocio<\/li>\n<li>MemberPress Descargas est\u00e1 completamente integrado con MemberPress, un popular complemento de membres\u00eda de WordPress, que facilita la administraci\u00f3n de sus productos y membres\u00edas desde una sola plataforma<\/li>\n<li>Ya sea que est\u00e9 vendiendo libros electr\u00f3nicos, software, m\u00fasica o cualquier otro tipo de producto digital, MemberPress Descargas es la soluci\u00f3n perfecta para sus necesidades comerciales en l\u00ednea.<\/li>\n<\/ul>\n","protected":false},"excerpt":{"rendered":"<p>MemberPress Descargas es un complemento extremadamente potente y notablemente f\u00e1cil de usar para el complemento MemberPress, que le presenta la oportunidad incomparable de obtener las ventas de una variedad de productos digitales, que abarca libros electr\u00f3nicos, m\u00fasica, software o cualquier otra variedad de descargas descargables Archivo, a los estimados visitantes de su sitio web. Al aprovechar las notables funcionalidades de las descargas de MemberPress, puede concebir y seleccionar p\u00e1ginas dedicadas exclusivamente al prop\u00f3sito de facilitar la descarga de sus productos, establecer y configurar debidamente a las pasarelas de pago, administrar h\u00e1bilmente ambos pedidos y suscripciones, e incluso ofrecer atraer descuentos y cupones a su clientela exigente. Lo que es a\u00fan m\u00e1s notable es la integraci\u00f3n perfecta de esta herramienta indispensable con el complemento de membres\u00eda de MemberPress, que le permite la capacidad sin esfuerzo para dispensar sin esfuerzo sus codiciadas descargas tanto a sus miembros y no miembros.<\/p>\n","protected":false},"featured_media":166748,"comment_status":"open","ping_status":"open","template":"","meta":[],"product_brand":[2496],"product_cat":[1325,1206,1211],"product_tag":[1327],"class_list":{"0":"post-115819","1":"product","2":"type-product","3":"status-publish","4":"has-post-thumbnail","6":"product_brand-memberpress","7":"product_cat-afiliacion","8":"product_cat-plugins","9":"product_cat-wordpress-plugins","10":"product_tag-memberpress","11":"member-discount","12":"discount-restricted","14":"first","15":"instock","16":"sale","17":"downloadable","18":"virtual","19":"sold-individually","20":"purchasable","21":"product-type-simple"},"_links":{"self":[{"href":"https:\/\/gpl-love.com\/es\/wp-json\/wp\/v2\/product\/115819","targetHints":{"allow":["GET"]}}],"collection":[{"href":"https:\/\/gpl-love.com\/es\/wp-json\/wp\/v2\/product"}],"about":[{"href":"https:\/\/gpl-love.com\/es\/wp-json\/wp\/v2\/types\/product"}],"replies":[{"embeddable":true,"href":"https:\/\/gpl-love.com\/es\/wp-json\/wp\/v2\/comments?post=115819"}],"wp:featuredmedia":[{"embeddable":true,"href":"https:\/\/gpl-love.com\/es\/wp-json\/wp\/v2\/media\/166748"}],"wp:attachment":[{"href":"https:\/\/gpl-love.com\/es\/wp-json\/wp\/v2\/media?parent=115819"}],"wp:term":[{"taxonomy":"product_brand","embeddable":true,"href":"https:\/\/gpl-love.com\/es\/wp-json\/wp\/v2\/product_brand?post=115819"},{"taxonomy":"product_cat","embeddable":true,"href":"https:\/\/gpl-love.com\/es\/wp-json\/wp\/v2\/product_cat?post=115819"},{"taxonomy":"product_tag","embeddable":true,"href":"https:\/\/gpl-love.com\/es\/wp-json\/wp\/v2\/product_tag?post=115819"}],"curies":[{"name":"wp","href":"https:\/\/api.w.org\/{rel}","templated":true}]}}