{"id":115817,"date":"2026-04-08T00:00:00","date_gmt":"2026-04-08T05:00:00","guid":{"rendered":"http:\/\/gpl-love.com\/es\/?post_type=product&#038;p=115817"},"modified":"2026-04-10T11:16:08","modified_gmt":"2026-04-10T16:16:08","slug":"memberpress-convertkit","status":"publish","type":"product","link":"https:\/\/gpl-love.com\/es\/producto\/memberpress-convertkit\/","title":{"rendered":"MemberPress ConvertKit 1.2.8"},"content":{"rendered":"<h3>MemberPress ConvertKit Caracteristicas<\/h3>\n<p>MemberPress Convertkit es un complemento incre\u00edblemente robusto y din\u00e1mico que facilita la integraci\u00f3n perfecta entre su sitio de membres\u00eda de MemberPress y Convertkit, una plataforma de automatizaci\u00f3n de marketing por correo electr\u00f3nico altamente avanzada. Al aprovechar las capacidades de este complemento, puede transferir y sincronizar sin esfuerzo datos cruciales entre MemberPress y Convertkit, lo que lo permite cultivar campa\u00f1as de correo electr\u00f3nico a medida y centradas en el l\u00e1ser basadas en las acciones espec\u00edficas de sus miembros, ya sea su registro inicial, renovaci\u00f3n. , o cancelaci\u00f3n de su membres\u00eda. Adem\u00e1s, puede capitalizar las funciones de automatizaci\u00f3n de vanguardia de Convertkit para segmentar meticulosamente su lista de correo electr\u00f3nico y desembolsar mensajes \u00edntimamente personalizados a sus estimados suscriptores. En esencia, la indispensabilidad de MemberPress Convertkit no puede ser exagerada, ya que representa un recurso indispensable para cualquier propietario del sitio de membres\u00eda concienzudo que se esfuerza sinceramente por aumentar la comunicaci\u00f3n con sus miembros valiosos, todo mientras refuerza sustancialmente las tasas generales de conversi\u00f3n generales.<\/p>\n<ul>\n<li>Integra miembro Pr\u00e9ss con Convertkit<\/li>\n<li>Conexi\u00f3n perfecta entre su sitio de membres\u00eda y la plataforma de marketing por correo electr\u00f3nico<\/li>\n<li>Automatiza la gesti\u00f3n de la lista de correo electr\u00f3nico para su sitio de MemberPress<\/li>\n<li>Env\u00eda correos electr\u00f3nicos automatizados a suscriptores en funci\u00f3n de su estado de membres\u00eda<\/li>\n<li>Capacidad para segmentar miembros basados \u200b\u200ben varios criterios para campa\u00f1as de correo electr\u00f3nico espec\u00edficas<\/li>\n<li>Contenido din\u00e1mico de correo electr\u00f3nico basado en datos de miembros para una experiencia personalizada<\/li>\n<li>Aumenta la participaci\u00f3n y retenci\u00f3n de los miembros a trav\u00e9s de la comunicaci\u00f3n dirigida<\/li>\n<li>Proceso de configuraci\u00f3n e integraci\u00f3n f\u00e1cil<\/li>\n<li>Ahorra tiempo y esfuerzo con marketing por correo electr\u00f3nico automatizado<\/li>\n<li>Ofrece informaci\u00f3n valiosa sobre el comportamiento y la participaci\u00f3n de los miembros a trav\u00e9s de an\u00e1lisis<\/li>\n<li>Compatible con varios modelos y planes de membres\u00eda<\/li>\n<li>Soporte y recursos 24\/7 disponibles de MemberPress y Convertkit.<\/li>\n<\/ul>\n","protected":false},"excerpt":{"rendered":"<p>MemberPress Convertkit es un complemento de WordPress extremadamente robusto que integra sin esfuerzo el sitio de membres\u00eda de MemberPress con las herramientas de automatizaci\u00f3n de marketing Convertkit de vanguardia, lo que le permite dise\u00f1ar y ejecutar campa\u00f1as de correo electr\u00f3nico dirigidas con precisi\u00f3n, automatizar eficientemente los procesos de flujo de trabajo y segmentar\u00e1 meticulosamente su lista de correo electr\u00f3nico con UTMOST. Precisi\u00f3n para alinearlo sin problemas con su sitio de membres\u00eda de MemberPress. Al aprovechar h\u00e1bilmente las capacidades extraordinarias de la integraci\u00f3n de Convertkit de MemberPress, puede generar ingeniosamente una experiencia de marketing por correo electr\u00f3nico excinada y optimizada para sus miembros estimados, amplificando exponencialmente sus niveles de participaci\u00f3n y aumentando notablemente sus tasas de lealia y retenci\u00f3n firme.<\/p>\n","protected":false},"featured_media":166745,"comment_status":"open","ping_status":"open","template":"","meta":[],"product_brand":[2496],"product_cat":[1325,1206,1211],"product_tag":[1327],"class_list":{"0":"post-115817","1":"product","2":"type-product","3":"status-publish","4":"has-post-thumbnail","6":"product_brand-memberpress","7":"product_cat-afiliacion","8":"product_cat-plugins","9":"product_cat-wordpress-plugins","10":"product_tag-memberpress","11":"member-discount","12":"discount-restricted","14":"first","15":"instock","16":"sale","17":"downloadable","18":"virtual","19":"sold-individually","20":"purchasable","21":"product-type-simple"},"_links":{"self":[{"href":"https:\/\/gpl-love.com\/es\/wp-json\/wp\/v2\/product\/115817","targetHints":{"allow":["GET"]}}],"collection":[{"href":"https:\/\/gpl-love.com\/es\/wp-json\/wp\/v2\/product"}],"about":[{"href":"https:\/\/gpl-love.com\/es\/wp-json\/wp\/v2\/types\/product"}],"replies":[{"embeddable":true,"href":"https:\/\/gpl-love.com\/es\/wp-json\/wp\/v2\/comments?post=115817"}],"wp:featuredmedia":[{"embeddable":true,"href":"https:\/\/gpl-love.com\/es\/wp-json\/wp\/v2\/media\/166745"}],"wp:attachment":[{"href":"https:\/\/gpl-love.com\/es\/wp-json\/wp\/v2\/media?parent=115817"}],"wp:term":[{"taxonomy":"product_brand","embeddable":true,"href":"https:\/\/gpl-love.com\/es\/wp-json\/wp\/v2\/product_brand?post=115817"},{"taxonomy":"product_cat","embeddable":true,"href":"https:\/\/gpl-love.com\/es\/wp-json\/wp\/v2\/product_cat?post=115817"},{"taxonomy":"product_tag","embeddable":true,"href":"https:\/\/gpl-love.com\/es\/wp-json\/wp\/v2\/product_tag?post=115817"}],"curies":[{"name":"wp","href":"https:\/\/api.w.org\/{rel}","templated":true}]}}