{"id":115815,"date":"2023-06-21T00:00:00","date_gmt":"2023-06-21T05:00:00","guid":{"rendered":"http:\/\/gpl-love.com\/es\/?post_type=product&#038;p=115815"},"modified":"2026-04-10T11:16:07","modified_gmt":"2026-04-10T16:16:07","slug":"memberpress-constant-contact","status":"publish","type":"product","link":"https:\/\/gpl-love.com\/es\/producto\/memberpress-constant-contact\/","title":{"rendered":"MemberPress Constant Contact 1.1.4"},"content":{"rendered":"<h3>MemberPress Constant Contact Caracteristicas<\/h3>\n<p>La integraci\u00f3n de MemberPress y Constant Contact ofrece a los propietarios de sitios web una herramienta potente para administrar eficientemente campa\u00f1as de marketing por correo electr\u00f3nico para sus sitios de membres\u00eda. Al conectar a la perfecci\u00f3n MemberPress, un complemento de membres\u00eda muy solicitado, con contacto constante, una plataforma de marketing por correo electr\u00f3nico ampliamente utilizada, los usuarios pueden optimizar sin esfuerzo sus esfuerzos de marketing por correo electr\u00f3nico y establecer canales de comunicaci\u00f3n efectivos con sus miembros. Esta integraci\u00f3n permite a los usuarios automatizar sus campa\u00f1as de correo electr\u00f3nico, segmentar su audiencia en funci\u00f3n de criterios espec\u00edficos y monitorear meticulosamente sus m\u00e9tricas de rendimiento, todas dentro de una sola interfaz f\u00e1cil de usar. En consecuencia, este producto presenta una soluci\u00f3n directa y altamente efectiva para los propietarios de sitios web que buscan elevar sus iniciativas de marketing por correo electr\u00f3nico y desbloquear completamente el potencial de su sitio de membres\u00eda.<\/p>\n<ul>\n<li>Integraci\u00f3n perfecta entre MemberPress y Constant Contact<\/li>\n<li>Aseg\u00farese de que sus miembros se suscriban autom\u00e1ticamente a su lista de correo electr\u00f3nico<\/li>\n<li>Administre f\u00e1cilmente sus listas de correo electr\u00f3nico y env\u00ede campa\u00f1as espec\u00edficas a sus miembros.<\/li>\n<li>Aumentar el compromiso con sus miembros a trav\u00e9s de la comunicaci\u00f3n de correo electr\u00f3nico personalizada<\/li>\n<li>Guarde el tiempo y agilice su flujo de trabajo automatizando el proceso de suscripci\u00f3n de correo electr\u00f3nico<\/li>\n<li>Obtenga an\u00e1lisis detallados en el correo electr\u00f3nico abierto y haga clic en tarifas para mejorar su estrategia de marketing por correo electr\u00f3nico<\/li>\n<li>Mejore su experiencia miembro manteni\u00e9ndolos informados sobre nuevos eventos, cursos u ofertas a trav\u00e9s de la comunicaci\u00f3n por correo electr\u00f3nico.<\/li>\n<\/ul>\n","protected":false},"excerpt":{"rendered":"<p>El complemento de contacto constante de MemberPress proporciona una multitud de funcionalidades s\u00f3lidas que facilitan la integraci\u00f3n perfecta entre su sitio de membres\u00eda de MemberPress y su cuenta de marketing por correo electr\u00f3nico de contacto constante. Gracias a este complemento, tiene la capacidad de agregar miembros reci\u00e9n registrados sin esfuerzo a su lista de contactos constantes, iniciar campa\u00f1as de correo electr\u00f3nico basadas en acciones espec\u00edficas de los miembros y monitorear convenientemente la efectividad de sus esfuerzos de marketing por correo electr\u00f3nico, todos dentro de los l\u00edmites de su MemberPress panel. Con una interfaz f\u00e1cil de usar, esta herramienta sirve como una soluci\u00f3n \u00f3ptima no solo para cautivar y retener a sus valiosos miembros, sino tambi\u00e9n ampliar su lista de marketing por correo electr\u00f3nico.<\/p>\n","protected":false},"featured_media":166744,"comment_status":"open","ping_status":"open","template":"","meta":[],"product_brand":[2496],"product_cat":[1325,1206,1211],"product_tag":[1327],"class_list":{"0":"post-115815","1":"product","2":"type-product","3":"status-publish","4":"has-post-thumbnail","6":"product_brand-memberpress","7":"product_cat-afiliacion","8":"product_cat-plugins","9":"product_cat-wordpress-plugins","10":"product_tag-memberpress","11":"member-discount","12":"discount-restricted","14":"first","15":"instock","16":"sale","17":"downloadable","18":"virtual","19":"sold-individually","20":"purchasable","21":"product-type-simple"},"_links":{"self":[{"href":"https:\/\/gpl-love.com\/es\/wp-json\/wp\/v2\/product\/115815","targetHints":{"allow":["GET"]}}],"collection":[{"href":"https:\/\/gpl-love.com\/es\/wp-json\/wp\/v2\/product"}],"about":[{"href":"https:\/\/gpl-love.com\/es\/wp-json\/wp\/v2\/types\/product"}],"replies":[{"embeddable":true,"href":"https:\/\/gpl-love.com\/es\/wp-json\/wp\/v2\/comments?post=115815"}],"wp:featuredmedia":[{"embeddable":true,"href":"https:\/\/gpl-love.com\/es\/wp-json\/wp\/v2\/media\/166744"}],"wp:attachment":[{"href":"https:\/\/gpl-love.com\/es\/wp-json\/wp\/v2\/media?parent=115815"}],"wp:term":[{"taxonomy":"product_brand","embeddable":true,"href":"https:\/\/gpl-love.com\/es\/wp-json\/wp\/v2\/product_brand?post=115815"},{"taxonomy":"product_cat","embeddable":true,"href":"https:\/\/gpl-love.com\/es\/wp-json\/wp\/v2\/product_cat?post=115815"},{"taxonomy":"product_tag","embeddable":true,"href":"https:\/\/gpl-love.com\/es\/wp-json\/wp\/v2\/product_tag?post=115815"}],"curies":[{"name":"wp","href":"https:\/\/api.w.org\/{rel}","templated":true}]}}