{"id":115813,"date":"2021-08-07T00:00:00","date_gmt":"2021-08-07T05:00:00","guid":{"rendered":"http:\/\/gpl-love.com\/es\/?post_type=product&#038;p=115813"},"modified":"2026-04-10T11:16:06","modified_gmt":"2026-04-10T16:16:06","slug":"memberpress-campaign-monitor","status":"publish","type":"product","link":"https:\/\/gpl-love.com\/es\/producto\/memberpress-campaign-monitor\/","title":{"rendered":"MemberPress Campaign Monitor 1.0.2"},"content":{"rendered":"<h3>MemberPress Campaign Monitor Caracteristicas<\/h3>\n<p>MiemberPress Campaign Monitor es una plataforma incre\u00edblemente robusta y din\u00e1mica que ofrece asistencia incomparable para administrar sin esfuerzo sus campa\u00f1as de marketing por correo electr\u00f3nico. Al integrar a la perfecci\u00f3n su sitio de membres\u00eda de MemberPress con el monitor de campa\u00f1a, esta plataforma le permite automatizar sus campa\u00f1as de correo electr\u00f3nico con la mayor facilidad, atender a audiencias objetivo espec\u00edficas y crear mensajes personalizados que resuenen profundamente. A trav\u00e9s del monitor de campa\u00f1a de MemberPress, podr\u00e1 generar sin esfuerzo generar boletines por correo electr\u00f3nico, ejecutar campa\u00f1as promocionales impactantes e implementar mensajes de seguimiento automatizados que dejan una impresi\u00f3n duradera. Adem\u00e1s, esta plataforma lo equipa con la invaluable capacidad de rastrear meticulosamente los triunfos de sus campa\u00f1as y medir meticulosamente su retorno de la inversi\u00f3n a trav\u00e9s de an\u00e1lisis en tiempo real. Esencialmente, el monitor de campa\u00f1a de MemberPress sirve como la soluci\u00f3n por excelencia para las empresas que buscan elevar sus esfuerzos de marketing por correo electr\u00f3nico y supervisar eficazmente la gesti\u00f3n de sus sitios de membres\u00eda. Al adoptar el monitor de campa\u00f1a de MemberPress, innegablemente impulsar\u00e1 sus estrategias de marketing por correo electr\u00f3nico a alturas incomparables y presenciar\u00e1 una mejora profunda en sus tasas de conversi\u00f3n.<\/p>\n<ul>\n<li>Integraci\u00f3n entre MemberPress y Monitor de campa\u00f1a<\/li>\n<li>Enviar campa\u00f1as de correo electr\u00f3nico espec\u00edficas a miembros espec\u00edficos de MemberPress<\/li>\n<li>Sincroniza autom\u00e1ticamente los datos de los miembros entre MemberPress y Campaign Monitor<\/li>\n<li>Cree plantillas de correo electr\u00f3nico personalizadas con el constructor de arrastre y ca\u00edda del monitor de campa\u00f1a<\/li>\n<li>Ver estad\u00edsticas y an\u00e1lisis de campa\u00f1a de correo electr\u00f3nico dentro del monitor de la campa\u00f1a<\/li>\n<li>Aumento de la participaci\u00f3n del cliente a trav\u00e9s de campa\u00f1as de correo electr\u00f3nico personalizadas<\/li>\n<li>Los esfuerzos de marketing simplificados con integraci\u00f3n directa entre dos plataformas.<\/li>\n<\/ul>\n","protected":false},"excerpt":{"rendered":"<p>Con la notable integraci\u00f3n del monitor de campa\u00f1a MemberPress, tiene la capacidad invaluable de incorporar a la perfecci\u00f3n su sitio de membres\u00eda con sus esfuerzos de marketing por correo electr\u00f3nico, logrando as\u00ed una sincronizaci\u00f3n armoniosa entre los dos. Esta integraci\u00f3n perfecta garantiza efectivamente que los miembros se agregan o eliminan sin esfuerzo de las listas de su monitor de campa\u00f1a de acuerdo con su estado de membres\u00eda, simplificando as\u00ed enormemente la gesti\u00f3n de sus comunicaciones por correo electr\u00f3nico y facilitando la expansi\u00f3n de su negocio. No pierda el tiempo, se embarque en este viaje transformador hoy y racionaliza sin esfuerzo sus comunicaciones de miembros, aportando una facilidad y eficiencia incomparables a sus operaciones.<\/p>\n","protected":false},"featured_media":166743,"comment_status":"open","ping_status":"open","template":"","meta":[],"product_brand":[2496],"product_cat":[1325,1206,1211],"product_tag":[1327],"class_list":{"0":"post-115813","1":"product","2":"type-product","3":"status-publish","4":"has-post-thumbnail","6":"product_brand-memberpress","7":"product_cat-afiliacion","8":"product_cat-plugins","9":"product_cat-wordpress-plugins","10":"product_tag-memberpress","11":"member-discount","12":"discount-restricted","14":"first","15":"instock","16":"sale","17":"downloadable","18":"virtual","19":"sold-individually","20":"purchasable","21":"product-type-simple"},"_links":{"self":[{"href":"https:\/\/gpl-love.com\/es\/wp-json\/wp\/v2\/product\/115813","targetHints":{"allow":["GET"]}}],"collection":[{"href":"https:\/\/gpl-love.com\/es\/wp-json\/wp\/v2\/product"}],"about":[{"href":"https:\/\/gpl-love.com\/es\/wp-json\/wp\/v2\/types\/product"}],"replies":[{"embeddable":true,"href":"https:\/\/gpl-love.com\/es\/wp-json\/wp\/v2\/comments?post=115813"}],"wp:featuredmedia":[{"embeddable":true,"href":"https:\/\/gpl-love.com\/es\/wp-json\/wp\/v2\/media\/166743"}],"wp:attachment":[{"href":"https:\/\/gpl-love.com\/es\/wp-json\/wp\/v2\/media?parent=115813"}],"wp:term":[{"taxonomy":"product_brand","embeddable":true,"href":"https:\/\/gpl-love.com\/es\/wp-json\/wp\/v2\/product_brand?post=115813"},{"taxonomy":"product_cat","embeddable":true,"href":"https:\/\/gpl-love.com\/es\/wp-json\/wp\/v2\/product_cat?post=115813"},{"taxonomy":"product_tag","embeddable":true,"href":"https:\/\/gpl-love.com\/es\/wp-json\/wp\/v2\/product_tag?post=115813"}],"curies":[{"name":"wp","href":"https:\/\/api.w.org\/{rel}","templated":true}]}}