{"id":115811,"date":"2026-04-10T00:00:00","date_gmt":"2026-04-10T05:00:00","guid":{"rendered":"http:\/\/gpl-love.com\/es\/?post_type=product&#038;p=115811"},"modified":"2026-04-10T11:16:03","modified_gmt":"2026-04-10T16:16:03","slug":"memberpress-aweber","status":"publish","type":"product","link":"https:\/\/gpl-love.com\/es\/producto\/memberpress-aweber\/","title":{"rendered":"MemberPress AWeber 1.1.8"},"content":{"rendered":"<h3>MemberPress AWeber Caracteristicas<\/h3>\n<p>MemberPress Aweber, un complemento de membres\u00eda incre\u00edblemente robusto, se integra perfectamente con la estimada plataforma Aweber, aumentando efectivamente sus esfuerzos de marketing por correo electr\u00f3nico. Pertinentemente, las personas que visitan su sitio web pueden registrarse sin esfuerzo, renovar o incluso rescindir sus membres\u00edas, ya que esta integraci\u00f3n innovadora las inscribe r\u00e1pidamente en sus listas de correo electr\u00f3nico de Aweber meticulosamente seleccionadas, lo que resulta en iniciativas de marketing astutas y espec\u00edficas. Adem\u00e1s, esta uni\u00f3n fenomenal le brinda la invaluable oportunidad de analizar y diseccionar meticulosamente el rendimiento de sus campa\u00f1as de marketing por correo electr\u00f3nico a trav\u00e9s de informes completos y un intrincado an\u00e1lisis de datos. Al aprovechar las capacidades incomparables de MemberPress Aweber, puede racionalizar eficazmente sus procesos de membres\u00eda y marketing por correo electr\u00f3nico, impulsando as\u00ed a su negocio hacia el crecimiento exponencial y el logro de sus altos objetivos.<\/p>\n<ul>\n<li>Integraci\u00f3n perfecta entre MemberPress y Aweber<\/li>\n<li>Automatizar el proceso de agregar miembros a las listas de correo electr\u00f3nico de Aweber<\/li>\n<li>Permite el marketing por correo electr\u00f3nico dirigido a grupos de membres\u00eda espec\u00edficos<\/li>\n<li>Rastrea el rendimiento de la campa\u00f1a del correo electr\u00f3nico con an\u00e1lisis detallados<\/li>\n<li>Proporciona una experiencia de gesti\u00f3n de membres\u00eda sin problemas<\/li>\n<li>Promueve el compromiso y la comunicaci\u00f3n con los miembros a trav\u00e9s de correos electr\u00f3nicos espec\u00edficos<\/li>\n<li>Permite la entrega de contenido personalizado a diferentes niveles de membres\u00eda<\/li>\n<li>Ahorra tiempo y esfuerzo de la entrada manual de entrada de datos y la gesti\u00f3n de la lista de correo electr\u00f3nico<\/li>\n<li>Mejora la gesti\u00f3n de la relaci\u00f3n con el cliente para una mejor retenci\u00f3n y lealtad<\/li>\n<li>Empodera a las empresas para aumentar su base de membres\u00eda e ingresos a trav\u00e9s de un marketing de correo electr\u00f3nico efectivo.<\/li>\n<\/ul>\n","protected":false},"excerpt":{"rendered":"<p>MiemberPress Aweber se presenta como una integraci\u00f3n extremadamente robusta, una que facilita la conexi\u00f3n perfecta entre su sitio de membres\u00eda y la herramienta de marketing por correo electr\u00f3nico ampliamente aclamada, Aweber. La integraci\u00f3n en cuesti\u00f3n le permite automatizar sin esfuerzo el proceso de incorporaci\u00f3n de los miembros, desarrollar campa\u00f1as de correo electr\u00f3nico cuidadosamente adaptadas y monitorear meticulosamente los niveles de participaci\u00f3n exhibidos por sus estimados miembros con su contenido altamente valioso. Al adoptar esta integraci\u00f3n, inevitablemente adquirir\u00e1 un mayor grado de dominio sobre la experiencia de membres\u00eda que ofrece, aumentando simult\u00e1neamente el alcance de su alcance de marketing por correo electr\u00f3nico a trav\u00e9s de la destreza indudable de MemberPress Aweber.<\/p>\n","protected":false},"featured_media":166740,"comment_status":"open","ping_status":"open","template":"","meta":[],"product_brand":[2496],"product_cat":[1325,1206,1211],"product_tag":[1327],"class_list":{"0":"post-115811","1":"product","2":"type-product","3":"status-publish","4":"has-post-thumbnail","6":"product_brand-memberpress","7":"product_cat-afiliacion","8":"product_cat-plugins","9":"product_cat-wordpress-plugins","10":"product_tag-memberpress","11":"member-discount","12":"discount-restricted","14":"first","15":"instock","16":"sale","17":"downloadable","18":"virtual","19":"sold-individually","20":"purchasable","21":"product-type-simple"},"_links":{"self":[{"href":"https:\/\/gpl-love.com\/es\/wp-json\/wp\/v2\/product\/115811","targetHints":{"allow":["GET"]}}],"collection":[{"href":"https:\/\/gpl-love.com\/es\/wp-json\/wp\/v2\/product"}],"about":[{"href":"https:\/\/gpl-love.com\/es\/wp-json\/wp\/v2\/types\/product"}],"replies":[{"embeddable":true,"href":"https:\/\/gpl-love.com\/es\/wp-json\/wp\/v2\/comments?post=115811"}],"wp:featuredmedia":[{"embeddable":true,"href":"https:\/\/gpl-love.com\/es\/wp-json\/wp\/v2\/media\/166740"}],"wp:attachment":[{"href":"https:\/\/gpl-love.com\/es\/wp-json\/wp\/v2\/media?parent=115811"}],"wp:term":[{"taxonomy":"product_brand","embeddable":true,"href":"https:\/\/gpl-love.com\/es\/wp-json\/wp\/v2\/product_brand?post=115811"},{"taxonomy":"product_cat","embeddable":true,"href":"https:\/\/gpl-love.com\/es\/wp-json\/wp\/v2\/product_cat?post=115811"},{"taxonomy":"product_tag","embeddable":true,"href":"https:\/\/gpl-love.com\/es\/wp-json\/wp\/v2\/product_tag?post=115811"}],"curies":[{"name":"wp","href":"https:\/\/api.w.org\/{rel}","templated":true}]}}