{"id":115809,"date":"2026-04-10T00:00:00","date_gmt":"2026-04-10T05:00:00","guid":{"rendered":"http:\/\/gpl-love.com\/es\/?post_type=product&#038;p=115809"},"modified":"2026-04-10T11:16:02","modified_gmt":"2026-04-10T16:16:02","slug":"memberpress-amazon-web-services-aws","status":"publish","type":"product","link":"https:\/\/gpl-love.com\/es\/producto\/memberpress-amazon-web-services-aws\/","title":{"rendered":"MemberPress Amazon Web Services (AWS) 1.3.9"},"content":{"rendered":"<h3>MemberPress Amazon Web Services (AWS) Caracteristicas<\/h3>\n<p>El MemberPress Amazon Web Services (AWS) es una herramienta de gesti\u00f3n de membres\u00eda incre\u00edblemente robusta e integral que aprovecha efectivamente las capacidades completas de AWS para proporcionar a los usuarios una experiencia de membres\u00eda sin igual. Este notable producto permite a los usuarios crear y administrar sin esfuerzo los sitios de membres\u00eda, al tiempo que garantiza que los pagos se manejen de manera muy segura. Adem\u00e1s, MemberPress AWS otorga a los usuarios la extraordinaria capacidad de ofrecer exclusivamente a sus valiosos miembros acceso a contenido exclusivo. La infraestructura de AWS, que admite esta herramienta excepcional, garantiza la escalabilidad, la confiabilidad y la m\u00e1xima seguridad, inculcando as\u00ed a los usuarios una sensaci\u00f3n de tranquilidad sabiendo que su sitio funcionar\u00e1 constantemente sin problemas y sin ninguna interrupci\u00f3n. Para mejorar a\u00fan m\u00e1s la funcionalidad, los usuarios pueden integrar de manera conveniente y sin esfuerzo a los AWPress con otros servicios notables de AWS, como S3, CloudFront y Lambda. En resumen, este producto notable y excepcional es una opci\u00f3n superlativa para las empresas que buscan implementar un sitio de membres\u00eda que no solo priorice la seguridad, sino tambi\u00e9n la escalabilidad.<\/p>\n<ul>\n<li>Integra sin problemas MemberPress con Amazon Web Services, una de las principales plataformas de computaci\u00f3n en la nube del mundo<\/li>\n<li>Maximice la flexibilidad y la escalabilidad de su sitio de membres\u00eda utilizando los recursos de AWS<\/li>\n<li>Administrar y automatizar f\u00e1cilmente varias tareas, como el mantenimiento del servidor y las copias de seguridad.<\/li>\n<li>Utilice las funciones de seguridad de AWS para una mejor protecci\u00f3n de los datos y la privacidad de su sitio de membres\u00eda<\/li>\n<li>Disfrute de un rendimiento confiable y de alta velocidad, incluso durante las cargas m\u00e1ximas, gracias a la poderosa infraestructura de AWS<\/li>\n<li>Reciba un apoyo integral de nuestro equipo de expertos, con experiencia tanto en MemberPress como en AWS<\/li>\n<li>Personalice su configuraci\u00f3n de AWS para adaptarse a los requisitos y objetivos de su sitio de membres\u00eda \u00fanicos<\/li>\n<li>Agilice la administraci\u00f3n de su sitio de membres\u00eda y elimine los dolores de cabeza t\u00e9cnicos con la integraci\u00f3n de MemberPress AWS.<\/li>\n<\/ul>\n","protected":false},"excerpt":{"rendered":"<p>MemberPress Amazon Web Services (AWS) es una soluci\u00f3n de software inmensamente robusta que facilita la integraci\u00f3n perfecta entre MemberPress y AWS, lo que resulta en una sinergia incomparable. Esta notable integraci\u00f3n faculta a los usuarios almacenar de forma segura todos sus datos y archivos de membres\u00eda dentro del servicio de almacenamiento Amazon S3 basado en la nube S3 de manera impregnable y confiable. Al aprovechar el poder de este software, los usuarios pueden capitalizar de manera \u00f3ptima en las funcionalidades de disponibilidad, durabilidad y escalabilidad extraordinariamente de AWS, asegurando as\u00ed que su sitio de membres\u00eda funcione perpetuamente con una suavidad incomparable al tiempo que garantiza que sus datos invaluables sigan siendo impermeables a cualquier posible infracci\u00f3n de seguridad. Adem\u00e1s, los usuarios pueden navegar sin esfuerzo y administrar eficientemente su sitio de membres\u00eda a trav\u00e9s del panel de control MemberPress notablemente f\u00e1cil de usar e intuitivamente dise\u00f1ado intuitivamente, que se fusiona sin problemas con AWS. En general, el rendimiento excepcional y la confiabilidad inquebrantable de MemberPress AWS lo convierten en una herramienta indispensable para cualquier propietario del sitio de membres\u00eda exigente que est\u00e9 comprometido a lograr un \u00e9xito rotundo.<\/p>\n","protected":false},"featured_media":166739,"comment_status":"open","ping_status":"open","template":"","meta":[],"product_brand":[2496],"product_cat":[1325,1206,1211],"product_tag":[1327],"class_list":{"0":"post-115809","1":"product","2":"type-product","3":"status-publish","4":"has-post-thumbnail","6":"product_brand-memberpress","7":"product_cat-afiliacion","8":"product_cat-plugins","9":"product_cat-wordpress-plugins","10":"product_tag-memberpress","11":"member-discount","12":"discount-restricted","14":"first","15":"instock","16":"sale","17":"downloadable","18":"virtual","19":"sold-individually","20":"purchasable","21":"product-type-simple"},"_links":{"self":[{"href":"https:\/\/gpl-love.com\/es\/wp-json\/wp\/v2\/product\/115809","targetHints":{"allow":["GET"]}}],"collection":[{"href":"https:\/\/gpl-love.com\/es\/wp-json\/wp\/v2\/product"}],"about":[{"href":"https:\/\/gpl-love.com\/es\/wp-json\/wp\/v2\/types\/product"}],"replies":[{"embeddable":true,"href":"https:\/\/gpl-love.com\/es\/wp-json\/wp\/v2\/comments?post=115809"}],"wp:featuredmedia":[{"embeddable":true,"href":"https:\/\/gpl-love.com\/es\/wp-json\/wp\/v2\/media\/166739"}],"wp:attachment":[{"href":"https:\/\/gpl-love.com\/es\/wp-json\/wp\/v2\/media?parent=115809"}],"wp:term":[{"taxonomy":"product_brand","embeddable":true,"href":"https:\/\/gpl-love.com\/es\/wp-json\/wp\/v2\/product_brand?post=115809"},{"taxonomy":"product_cat","embeddable":true,"href":"https:\/\/gpl-love.com\/es\/wp-json\/wp\/v2\/product_cat?post=115809"},{"taxonomy":"product_tag","embeddable":true,"href":"https:\/\/gpl-love.com\/es\/wp-json\/wp\/v2\/product_tag?post=115809"}],"curies":[{"name":"wp","href":"https:\/\/api.w.org\/{rel}","templated":true}]}}