{"id":115807,"date":"2022-02-25T00:00:00","date_gmt":"2022-02-25T05:00:00","guid":{"rendered":"http:\/\/gpl-love.com\/es\/?post_type=product&#038;p=115807"},"modified":"2026-03-09T07:49:49","modified_gmt":"2026-03-09T12:49:49","slug":"memberpress-affiliate-royale","status":"publish","type":"product","link":"https:\/\/gpl-love.com\/es\/producto\/memberpress-affiliate-royale\/","title":{"rendered":"MemberPress Affiliate Royale 1.4.15"},"content":{"rendered":"<h3>MemberPress Affiliate Royale Caracteristicas<\/h3>\n<p>La afiliada de MemberPress, Royale, una herramienta robusta y altamente efectiva, ha sido meticulosamente elaborada para empoderar a las empresas en su b\u00fasqueda para aumentar los ingresos a trav\u00e9s del potente medio de marketing de afiliaci\u00f3n. Este software excepcional confiere a sus usuarios la capacidad de forjar y supervisar sin esfuerzo sus propios programas de afiliados, lo que les permite proporcionar incentivos convincentes para que las personas o establecimientos promovieran activamente sus productos o servicios. Integrado sin problemas con MemberPress, este software optimiza el proceso de monitoreo y gesti\u00f3n de comisiones y pagos de afiliados. Adem\u00e1s, los usuarios reciben una variedad de recursos y funcionalidades invaluables para facilitar el reclutamiento de nuevos afiliados. Estos recursos incluyen formularios personalizables para el registro de afiliados, campa\u00f1as de correo electr\u00f3nico automatizadas y capacidades detalladas de an\u00e1lisis e informes. En esencia, el afiliado de la MemberPress, Royale, se destaca como un activo indispensable para cualquier empresa que se esfuerza por fomentar el crecimiento de los ingresos a trav\u00e9s de la implementaci\u00f3n estrat\u00e9gica del marketing afiliado.<\/p>\n<ul>\n<li>Servir el marketing de afiliados para los usuarios de MemberPress<\/li>\n<li>Permite a los usuarios crear enlaces de referencia \u00fanicos para sus afiliados<\/li>\n<li>Pistas clics y conversiones de enlaces de referencia<\/li>\n<li>Ofrece un tablero de afiliados personalizable para los afiliados para rastrear sus progresos y ganancias<\/li>\n<li>Proporciona informes y an\u00e1lisis detallados sobre el rendimiento de los afiliados<\/li>\n<li>Permite pagos manuales o de afiliados automatizados<\/li>\n<li>Se integra a la perfecci\u00f3n con MemberPress y otros complementos populares de WordPress<\/li>\n<li>Ofrece m\u00faltiples estructuras de comisiones y opciones de pago<\/li>\n<li>Proporciona una excelente atenci\u00f3n al cliente y recursos para las estrategias de marketing de afiliaci\u00f3n.<\/li>\n<\/ul>\n","protected":false},"excerpt":{"rendered":"<p>El afiliado de MemberPress Royale es un complemento incre\u00edblemente robusto que ofrece a los propietarios de sitios web la capacidad de crear y administrar efectivamente su propio programa de afiliados. Esta notable herramienta faculta a los usuarios para reclutar y gestionar sin esfuerzo a los afiliados, rastrear diligentemente su rendimiento excepcional y, posteriormente, generar informes altamente informativos. Adem\u00e1s, se integra sin problemas con MemberPress, lo que facilita la gesti\u00f3n simplificada de todas las facetas de su negocio en l\u00ednea convenientemente en una ubicaci\u00f3n singular. Independientemente de si sus actividades profesionales implican blogs, venta minorista en l\u00ednea o incluso emprendimiento digital, las notables capacidades de la afiliada de MemberPress Royale pueden ayudarlo indudablemente a maximizar su potencial de ventas, sino tambi\u00e9n alimentar el crecimiento exponencial de sus esfuerzos comerciales.<\/p>\n","protected":false},"featured_media":166738,"comment_status":"open","ping_status":"open","template":"","meta":[],"product_brand":[2496],"product_cat":[1325,1206,1211],"product_tag":[1327],"class_list":{"0":"post-115807","1":"product","2":"type-product","3":"status-publish","4":"has-post-thumbnail","6":"product_brand-memberpress","7":"product_cat-afiliacion","8":"product_cat-plugins","9":"product_cat-wordpress-plugins","10":"product_tag-memberpress","11":"member-discount","12":"discount-restricted","14":"first","15":"instock","16":"sale","17":"downloadable","18":"virtual","19":"sold-individually","20":"purchasable","21":"product-type-simple"},"_links":{"self":[{"href":"https:\/\/gpl-love.com\/es\/wp-json\/wp\/v2\/product\/115807","targetHints":{"allow":["GET"]}}],"collection":[{"href":"https:\/\/gpl-love.com\/es\/wp-json\/wp\/v2\/product"}],"about":[{"href":"https:\/\/gpl-love.com\/es\/wp-json\/wp\/v2\/types\/product"}],"replies":[{"embeddable":true,"href":"https:\/\/gpl-love.com\/es\/wp-json\/wp\/v2\/comments?post=115807"}],"wp:featuredmedia":[{"embeddable":true,"href":"https:\/\/gpl-love.com\/es\/wp-json\/wp\/v2\/media\/166738"}],"wp:attachment":[{"href":"https:\/\/gpl-love.com\/es\/wp-json\/wp\/v2\/media?parent=115807"}],"wp:term":[{"taxonomy":"product_brand","embeddable":true,"href":"https:\/\/gpl-love.com\/es\/wp-json\/wp\/v2\/product_brand?post=115807"},{"taxonomy":"product_cat","embeddable":true,"href":"https:\/\/gpl-love.com\/es\/wp-json\/wp\/v2\/product_cat?post=115807"},{"taxonomy":"product_tag","embeddable":true,"href":"https:\/\/gpl-love.com\/es\/wp-json\/wp\/v2\/product_tag?post=115807"}],"curies":[{"name":"wp","href":"https:\/\/api.w.org\/{rel}","templated":true}]}}