{"id":115757,"date":"2023-03-10T00:00:00","date_gmt":"2023-03-10T05:00:00","guid":{"rendered":"http:\/\/gpl-love.com\/es\/?post_type=product&#038;p=115757"},"modified":"2026-03-13T17:23:25","modified_gmt":"2026-03-13T22:23:25","slug":"landpick-multipurpose-landing-pages-wordpress-theme","status":"publish","type":"product","link":"https:\/\/gpl-love.com\/es\/producto\/landpick-multipurpose-landing-pages-wordpress-theme\/","title":{"rendered":"Landpick Multipurpose Landing Pages WordPress Theme 1.4.9"},"content":{"rendered":"<h3>Landpick Multipurpose Landing Pages WordPress Theme Caracteristicas<\/h3>\n<p>Las p\u00e1ginas de destino de m\u00faltiples puestos m\u00faltiples de los pilas de cables, el tema de WordPress, con su abundante versatilidad e interfaz f\u00e1cil de usar, sirve como un instrumento valioso para los usuarios que buscan fabricar p\u00e1ginas de destino de primer nivel para sus sitios web. Armado con una variedad de plantillas personalizables y un impresionante repertorio de caracter\u00edsticas, este tema agiliza el proceso de elaboraci\u00f3n de p\u00e1ginas altamente optimizadas orientadas a la maximizaci\u00f3n de las tasas de conversi\u00f3n. Adem\u00e1s, este tema puede satisfacer una multitud de prop\u00f3sitos, incluidos, entre otros, la generaci\u00f3n de leads, los lanzamientos de productos y m\u00e1s all\u00e1. Independientemente de su nivel de especializaci\u00f3n en el desarrollo web, el tema de la palanca de tierra ofrece una amplia variedad de herramientas y recursos para facilitar la realizaci\u00f3n del m\u00e1ximo potencial de sus p\u00e1ginas de destino. Garantiza que su sitio web no solo sea visualmente cautivador sino tambi\u00e9n funcionalmente eficiente. Si te encuentras en la b\u00fasqueda de una soluci\u00f3n influyente y maleable de la p\u00e1gina de destino, \u00a1las p\u00e1ginas de aterrizaje de m\u00faltiples puestos m\u00faltiples del mochila de WordPress, es inequ\u00edvocamente tu opci\u00f3n ideal!<\/p>\n<ul>\n<li>Tema de WordPress altamente vers\u00e1til adecuado para crear p\u00e1ginas de destino impresionantes y efectivas para diversos fines<\/li>\n<li>Viene con m\u00e1s de 30 plantillas preconstruidas que atienden a una amplia gama de industrias<\/li>\n<li>El editor intuitivo de arrastrar y soltar permite ajustes de personalizaci\u00f3n y dise\u00f1o sin esfuerzo incluso sin conocimiento previo de codificaci\u00f3n<\/li>\n<li>Construido con la optimizaci\u00f3n de SEO en mente, lo que permite que sus p\u00e1ginas se clasifiquen m\u00e1s en los resultados del motor de b\u00fasqueda<\/li>\n<li>El dise\u00f1o receptivo garantiza que sus p\u00e1ginas de destino se vean muy bien en todos los dispositivos y tama\u00f1os de pantalla<\/li>\n<li>Incluye capacidades de generaci\u00f3n de leads a trav\u00e9s de formularios integrados e integraci\u00f3n con las principales herramientas de marketing por correo electr\u00f3nico<\/li>\n<li>Admite la integraci\u00f3n con varias aplicaciones de terceros para la m\u00e1xima funcionalidad y conveniencia<\/li>\n<li>Incluye documentaci\u00f3n integral y apoyo confiable del equipo de sello terrestre para garantizar una implementaci\u00f3n y mantenimiento sin problemas<\/li>\n<li>Actualizado regularmente con nuevas caracter\u00edsticas y mejoras para mantenerse al d\u00eda con las \u00faltimas tendencias de dise\u00f1o web y las mejores pr\u00e1cticas.<\/li>\n<\/ul>\n","protected":false},"excerpt":{"rendered":"<p>Landpick es un tema de WordPress notablemente multifac\u00e9tico que se ha creado meticulosamente para permitir la creaci\u00f3n de p\u00e1ginas de destino que poseen una extra\u00f1a capacidad para convertir a los espectadores en clientes en una amplia gama de industrias, incluidas, entre otras, startups, aplicaciones m\u00f3viles y empresas SAAs, entre otros. A trav\u00e9s de la utilizaci\u00f3n de su constructor de drag -idos y drogas notablemente intuitivos y f\u00e1ciles de usar, los usuarios est\u00e1n facultados sin esfuerzo para personalizar y adaptar el dise\u00f1o y el dise\u00f1o de su p\u00e1gina de destino para adaptarse a sus preferencias y especificaciones individuales en cuesti\u00f3n de solo minutos. Adem\u00e1s, el sello terrestre otorga a los usuarios acceso a una amplia variedad de bloques y plantillas predise\u00f1ados que pueden integrarse sin problemas en su p\u00e1gina de destino, lo que les permite integrar y modificar elementos sin problemas como botones CTA, formularios y tablas de precios con la m\u00e1xima facilidad. Adem\u00e1s, vale la pena se\u00f1alar que el palillo de terreno ha sido minuciosamente optimizado para garantizar una velocidad excepcional y una excelente optimizaci\u00f3n de motores de b\u00fasqueda, lo que garantiza que sus p\u00e1ginas de destino se cargar\u00e1n con una rapidez excepcional y alcanzar\u00e1n clasificaciones de nivel superior en las p\u00e1ginas de resultados del motor de b\u00fasqueda. Al capitalizar las innumerables ventajas ofrecidas por el horno, los usuarios pueden crear con confianza p\u00e1ginas de destino que poseen una capacidad incomparable para convertir a los espectadores en clientes, facilitando as\u00ed el crecimiento exponencial y la prosperidad de sus esfuerzos comerciales.<\/p>\n","protected":false},"featured_media":166567,"comment_status":"open","ping_status":"open","template":"","meta":[],"product_brand":[2337],"product_cat":[1267,1237,1238],"product_tag":[1391],"class_list":{"0":"post-115757","1":"product","2":"type-product","3":"status-publish","4":"has-post-thumbnail","6":"product_brand-themeforest","7":"product_cat-creativo","8":"product_cat-temas","9":"product_cat-wordpress-temas","10":"product_tag-themeforest","11":"member-discount","12":"discount-restricted","14":"first","15":"instock","16":"sale","17":"downloadable","18":"virtual","19":"sold-individually","20":"purchasable","21":"product-type-simple"},"_links":{"self":[{"href":"https:\/\/gpl-love.com\/es\/wp-json\/wp\/v2\/product\/115757","targetHints":{"allow":["GET"]}}],"collection":[{"href":"https:\/\/gpl-love.com\/es\/wp-json\/wp\/v2\/product"}],"about":[{"href":"https:\/\/gpl-love.com\/es\/wp-json\/wp\/v2\/types\/product"}],"replies":[{"embeddable":true,"href":"https:\/\/gpl-love.com\/es\/wp-json\/wp\/v2\/comments?post=115757"}],"wp:featuredmedia":[{"embeddable":true,"href":"https:\/\/gpl-love.com\/es\/wp-json\/wp\/v2\/media\/166567"}],"wp:attachment":[{"href":"https:\/\/gpl-love.com\/es\/wp-json\/wp\/v2\/media?parent=115757"}],"wp:term":[{"taxonomy":"product_brand","embeddable":true,"href":"https:\/\/gpl-love.com\/es\/wp-json\/wp\/v2\/product_brand?post=115757"},{"taxonomy":"product_cat","embeddable":true,"href":"https:\/\/gpl-love.com\/es\/wp-json\/wp\/v2\/product_cat?post=115757"},{"taxonomy":"product_tag","embeddable":true,"href":"https:\/\/gpl-love.com\/es\/wp-json\/wp\/v2\/product_tag?post=115757"}],"curies":[{"name":"wp","href":"https:\/\/api.w.org\/{rel}","templated":true}]}}