{"id":115755,"date":"2021-08-06T00:00:00","date_gmt":"2021-08-06T05:00:00","guid":{"rendered":"http:\/\/gpl-love.com\/es\/?post_type=product&#038;p=115755"},"modified":"2026-04-10T11:17:20","modified_gmt":"2026-04-10T16:17:20","slug":"multipurpose-business-wordpress-tema-front","status":"publish","type":"product","link":"https:\/\/gpl-love.com\/es\/producto\/multipurpose-business-wordpress-tema-front\/","title":{"rendered":"Multipurpose Business WordPress Tema Front 1.1.8"},"content":{"rendered":"<h3>Multipurpose Business WordPress Tema Front Caracteristicas<\/h3>\n<p>El tema del tema de WordPress de negocios multiprop\u00f3sito es un tema incre\u00edblemente vers\u00e1til y altamente personalizable que ha sido meticulosamente dise\u00f1ado para atender a empresas de todas las formas y tama\u00f1os. Con una est\u00e9tica de vanguardia e innegablemente pulida, este tema combina sin problemas la modernidad con la profesionalidad, lo que resulta en un sitio web visualmente cautivador que seguramente dejar\u00e1 una impresi\u00f3n duradera en los visitantes. Sin embargo, lo que realmente distingue a este tema es su facilidad de uso incomparable, asegurando que incluso aquellos con destreza t\u00e9cnica limitada puedan navegar sin esfuerzo su interfaz intuitiva.<\/p>\n<p>Uno de los aspectos m\u00e1s notables de este tema es su extensa gama de opciones de personalizaci\u00f3n, lo que le permite personalizar cada aspecto de su sitio web para alinearse perfectamente con la identidad \u00fanica de su marca. Desde una variedad de diversas opciones de dise\u00f1o hasta una gran cantidad de impresionantes esquemas de color y opciones de fuentes, las posibilidades de personalizaci\u00f3n son pr\u00e1cticamente ilimitadas. En consecuencia, su sitio web exudar\u00e1 una est\u00e9tica cohesiva e inequ\u00edvocamente de marca que seguramente cautivar\u00e1 e involucrar\u00e1 a su p\u00fablico objetivo.<\/p>\n<p>Adem\u00e1s, el tema del tema de WordPress comercial multiprop\u00f3sito est\u00e1 equipado con un dise\u00f1o totalmente receptivo, adapt\u00e1ndose perfectamente a cualquier tama\u00f1o de pantalla. Esto significa que su sitio web se ver\u00e1 igualmente impresionante si se est\u00e1 viendo en un escritorio, tableta o dispositivo m\u00f3vil. Con la prevalencia cada vez mayor de la navegaci\u00f3n m\u00f3vil, esta caracter\u00edstica es absolutamente esencial para garantizar una experiencia de usuario positiva y una presentaci\u00f3n visual consistentemente impresionante.<\/p>\n<p>Adem\u00e1s de su dise\u00f1o impecable y su costumbre extraordinaria, el frente de tema de WordPress comercial multiprop\u00f3sito tambi\u00e9n ofrece una amplia gama de widgets y complementos que pueden integrarse sin esfuerzo en su sitio web, proporcionando una funcionalidad mejorada y una experiencia de usuario a\u00fan m\u00e1s inmersiva. Estas herramientas invaluables le permiten incorporar sin esfuerzo una amplia variedad de caracter\u00edsticas y elementos que sin duda elevar\u00e1n su sitio web a nuevas alturas de sofisticaci\u00f3n e interactividad.<\/p>\n<p>En general, la flexibilidad excepcional, la facilidad de uso y la riqueza de caracter\u00edsticas poderosas que el tema del tema de WordPress de negocios multiprop\u00f3sito brinda a la mesa, lo que lo convierte en una opci\u00f3n impecable para cualquier negocio exigente que busque establecer una presencia en l\u00ednea formidable e impactante. Con este tema como base digital, las posibilidades de \u00e9xito y crecimiento son ilimitadas.<\/p>\n<ul>\n<li>Dise\u00f1o altamente vers\u00e1til y adaptable para varios sitios web de negocios<\/li>\n<li>Dise\u00f1o totalmente receptivo y amigable para m\u00f3viles<\/li>\n<li>Constructor de p\u00e1gina de arrastre y suelto intuitivos para una f\u00e1cil personalizaci\u00f3n<\/li>\n<li>Numerosas plantillas predise\u00f1adas para una configuraci\u00f3n r\u00e1pida<\/li>\n<li>Integraci\u00f3n perfecta con complementos populares como WooCommerce y el Formulario de contacto 7<\/li>\n<li>Caracter\u00edsticas de optimizaci\u00f3n de SEO incorporadas para una mejor clasificaci\u00f3n del motor de b\u00fasqueda<\/li>\n<li>Panel de opciones de temas avanzados para un control extenso sobre la apariencia del sitio web<\/li>\n<li>Documentaci\u00f3n integral y atenci\u00f3n al cliente r\u00e1pida<\/li>\n<li>Actualizaciones y mejoras regulares para la \u00faltima tecnolog\u00eda y tendencias<\/li>\n<li>Precios asequibles con licencia de uso de por vida<\/li>\n<\/ul>\n","protected":false},"excerpt":{"rendered":"<p>El tema de WordPress de negocios multiprop\u00f3sito delantero es una soluci\u00f3n de dise\u00f1o altamente vers\u00e1til y multifuncional que atiende a empresas de todos los tama\u00f1os. Cuenta con un dise\u00f1o limpio y contempor\u00e1neo, lo que lo hace ideal para presentar de manera efectiva su gama de productos y servicios de manera atractiva y profesional. Este tema ofrece una variedad de secciones personalizables, como un control deslizante de la p\u00e1gina de inicio cautivador, una secci\u00f3n informativa de perfil de equipo, una galer\u00eda de productos visualmente atractiva y mucho m\u00e1s. Adem\u00e1s, este tema se ha optimizado meticulosamente para una velocidad \u00f3ptima, un rendimiento de SEO de primer nivel y una capacidad de respuesta m\u00f3vil perfecta, garantizando as\u00ed una experiencia de usuario incomparable en todos los tipos de dispositivos. Ya sea que sea una startup en ciernes en una necesidad de una presencia en l\u00ednea impactante o una empresa ya bien establecida que busca dar nueva vida a su huella digital, tenga la seguridad de que este tema de WordPress multiprop\u00f3sito est\u00e1 bien equipado para satisfacer todas sus necesidades.<\/p>\n","protected":false},"featured_media":166837,"comment_status":"open","ping_status":"open","template":"","meta":[],"product_brand":[2337],"product_cat":[1307,1237,1238],"product_tag":[1391],"class_list":{"0":"post-115755","1":"product","2":"type-product","3":"status-publish","4":"has-post-thumbnail","6":"product_brand-themeforest","7":"product_cat-negocio-wordpress-temas","8":"product_cat-temas","9":"product_cat-wordpress-temas","10":"product_tag-themeforest","11":"member-discount","12":"discount-restricted","14":"first","15":"instock","16":"sale","17":"downloadable","18":"virtual","19":"sold-individually","20":"purchasable","21":"product-type-simple"},"_links":{"self":[{"href":"https:\/\/gpl-love.com\/es\/wp-json\/wp\/v2\/product\/115755","targetHints":{"allow":["GET"]}}],"collection":[{"href":"https:\/\/gpl-love.com\/es\/wp-json\/wp\/v2\/product"}],"about":[{"href":"https:\/\/gpl-love.com\/es\/wp-json\/wp\/v2\/types\/product"}],"replies":[{"embeddable":true,"href":"https:\/\/gpl-love.com\/es\/wp-json\/wp\/v2\/comments?post=115755"}],"wp:featuredmedia":[{"embeddable":true,"href":"https:\/\/gpl-love.com\/es\/wp-json\/wp\/v2\/media\/166837"}],"wp:attachment":[{"href":"https:\/\/gpl-love.com\/es\/wp-json\/wp\/v2\/media?parent=115755"}],"wp:term":[{"taxonomy":"product_brand","embeddable":true,"href":"https:\/\/gpl-love.com\/es\/wp-json\/wp\/v2\/product_brand?post=115755"},{"taxonomy":"product_cat","embeddable":true,"href":"https:\/\/gpl-love.com\/es\/wp-json\/wp\/v2\/product_cat?post=115755"},{"taxonomy":"product_tag","embeddable":true,"href":"https:\/\/gpl-love.com\/es\/wp-json\/wp\/v2\/product_tag?post=115755"}],"curies":[{"name":"wp","href":"https:\/\/api.w.org\/{rel}","templated":true}]}}