{"id":115753,"date":"2025-02-18T00:00:00","date_gmt":"2025-02-18T05:00:00","guid":{"rendered":"http:\/\/gpl-love.com\/es\/?post_type=product&#038;p=115753"},"modified":"2026-03-09T07:33:54","modified_gmt":"2026-03-09T12:33:54","slug":"extended-widget-options-wordpress-widget-control-plugin","status":"publish","type":"product","link":"https:\/\/gpl-love.com\/es\/producto\/extended-widget-options-wordpress-widget-control-plugin\/","title":{"rendered":"Extended Widget Options WordPress Widget Control Plugin 5.2.1"},"content":{"rendered":"<h3>Extended Widget Options WordPress Widget Control Plugin Caracteristicas<\/h3>\n<p>El complemento de control de widgets de WordPress Opciones de widget extendidas es un producto altamente innovador e innovador que ha sido dise\u00f1ado meticulosamente con el \u00fanico prop\u00f3sito de capacitar a los usuarios para ejercer un control completo y completo sobre sus widgets. Este notable complemento facilita efectivamente la adici\u00f3n de una variedad de opciones notablemente avanzadas a los widgets, lo que brinda a los usuarios oportunidades incomparables para curar y adaptar sus widgets a sus especificaciones y preferencias exactas. En particular, esto incluye la capacidad de ocultar ingeniosamente o mostrar notablemente widgets espec\u00edficos en p\u00e1ginas distintas y designadas, la capacidad de personalizar h\u00e1bilmente tanto los t\u00edtulos de los widgets como el contenido, y la oportunidad de imbuir perfectamente cada widget con un estilo distintivo y \u00fanico. Vale la pena destacar que la naturaleza notablemente f\u00e1cil de usar de este complemento asegura que las personas puedan navegar y aprovechar sus innumerables funcionalidades con facilidad consumada, evitando as\u00ed la necesidad de esfuerzos arduos y que requieren mucho tiempo en la gesti\u00f3n de widgets en sus sitios de WordPress. En consecuencia, en virtud del complemento de control de widgets de WordPress de widget extendidos, los usuarios reciben la capacidad incomparable para dise\u00f1ar un sitio web que exude el dinamismo y cautiva a los visitantes, mostrando as\u00ed sin problemas y personificando su marca de una manera que es a la vez convincente y duramente memorable.<\/p>\n<ul>\n<li>Control completo sobre los widgets de WordPress con opciones y configuraciones avanzadas<\/li>\n<li>Asigne f\u00e1cilmente widgets espec\u00edficos a p\u00e1ginas espec\u00edficas o tipos de publicaci\u00f3n personalizados<\/li>\n<li>Personalizar el espaciado y el dise\u00f1o de los widgets con interfaz de arrastrar y soltar<\/li>\n<li>Crear plantillas de widget para un dise\u00f1o consistente en varias p\u00e1ginas<\/li>\n<li>Elija entre m\u00e1s de 50 estilos de widgets predefinidos y personalice con CSS<\/li>\n<li>Agregue clases e IDS CSS personalizadas a widgets para mayores posibilidades de estilo<\/li>\n<li>Configuraci\u00f3n de widget de importaci\u00f3n y exportaci\u00f3n para una f\u00e1cil migraci\u00f3n entre sitios<\/li>\n<li>Compatible con constructores de p\u00e1ginas populares y temas de WordPress<\/li>\n<li>Actualizaciones regulares y atenci\u00f3n al cliente proporcionadas por desarrolladores experimentados.<\/li>\n<\/ul>\n","protected":false},"excerpt":{"rendered":"<p>El complemento de control de widgets de WordPress de widget extendidos, conocido por su funcionalidad incomparable, sirve como un instrumento invaluable para adaptar y personalizar los widgets en su sitio web. Al incorporar este complemento en su marco, obtiene la capacidad de establecer sin esfuerzo configuraciones \u00fanicas para cada widget, que abarca una gran cantidad de atributos que van desde opciones de visibilidad hasta alternativas de contenido, y mucho m\u00e1s. D\u00e9jate despedir con las limitaciones impuestas por los widgets convencionales de WordPress, y adopta c\u00e1lidamente un reino de versatilidad y comandar sin precedentes sobre la apariencia de tu sitio web.<\/p>\n","protected":false},"featured_media":166066,"comment_status":"open","ping_status":"open","template":"","meta":[],"product_brand":[2445],"product_cat":[1214,1206,1211],"product_tag":[2174],"class_list":{"0":"post-115753","1":"product","2":"type-product","3":"status-publish","4":"has-post-thumbnail","6":"product_brand-marketing-fire","7":"product_cat-personalizacion","8":"product_cat-plugins","9":"product_cat-wordpress-plugins","10":"product_tag-marketing-fire","11":"member-discount","12":"discount-restricted","14":"first","15":"instock","16":"sale","17":"downloadable","18":"virtual","19":"sold-individually","20":"purchasable","21":"product-type-simple"},"_links":{"self":[{"href":"https:\/\/gpl-love.com\/es\/wp-json\/wp\/v2\/product\/115753","targetHints":{"allow":["GET"]}}],"collection":[{"href":"https:\/\/gpl-love.com\/es\/wp-json\/wp\/v2\/product"}],"about":[{"href":"https:\/\/gpl-love.com\/es\/wp-json\/wp\/v2\/types\/product"}],"replies":[{"embeddable":true,"href":"https:\/\/gpl-love.com\/es\/wp-json\/wp\/v2\/comments?post=115753"}],"wp:featuredmedia":[{"embeddable":true,"href":"https:\/\/gpl-love.com\/es\/wp-json\/wp\/v2\/media\/166066"}],"wp:attachment":[{"href":"https:\/\/gpl-love.com\/es\/wp-json\/wp\/v2\/media?parent=115753"}],"wp:term":[{"taxonomy":"product_brand","embeddable":true,"href":"https:\/\/gpl-love.com\/es\/wp-json\/wp\/v2\/product_brand?post=115753"},{"taxonomy":"product_cat","embeddable":true,"href":"https:\/\/gpl-love.com\/es\/wp-json\/wp\/v2\/product_cat?post=115753"},{"taxonomy":"product_tag","embeddable":true,"href":"https:\/\/gpl-love.com\/es\/wp-json\/wp\/v2\/product_tag?post=115753"}],"curies":[{"name":"wp","href":"https:\/\/api.w.org\/{rel}","templated":true}]}}