{"id":115751,"date":"2025-12-11T00:00:00","date_gmt":"2025-12-11T05:00:00","guid":{"rendered":"http:\/\/gpl-love.com\/es\/?post_type=product&#038;p=115751"},"modified":"2026-03-09T08:25:14","modified_gmt":"2026-03-09T13:25:14","slug":"woocommerce-sequential-order-numbers-pro","status":"publish","type":"product","link":"https:\/\/gpl-love.com\/es\/producto\/woocommerce-sequential-order-numbers-pro\/","title":{"rendered":"WooCommerce Sequential Order Numbers Pro 1.21.8"},"content":{"rendered":"<h3>WooCommerce Sequential Order Numbers Pro Caracteristicas<\/h3>\n<p>Los n\u00fameros de pedido secuencial de WooCommerce Pro surgen como un complemento muy robusto y altamente personalizable, lo que permite a los usuarios generar sin esfuerzo n\u00fameros de pedido secuenciales y profundamente significativos para su estimada tienda en l\u00ednea. Este complemento excepcional ofrece a los usuarios un proceso de instalaci\u00f3n y configuraci\u00f3n sin problemas, agilizando todo el esfuerzo de configuraci\u00f3n. Con este complemento a su disposici\u00f3n, los usuarios est\u00e1n bendecidos con la capacidad de establecer sin esfuerzo formatos de pedido personalizados, integrar prefijos o sufijos en sus \u00f3rdenes y generar n\u00fameros de pedido meticulosamente secuenciales basados \u200b\u200ben una gran cantidad de criterios finamente ajustados, incluidos, pero no se limitan hasta la fecha, hasta la fecha. , tiempo e identificaci\u00f3n de orden. Adem\u00e1s, este complemento garantiza que cada n\u00famero de pedido generado es absolutamente \u00fanico, lo que facilita el seguimiento f\u00e1cil y la gesti\u00f3n eficiente. En general, los n\u00fameros de pedido secuencial de WooCommerce Pro se manifiestan como la soluci\u00f3n definitiva para discernir a los propietarios de tiendas en l\u00ednea que anhelan elaborar una experiencia de compra eminentemente profesional y meticulosamente organizada para sus invaluables clientes.<\/p>\n<ul>\n<li>Proporciona un sistema de numeraci\u00f3n secuencial para pedidos en WooCommerce<\/li>\n<li>Permite la personalizaci\u00f3n de los formatos y prefijos de n\u00famero de pedido<\/li>\n<li>Mejora la organizaci\u00f3n y el seguimiento de pedidos para empresas<\/li>\n<li>Previene brechas o duplicados en los n\u00fameros de orden para el mantenimiento de registros preciso<\/li>\n<li>Se integra a la perfecci\u00f3n con los procesos de gesti\u00f3n de pedidos y pago de WooCommerce existentes<\/li>\n<li>Ofrece una interfaz f\u00e1cil de usar para una f\u00e1cil configuraci\u00f3n y administraci\u00f3n<\/li>\n<li>Disponible para su uso con pedidos nuevos y existentes en WooCommerce<\/li>\n<li>Optimizar el procesamiento del pedido y minimiza los errores<\/li>\n<li>Ahorra tiempo y esfuerzo automatizando la numeraci\u00f3n de pedidos<\/li>\n<li>Ofrece soporte y actualizaciones confiables para la funcionalidad continua.<\/li>\n<\/ul>\n","protected":false},"excerpt":{"rendered":"<p>El complemento WooCommerce Sequential Order Numbers Pro es una herramienta incre\u00edblemente robusta e influyente que le otorga la capacidad de incorporar los n\u00fameros de pedido secuenciales sin problemas en su tienda WooCommerce. Este complemento sirve para simplificar la gesti\u00f3n de sus pedidos asign\u00e1ndoles n\u00fameros de identificaci\u00f3n distintivos, facilitando as\u00ed a sus clientes para rastrear eficientemente sus respectivos pedidos. Adem\u00e1s, la integraci\u00f3n de este complemento en sus procedimientos de ventas y facturaci\u00f3n es una brisa absoluta. Con su amplia gama de opciones de numeraci\u00f3n personalizables y caracter\u00edsticas avanzadas, este complemento demuestra ser la mejor soluci\u00f3n para lograr un sistema de gesti\u00f3n de fluido y eficiente dentro de su tienda WooCommerce.<\/p>\n","protected":false},"featured_media":168256,"comment_status":"open","ping_status":"open","template":"","meta":[],"product_brand":[2344],"product_cat":[1207,1248,1206],"product_tag":[1423],"class_list":{"0":"post-115751","1":"product","2":"type-product","3":"status-publish","4":"has-post-thumbnail","6":"product_brand-woocommerce","7":"product_cat-comercio-electronico-plugins","8":"product_cat-personalizacion-comercio-electronico-plugins","9":"product_cat-plugins","10":"product_tag-woocommerce","11":"member-discount","12":"discount-restricted","14":"first","15":"instock","16":"sale","17":"downloadable","18":"virtual","19":"sold-individually","20":"purchasable","21":"product-type-simple"},"_links":{"self":[{"href":"https:\/\/gpl-love.com\/es\/wp-json\/wp\/v2\/product\/115751","targetHints":{"allow":["GET"]}}],"collection":[{"href":"https:\/\/gpl-love.com\/es\/wp-json\/wp\/v2\/product"}],"about":[{"href":"https:\/\/gpl-love.com\/es\/wp-json\/wp\/v2\/types\/product"}],"replies":[{"embeddable":true,"href":"https:\/\/gpl-love.com\/es\/wp-json\/wp\/v2\/comments?post=115751"}],"wp:featuredmedia":[{"embeddable":true,"href":"https:\/\/gpl-love.com\/es\/wp-json\/wp\/v2\/media\/168256"}],"wp:attachment":[{"href":"https:\/\/gpl-love.com\/es\/wp-json\/wp\/v2\/media?parent=115751"}],"wp:term":[{"taxonomy":"product_brand","embeddable":true,"href":"https:\/\/gpl-love.com\/es\/wp-json\/wp\/v2\/product_brand?post=115751"},{"taxonomy":"product_cat","embeddable":true,"href":"https:\/\/gpl-love.com\/es\/wp-json\/wp\/v2\/product_cat?post=115751"},{"taxonomy":"product_tag","embeddable":true,"href":"https:\/\/gpl-love.com\/es\/wp-json\/wp\/v2\/product_tag?post=115751"}],"curies":[{"name":"wp","href":"https:\/\/api.w.org\/{rel}","templated":true}]}}