{"id":115728,"date":"2021-10-30T00:00:00","date_gmt":"2021-10-30T05:00:00","guid":{"rendered":"http:\/\/gpl-love.com\/es\/?post_type=product&#038;p=115728"},"modified":"2026-03-13T17:18:06","modified_gmt":"2026-03-13T22:18:06","slug":"creative-agency-wordpress-tema-boldlab","status":"publish","type":"product","link":"https:\/\/gpl-love.com\/es\/producto\/creative-agency-wordpress-tema-boldlab\/","title":{"rendered":"Creative Agency WordPress Tema Boldlab 2.4.0"},"content":{"rendered":"<h3>Creative Agency WordPress Tema Boldlab Caracteristicas<\/h3>\n<p>BoldLab es un tema de WordPress altamente sofisticado y de primer nivel que ha sido meticulosamente elaborado y adaptado espec\u00edficamente para satisfacer las necesidades y requisitos de las agencias creativas. Su dise\u00f1o impecablemente elegante y contempor\u00e1neo exuda una sensaci\u00f3n de sofisticaci\u00f3n y elegancia, lo que lo convierte en el ep\u00edtome de la perfecci\u00f3n cuando se trata de mostrar la extensa cartera de su agencia y la amplia gama de servicios. Adem\u00e1s, este tema extraordinario cuenta con un dise\u00f1o de p\u00e1gina de inicio altamente personalizable que le permite mostrar su trabajo de una manera que no solo es distintiva, sino que tambi\u00e9n es completamente incomparable, lo que distingue a su agencia de la competencia. Como una ventaja adicional, BoldLab tambi\u00e9n ofrece una mir\u00edada de plantillas exquisitamente dise\u00f1adas para p\u00e1ginas esenciales como sobre nosotros, contacto y servicios, simplificando y acelerando efectivamente el proceso de configuraci\u00f3n de su sitio web pr\u00e1cticamente en absoluto tiempo. Adem\u00e1s, este notable tema tambi\u00e9n es totalmente receptivo, asegurando que su sitio web parezca impecablemente impresionante y visualmente cautivador en cualquier dispositivo o plataforma, lo que le permite capturar y cautivar sin esfuerzo a su p\u00fablico objetivo, independientemente de su modo de acceso elegido. Con BoldLab, posee el poder de elaborar sin esfuerzo un sitio web que exuda sin esfuerzo un aura de profesionalismo, sofisticaci\u00f3n y estilo, lo que le permite atraer y atraer a nuevos clientes, facilitando el crecimiento exponencial y la expansi\u00f3n de su agencia venerada.<\/p>\n<ul>\n<li>Un tema premium de WordPress dise\u00f1ado para agencias creativas y negocios de todos los tama\u00f1os<\/li>\n<li>Dise\u00f1o audaz y moderno con opciones de dise\u00f1o personalizables<\/li>\n<li>Funcionalidad de cartera incorporada para mostrar su trabajo y proyectos<\/li>\n<li>F\u00e1cilmente personalizable con el constructor de p\u00e1ginas de arrastrar y soltar incluido<\/li>\n<li>M\u00faltiples dise\u00f1os de blog para mostrar su contenido en una variedad de estilos<\/li>\n<li>Incluye contenido de demostraci\u00f3n predise\u00f1ado para una f\u00e1cil configuraci\u00f3n y personalizaci\u00f3n<\/li>\n<li>El dise\u00f1o receptivo garantiza que su sitio web se vea muy bien en cualquier dispositivo<\/li>\n<li>Optimizaci\u00f3n de SEO incorporada para ayudar a su sitio web a clasificar m\u00e1s alto en los resultados de b\u00fasqueda<\/li>\n<li>Incluye integraci\u00f3n con complementos populares como WooCommerce, MailChimp y el Formulario de contacto 7<\/li>\n<li>Las opciones de personalizaci\u00f3n de temas f\u00e1ciles de usar le permiten realizar cambios r\u00e1pidamente en el dise\u00f1o y la funcionalidad de su sitio web.<\/li>\n<\/ul>\n","protected":false},"excerpt":{"rendered":"<p>BoldLab es un tema de WordPress de la agencia creativa de alta gama dise\u00f1ado para satisfacer las necesidades de cualquier agencia creativa moderna, estudio de dise\u00f1o gr\u00e1fico o cartera de artistas. Es una herramienta poderosa con una interfaz de usuario intuitiva, lo que le facilita establecer su presencia en l\u00ednea y llegar a clientes potenciales. Este tema proporciona un dise\u00f1o \u00fanico e interactivo que cautiva la atenci\u00f3n de los visitantes del sitio, mientras que el dise\u00f1o receptivo asegura una experiencia de navegaci\u00f3n perfecta en cualquier dispositivo. La integraci\u00f3n de las caracter\u00edsticas amigables con SEO y las opciones de intercambio de redes sociales facilitan la optimizaci\u00f3n de su sitio web y ampl\u00edan su alcance. Con BoldLab, tambi\u00e9n obtiene acceso a una extensa colecci\u00f3n de elementos personalizables, desde impresionantes dise\u00f1os de cartera hasta estilos de blog vers\u00e1tiles, lo que le permite crear un sitio web que realmente refleje su marca y visi\u00f3n. Mejore su potencial creativo con BoldLab, un tema de WordPress que combina funcionalidad, estilo y dise\u00f1o f\u00e1cil de usar para ayudarlo a destacar en el panorama digital.<\/p>\n","protected":false},"featured_media":165675,"comment_status":"open","ping_status":"open","template":"","meta":[],"product_brand":[2337],"product_cat":[1267,1237,1238],"product_tag":[1391],"class_list":{"0":"post-115728","1":"product","2":"type-product","3":"status-publish","4":"has-post-thumbnail","6":"product_brand-themeforest","7":"product_cat-creativo","8":"product_cat-temas","9":"product_cat-wordpress-temas","10":"product_tag-themeforest","11":"member-discount","12":"discount-restricted","14":"first","15":"instock","16":"sale","17":"downloadable","18":"virtual","19":"sold-individually","20":"purchasable","21":"product-type-simple"},"_links":{"self":[{"href":"https:\/\/gpl-love.com\/es\/wp-json\/wp\/v2\/product\/115728","targetHints":{"allow":["GET"]}}],"collection":[{"href":"https:\/\/gpl-love.com\/es\/wp-json\/wp\/v2\/product"}],"about":[{"href":"https:\/\/gpl-love.com\/es\/wp-json\/wp\/v2\/types\/product"}],"replies":[{"embeddable":true,"href":"https:\/\/gpl-love.com\/es\/wp-json\/wp\/v2\/comments?post=115728"}],"wp:featuredmedia":[{"embeddable":true,"href":"https:\/\/gpl-love.com\/es\/wp-json\/wp\/v2\/media\/165675"}],"wp:attachment":[{"href":"https:\/\/gpl-love.com\/es\/wp-json\/wp\/v2\/media?parent=115728"}],"wp:term":[{"taxonomy":"product_brand","embeddable":true,"href":"https:\/\/gpl-love.com\/es\/wp-json\/wp\/v2\/product_brand?post=115728"},{"taxonomy":"product_cat","embeddable":true,"href":"https:\/\/gpl-love.com\/es\/wp-json\/wp\/v2\/product_cat?post=115728"},{"taxonomy":"product_tag","embeddable":true,"href":"https:\/\/gpl-love.com\/es\/wp-json\/wp\/v2\/product_tag?post=115728"}],"curies":[{"name":"wp","href":"https:\/\/api.w.org\/{rel}","templated":true}]}}