{"id":115726,"date":"2025-08-26T00:00:00","date_gmt":"2025-08-26T05:00:00","guid":{"rendered":"http:\/\/gpl-love.com\/es\/?post_type=product&#038;p=115726"},"modified":"2026-03-13T17:20:43","modified_gmt":"2026-03-13T22:20:43","slug":"fable-restaurant-bakery-cafe-pub-wordpress-theme","status":"publish","type":"product","link":"https:\/\/gpl-love.com\/es\/producto\/fable-restaurant-bakery-cafe-pub-wordpress-theme\/","title":{"rendered":"Fable Restaurant Bakery Cafe Pub WordPress Theme 1.4.3"},"content":{"rendered":"<h3>Fable Restaurant Bakery Cafe Pub WordPress Theme Caracteristicas<\/h3>\n<p>El tema de WordPress de Fable Restaurant Bakery Cafe Pub es una opci\u00f3n extremadamente vers\u00e1til y muy elegante para cualquier negocio relacionado con los alimentos que busque establecer una presencia en l\u00ednea fuerte e impactante. Con su amplia gama de caracter\u00edsticas personalizables, que van desde dise\u00f1os de men\u00fa hasta formularios de reserva e incluso plantillas de blog, este tema realmente ofrece una soluci\u00f3n que lo abarca todo que atiende a todas sus necesidades espec\u00edficas, lo que le permite mostrar no solo su cocina exquisita sino tambi\u00e9n su exquisita cocina sino tambi\u00e9n su cocina exquisita, sino tambi\u00e9n su cocina exquisita. Tambi\u00e9n sus servicios excepcionales. Este tema no solo cuenta con un dise\u00f1o receptivo, asegurando que su sitio web se vea absolutamente impresionante y perfecto en todos los dispositivos, sino que tambi\u00e9n incorpora sin problemas un constructor de p\u00e1ginas incorporado que simplifica el proceso de crear p\u00e1ginas verdaderamente \u00fanicas y altamente cautivadoras. Independientemente de si opera un restaurante, una panader\u00eda, un caf\u00e9 o incluso un pub, el tema de la f\u00e1bula est\u00e1 equipado inequ\u00edvocamente con todos los recursos y herramientas necesarios que necesita para dise\u00f1ar un sitio web visualmente impresionante y excepcionalmente funcional, que Sin duda, facilite sus esfuerzos tanto en atraer y retener una base de clientes leal y satisfecha.<\/p>\n<ul>\n<li>Un tema vers\u00e1til de WordPress dise\u00f1ado para restaurantes, panader\u00edas, caf\u00e9s y pubs<\/li>\n<li>Viene con una variedad de dise\u00f1os de p\u00e1gina de inicio personalizables para exhibir men\u00fas, especiales y eventos<\/li>\n<li>Incluye funcionalidad incorporada para reservas en l\u00ednea y gesti\u00f3n de mesa<\/li>\n<li>Ofrece personalizaci\u00f3n de men\u00fa flexible con soporte para im\u00e1genes, precios y listas de ingredientes<\/li>\n<li>Proporciona opciones para exhibir revisiones y testimonios de los clientes<\/li>\n<li>Incluye una selecci\u00f3n de plantillas de p\u00e1gina predise\u00f1adas para men\u00fas, eventos, miembros del equipo y m\u00e1s<\/li>\n<li>Viene con un dise\u00f1o amigable para dispositivos m\u00f3viles que garantiza que su sitio se vea muy bien en cualquier dispositivo<\/li>\n<li>Ofrece integraci\u00f3n con plataformas populares de redes sociales para aumentar su presencia en l\u00ednea<\/li>\n<li>Proporciona un panel de administraci\u00f3n f\u00e1cil de usar para una f\u00e1cil personalizaci\u00f3n y administraci\u00f3n de su sitio<\/li>\n<li>Admite complementos de terceros para su mayor funcionalidad y oportunidades de personalizaci\u00f3n.<\/li>\n<\/ul>\n","protected":false},"excerpt":{"rendered":"<p>El tema de WordPress de Bakery Bakery Cafe de Bakery Bakery es un tema exquisitamente dise\u00f1ado y meticulosamente elaborado que combina sin problemas la elegancia y sofisticaci\u00f3n de un restaurante, el encanto y el calor de una panader\u00eda, la ambiente acogedora e invitada de un caf\u00e9 y la vitalidad y la convivencia de un pub. Este tema vers\u00e1til y multifac\u00e9tico es perfecto para exhibir las ofertas \u00fanicas y diversas de su establecimiento, ya sean deliciosas creaciones culinarias, pasteles y postres deliciosos, caf\u00e9s y t\u00e9s arom\u00e1ticos, o una amplia selecci\u00f3n de cervezas y esp\u00edritus artesanales. Con su interfaz f\u00e1cil de usar, caracter\u00edsticas personalizables e integraci\u00f3n perfecta con WordPress, el tema Fable proporciona una experiencia perfecta e inmersiva tanto para usted como para sus clientes. Cuenta con una gran cantidad de funcionalidades y opciones avanzadas, incluido un constructor de men\u00fa intuitivo, un sistema de reserva en l\u00ednea, un calendario de eventos din\u00e1micos y una plataforma integrada de comercio electr\u00f3nico, lo que le permite administrar y promover su negocio en el \u00e1mbito digital. El tema Fable tambi\u00e9n ofrece un dise\u00f1o visualmente impresionante y est\u00e9ticamente agradable, con su dise\u00f1o elegante y moderno, tipograf\u00eda elegante e im\u00e1genes cautivadoras. Su dise\u00f1o receptivo y amigable para los dispositivos m\u00f3viles garantiza que su sitio web se vea impecable y funcione sin problemas en todos los dispositivos y tama\u00f1os de pantalla, proporcionando una experiencia de usuario perfecta y agradable para sus clientes, ya sea que est\u00e9n navegando desde sus computadoras de escritorio, computadoras port\u00e1tiles, tel\u00e9fonos inteligentes o tabletas. . Entonces, ya sea que sea un restaurador, un pastelero, barista o propietario de pub, el tema de WordPress de WordPress de Bakery Bakery Cafe de Bakery Bakery es la soluci\u00f3n perfecta para crear una presencia en l\u00ednea cautivadora y atractiva que realmente refleje la esencia \u00fanica y notable de su establecimiento.<\/p>\n","protected":false},"featured_media":166069,"comment_status":"open","ping_status":"open","template":"","meta":[],"product_brand":[2337],"product_cat":[1646,1237,1238],"product_tag":[1391],"class_list":{"0":"post-115726","1":"product","2":"type-product","3":"status-publish","4":"has-post-thumbnail","6":"product_brand-themeforest","7":"product_cat-alimentacion-y-restaurante","8":"product_cat-temas","9":"product_cat-wordpress-temas","10":"product_tag-themeforest","11":"member-discount","12":"discount-restricted","14":"first","15":"instock","16":"sale","17":"downloadable","18":"virtual","19":"sold-individually","20":"purchasable","21":"product-type-simple"},"_links":{"self":[{"href":"https:\/\/gpl-love.com\/es\/wp-json\/wp\/v2\/product\/115726","targetHints":{"allow":["GET"]}}],"collection":[{"href":"https:\/\/gpl-love.com\/es\/wp-json\/wp\/v2\/product"}],"about":[{"href":"https:\/\/gpl-love.com\/es\/wp-json\/wp\/v2\/types\/product"}],"replies":[{"embeddable":true,"href":"https:\/\/gpl-love.com\/es\/wp-json\/wp\/v2\/comments?post=115726"}],"wp:featuredmedia":[{"embeddable":true,"href":"https:\/\/gpl-love.com\/es\/wp-json\/wp\/v2\/media\/166069"}],"wp:attachment":[{"href":"https:\/\/gpl-love.com\/es\/wp-json\/wp\/v2\/media?parent=115726"}],"wp:term":[{"taxonomy":"product_brand","embeddable":true,"href":"https:\/\/gpl-love.com\/es\/wp-json\/wp\/v2\/product_brand?post=115726"},{"taxonomy":"product_cat","embeddable":true,"href":"https:\/\/gpl-love.com\/es\/wp-json\/wp\/v2\/product_cat?post=115726"},{"taxonomy":"product_tag","embeddable":true,"href":"https:\/\/gpl-love.com\/es\/wp-json\/wp\/v2\/product_tag?post=115726"}],"curies":[{"name":"wp","href":"https:\/\/api.w.org\/{rel}","templated":true}]}}