{"id":115722,"date":"2021-08-05T00:00:00","date_gmt":"2021-08-05T05:00:00","guid":{"rendered":"http:\/\/gpl-love.com\/es\/?post_type=product&#038;p=115722"},"modified":"2026-03-09T07:39:48","modified_gmt":"2026-03-09T12:39:48","slug":"gravity-forms-google-spreadsheet-addon","status":"publish","type":"product","link":"https:\/\/gpl-love.com\/es\/producto\/gravity-forms-google-spreadsheet-addon\/","title":{"rendered":"Gravity Forms Google Spreadsheet Addon 4.2"},"content":{"rendered":"<h3>Gravity Forms Google Spreadsheet Addon Caracteristicas<\/h3>\n<p>La gravedad forma Google Howard Addon, una herramienta muy robusta y eficiente, se ha desarrollado a prop\u00f3sito para mejorar y optimizar la recopilaci\u00f3n y la organizaci\u00f3n de los datos, simplificando as\u00ed las tareas asociadas. Al integrar a la perfecci\u00f3n los datos de formularios de gravedad con las hojas de Google, este complemento facilita la importaci\u00f3n autom\u00e1tica de entradas de formulario reci\u00e9n enviadas en una hoja de c\u00e1lculo designada. En consecuencia, el arduo y propenso al proceso de entrada de datos manuales se vuelve obsoleto, lo que lleva a una reducci\u00f3n de errores y ahorros de tiempo sustanciales. Adem\u00e1s, debido a sus caracter\u00edsticas personalizables relacionadas con la asignaci\u00f3n y programaci\u00f3n de datos, los usuarios pueden adaptar sin esfuerzo la integraci\u00f3n para satisfacer sus requisitos individuales. Sin lugar a dudas, los formularios de gravedad de Google Hoje de c\u00e1lculo complementan un activo indispensable para empresas y organizaciones que buscan optimizar sus procedimientos de gesti\u00f3n de datos.<\/p>\n<ul>\n<li>Integra sin problemas los formularios de gravedad con las hojas de Google para la gesti\u00f3n de datos optimizada<\/li>\n<li>Permite a los usuarios crear f\u00e1cilmente nuevas hojas de c\u00e1lculo desde su cuenta de formularios de gravedad<\/li>\n<li>Env\u00eda autom\u00e1ticamente los datos del formulario a las hojas de Google designadas al enviar<\/li>\n<li>Configuraci\u00f3n personalizable para incorporar campos de formulario espec\u00edficos en la hoja de c\u00e1lculo<\/li>\n<li>La sincronizaci\u00f3n de datos en tiempo real garantiza que la informaci\u00f3n actualizada siempre se refleje tanto en el formulario como en la hoja de c\u00e1lculo<\/li>\n<li>Compatible con cuentas de Google personales y comerciales<\/li>\n<li>Proporciona acceso seguro a datos confidenciales a trav\u00e9s del proceso de autenticaci\u00f3n de dos factores de Google<\/li>\n<li>Interfaz f\u00e1cil de usar para una f\u00e1cil configuraci\u00f3n y administraci\u00f3n<\/li>\n<li>Caracter\u00edsticas robustas como filtrado avanzado, clasificaci\u00f3n y formato condicional para manipular y analizar datos<\/li>\n<li>Ideal para empresas que buscan ahorrar tiempo y mejorar la precisi\u00f3n de los datos mediante la automatizaci\u00f3n de los procesos de entrada de datos manuales.<\/li>\n<\/ul>\n","protected":false},"excerpt":{"rendered":"<p>El complemento de la hoja de c\u00e1lculo de Google Forms es una herramienta incre\u00edblemente robusta y eficiente que le proporciona la integraci\u00f3n perfecta que necesita para interactuar de manera efectiva con las hojas de Google. Al utilizar este complemento excepcional, puede transferir sin esfuerzo y ampliamente los datos valiosos que ha recopilado a trav\u00e9s de la utilizaci\u00f3n de los formularios de gravedad directamente a su estimada cuenta de Google Sheets. Esta caracter\u00edstica invaluable es extremadamente ventajosa, ya que optimiza y optimiza significativamente su flujo de trabajo, otorg\u00e1ndole la capacidad de acceder convenientemente a todos sus datos de forma esencial dentro de una ubicaci\u00f3n centralizada \u00fanica. Independientemente de si est\u00e1 operando una peque\u00f1a empresa modesta o supervisando las operaciones de una organizaci\u00f3n sustancial, la gravedad forma el complemento de la hoja de c\u00e1lculo de Google es un recurso indispensable que seguramente mejorar\u00e1 su productividad y le permitir\u00e1 lograr eficientemente m\u00e1s tiempo considerablemente menos tiempo.<\/p>\n","protected":false},"featured_media":166309,"comment_status":"open","ping_status":"open","template":"","meta":[],"product_brand":[2339],"product_cat":[1212,1206,1211],"product_tag":[1256],"class_list":{"0":"post-115722","1":"product","2":"type-product","3":"status-publish","4":"has-post-thumbnail","6":"product_brand-codecanyon","7":"product_cat-administracion-wordpress-plugins","8":"product_cat-plugins","9":"product_cat-wordpress-plugins","10":"product_tag-codecanyon","11":"member-discount","12":"discount-restricted","14":"first","15":"instock","16":"sale","17":"downloadable","18":"virtual","19":"sold-individually","20":"purchasable","21":"product-type-simple"},"_links":{"self":[{"href":"https:\/\/gpl-love.com\/es\/wp-json\/wp\/v2\/product\/115722","targetHints":{"allow":["GET"]}}],"collection":[{"href":"https:\/\/gpl-love.com\/es\/wp-json\/wp\/v2\/product"}],"about":[{"href":"https:\/\/gpl-love.com\/es\/wp-json\/wp\/v2\/types\/product"}],"replies":[{"embeddable":true,"href":"https:\/\/gpl-love.com\/es\/wp-json\/wp\/v2\/comments?post=115722"}],"wp:featuredmedia":[{"embeddable":true,"href":"https:\/\/gpl-love.com\/es\/wp-json\/wp\/v2\/media\/166309"}],"wp:attachment":[{"href":"https:\/\/gpl-love.com\/es\/wp-json\/wp\/v2\/media?parent=115722"}],"wp:term":[{"taxonomy":"product_brand","embeddable":true,"href":"https:\/\/gpl-love.com\/es\/wp-json\/wp\/v2\/product_brand?post=115722"},{"taxonomy":"product_cat","embeddable":true,"href":"https:\/\/gpl-love.com\/es\/wp-json\/wp\/v2\/product_cat?post=115722"},{"taxonomy":"product_tag","embeddable":true,"href":"https:\/\/gpl-love.com\/es\/wp-json\/wp\/v2\/product_tag?post=115722"}],"curies":[{"name":"wp","href":"https:\/\/api.w.org\/{rel}","templated":true}]}}