{"id":115720,"date":"2023-06-04T00:00:00","date_gmt":"2023-06-04T05:00:00","guid":{"rendered":"http:\/\/gpl-love.com\/es\/?post_type=product&#038;p=115720"},"modified":"2026-03-09T07:49:24","modified_gmt":"2026-03-09T12:49:24","slug":"mediabay-wordpress-media-library-folders","status":"publish","type":"product","link":"https:\/\/gpl-love.com\/es\/producto\/mediabay-wordpress-media-library-folders\/","title":{"rendered":"Mediabay WordPress Media Library Folders 1.4"},"content":{"rendered":"<h3>Mediabay WordPress Media Library Folders Caracteristicas<\/h3>\n<p>MediaBay WordPress Media Library Carpetas es una herramienta incre\u00edblemente robusta y eficiente que mejora en gran medida la gesti\u00f3n de los medios en WordPress, proporcionando un nivel elevado de organizaci\u00f3n y facilidad. Al utilizar este complemento excepcional, los usuarios tienen la capacidad de crear carpetas distinguidas sin esfuerzo dentro de su biblioteca de medios, clasificando efectivamente sus im\u00e1genes, videos y varios otros archivos en funci\u00f3n de sus preferencias personales y clasificaciones deseadas. Esta caracter\u00edstica invaluable elimina dr\u00e1sticamente el caos y el trastorno que a menudo afecta una biblioteca de medios no organizada, lo que finalmente da como resultado un ahorro sustancial de tiempo y energ\u00eda al buscar archivos espec\u00edficos seg\u00fan sea necesario. Adem\u00e1s, las capacidades extraordinarias de las carpetas de la biblioteca de medios MediaBay WordPress se extienden m\u00e1s all\u00e1 de la simple categorizaci\u00f3n, ya que los usuarios tambi\u00e9n tienen la comodidad de cargar m\u00faltiples archivos simult\u00e1neamente, una caracter\u00edstica incre\u00edblemente conveniente y eficiente en el tiempo. Adem\u00e1s, el complemento permite una administraci\u00f3n de archivos y carpetas sin problemas, lo que permite a los usuarios maniobrar, cambiar el nombre o eliminar archivos y carpetas seg\u00fan lo desee. Sin lugar a dudas, este complemento es una necesidad absoluta para aquellos que dependen en gran medida de los archivos multimedia dentro de sus sitios web de WordPress, ya que optimiza y optimiza sin problemas y optimiza todo el proceso de administraci\u00f3n de medios.<\/p>\n<ul>\n<li>Organice su biblioteca de medios de WordPress con carpetas<\/li>\n<li>Guarde tiempo y frustraci\u00f3n con f\u00e1cil acceso a sus archivos multimedia<\/li>\n<li>Arrastre y suelte los archivos en carpetas para una organizaci\u00f3n eficiente<\/li>\n<li>Cree carpetas ilimitadas para satisfacer sus necesidades espec\u00edficas<\/li>\n<li>Mantenga su biblioteca de medios ordenada y sin desorden<\/li>\n<li>Encuentre los archivos que necesita r\u00e1pidamente con la organizaci\u00f3n optimizada<\/li>\n<li>Compatible con cualquier tema y complemento de WordPress<\/li>\n<li>No se requiere codificaci\u00f3n o experiencia t\u00e9cnica<\/li>\n<li>Mejorar la eficiencia de su sitio web con archivos multimedia organizados<\/li>\n<li>Reciba actualizaciones y soporte de un equipo de desarrolladores dedicados.<\/li>\n<\/ul>\n","protected":false},"excerpt":{"rendered":"<p>MediaBay, un notable complemento de WordPress, aumenta en gran medida su biblioteca de medios, lo que le permite clasificar meticulosamente sus archivos en carpetas distintas para una gesti\u00f3n eficiente y sin esfuerzo. A trav\u00e9s de la utilizaci\u00f3n de MediaBay, posee la capacidad de generar, cambiar el nombre y eliminar las carpetas, as\u00ed como reubicar a la perfecci\u00f3n los archivos entre carpetas, todos logrados con solo unos pocos clics r\u00e1pidos. Adem\u00e1s, este complemento excepcional abarca un mecanismo de b\u00fasqueda y filtrado robusto, asegurando un proceso perfecto para localizar la imagen precisa, el video o el documento que busca. Despedirse de una biblioteca de medios desordenada y ca\u00f3tica y marcar el comienzo de una nueva era de organizaci\u00f3n sin esfuerzo con las capacidades incomparables de MediaBay.<\/p>\n","protected":false},"featured_media":166722,"comment_status":"open","ping_status":"open","template":"","meta":[],"product_brand":[2339],"product_cat":[1212,1206,1211],"product_tag":[1256],"class_list":{"0":"post-115720","1":"product","2":"type-product","3":"status-publish","4":"has-post-thumbnail","6":"product_brand-codecanyon","7":"product_cat-administracion-wordpress-plugins","8":"product_cat-plugins","9":"product_cat-wordpress-plugins","10":"product_tag-codecanyon","11":"member-discount","12":"discount-restricted","14":"first","15":"instock","16":"sale","17":"downloadable","18":"virtual","19":"sold-individually","20":"purchasable","21":"product-type-simple"},"_links":{"self":[{"href":"https:\/\/gpl-love.com\/es\/wp-json\/wp\/v2\/product\/115720","targetHints":{"allow":["GET"]}}],"collection":[{"href":"https:\/\/gpl-love.com\/es\/wp-json\/wp\/v2\/product"}],"about":[{"href":"https:\/\/gpl-love.com\/es\/wp-json\/wp\/v2\/types\/product"}],"replies":[{"embeddable":true,"href":"https:\/\/gpl-love.com\/es\/wp-json\/wp\/v2\/comments?post=115720"}],"wp:featuredmedia":[{"embeddable":true,"href":"https:\/\/gpl-love.com\/es\/wp-json\/wp\/v2\/media\/166722"}],"wp:attachment":[{"href":"https:\/\/gpl-love.com\/es\/wp-json\/wp\/v2\/media?parent=115720"}],"wp:term":[{"taxonomy":"product_brand","embeddable":true,"href":"https:\/\/gpl-love.com\/es\/wp-json\/wp\/v2\/product_brand?post=115720"},{"taxonomy":"product_cat","embeddable":true,"href":"https:\/\/gpl-love.com\/es\/wp-json\/wp\/v2\/product_cat?post=115720"},{"taxonomy":"product_tag","embeddable":true,"href":"https:\/\/gpl-love.com\/es\/wp-json\/wp\/v2\/product_tag?post=115720"}],"curies":[{"name":"wp","href":"https:\/\/api.w.org\/{rel}","templated":true}]}}