{"id":115718,"date":"2026-04-16T00:00:00","date_gmt":"2026-04-16T05:00:00","guid":{"rendered":"http:\/\/gpl-love.com\/es\/?post_type=product&#038;p=115718"},"modified":"2026-04-16T17:17:00","modified_gmt":"2026-04-16T22:17:00","slug":"wp-offload-media-wordpress-media-to-amazon-s3","status":"publish","type":"product","link":"https:\/\/gpl-love.com\/es\/producto\/wp-offload-media-wordpress-media-to-amazon-s3\/","title":{"rendered":"WP Offload Media WordPress Media to Amazon S3 3.3.1"},"content":{"rendered":"<h3>WP Offload Media WordPress Media to Amazon S3 Caracteristicas<\/h3>\n<p>WP Offload Media, un complemento de WordPress altamente robusto y eficiente, presenta a los usuarios una v\u00eda conveniente para transferir sin esfuerzo sus archivos multimedia al estimado Amazon S3. Simplemente configurar la configuraci\u00f3n del complemento, las personas pueden descargar y reubicar efectivamente sus im\u00e1genes, videos y medios diversos a la nube, liberando as\u00ed una capacidad de almacenamiento sustancial en sus respectivos servidores de sitios web. Este ingenioso complemento establece sin esfuerzo una integraci\u00f3n perfecta con Amazon S3, lo que otorga as\u00ed a los usuarios una capacidad incomparable para administrar sin esfuerzo sus archivos multimedia directamente dentro de los confines familiares de su tablero de WordPress. Adem\u00e1s, WP Offload Media cuenta con una variedad de funcionalidades avanzadas, como la optimizaci\u00f3n autom\u00e1tica y la compresi\u00f3n de im\u00e1genes, adem\u00e1s de soporte integral para m\u00faltiples cubos de Amazon S3. Por lo tanto, al aprovechar las capacidades de los medios de descarga de WP, los usuarios inevitablemente pueden mejorar de manera tangible el rendimiento general y la escalabilidad de su sitio web, todo el tiempo asegurando que sus archivos multimedia cruciales se almacenen de manera segura, f\u00e1cilmente accesible en todo momento.<\/p>\n<ul>\n<li>Alegar su sitio de WordPress descargando archivos multimedia en Amazon S3<\/li>\n<li>Aumente la velocidad de carga de su sitio y disminuya el tiempo de inactividad causado por la sobrecarga de medios<\/li>\n<li>Disfrute de almacenamiento ilimitado, alta velocidad y confiabilidad con Amazon S3<\/li>\n<li>El complemento sincroniza autom\u00e1ticamente sus archivos multimedia a Amazon S3 para fines de copia de seguridad, reduciendo el riesgo de p\u00e9rdida de datos<\/li>\n<li>Experiencia de usuario mejorada con im\u00e1genes de carga m\u00e1s r\u00e1pidas, videos y otros archivos multimedia<\/li>\n<li>F\u00e1cil instalaci\u00f3n, configuraci\u00f3n y configuraci\u00f3n en minutos<\/li>\n<li>Controles de acceso flexible y configuraci\u00f3n de permisos para administrar su cubo de almacenamiento S3<\/li>\n<li>Integraci\u00f3n con otros complementos populares de WordPress que incluyen WooCommerce, formularios de gravedad y descargas digitales f\u00e1ciles<\/li>\n<li>Caracter\u00edsticas avanzadas como webhooks y soporte multisitio para escalabilidad e implementaciones complejas<\/li>\n<li>Apoyo amistoso de los experimentados desarrolladores de complementos de WordPress en Delicious Brains<\/li>\n<\/ul>\n","protected":false},"excerpt":{"rendered":"<p>WP Offload Media es un complemento muy robusto y eficiente dise\u00f1ado espec\u00edficamente para WordPress, facilitando la transferencia sin esfuerzo y perfecta de cada archivo de medios asociado con su sitio web al almacenamiento extenso y seguro de Amazon S3 en la nube. Esta caracter\u00edstica fenomenal no solo ayuda a preservar el espacio crucial del servidor, sino que tambi\u00e9n mejora significativamente los tiempos de carga de su querido sitio web. El complemento va m\u00e1s all\u00e1 al administrar de manera eficiente y autom\u00e1ticamente todas las transferencias de archivos, al tiempo que se integran perfectamente con complementos de WordPress excepcionalmente populares como los formularios de WooCommerce y Gravity. WP Offload Media es su soluci\u00f3n definitiva para administrar sin esfuerzo su biblioteca de medios, hacer una copia de seguridad de sus archivos invaluables y almacenar todo su contenido invaluable dentro de una plataforma en la nube excepcionalmente confiable, escalable y tecnol\u00f3gicamente avanzada proporcionada por Amazon S3.<\/p>\n","protected":false},"featured_media":168419,"comment_status":"open","ping_status":"open","template":"","meta":[],"product_brand":[2629],"product_cat":[1206,1579,1211],"product_tag":[1562],"class_list":{"0":"post-115718","1":"product","2":"type-product","3":"status-publish","4":"has-post-thumbnail","6":"product_brand-deliciousbrains","7":"product_cat-plugins","8":"product_cat-rendimiento","9":"product_cat-wordpress-plugins","10":"product_tag-deliciousbrains","11":"member-discount","12":"discount-restricted","14":"first","15":"instock","16":"sale","17":"downloadable","18":"virtual","19":"sold-individually","20":"purchasable","21":"product-type-simple"},"_links":{"self":[{"href":"https:\/\/gpl-love.com\/es\/wp-json\/wp\/v2\/product\/115718","targetHints":{"allow":["GET"]}}],"collection":[{"href":"https:\/\/gpl-love.com\/es\/wp-json\/wp\/v2\/product"}],"about":[{"href":"https:\/\/gpl-love.com\/es\/wp-json\/wp\/v2\/types\/product"}],"replies":[{"embeddable":true,"href":"https:\/\/gpl-love.com\/es\/wp-json\/wp\/v2\/comments?post=115718"}],"wp:featuredmedia":[{"embeddable":true,"href":"https:\/\/gpl-love.com\/es\/wp-json\/wp\/v2\/media\/168419"}],"wp:attachment":[{"href":"https:\/\/gpl-love.com\/es\/wp-json\/wp\/v2\/media?parent=115718"}],"wp:term":[{"taxonomy":"product_brand","embeddable":true,"href":"https:\/\/gpl-love.com\/es\/wp-json\/wp\/v2\/product_brand?post=115718"},{"taxonomy":"product_cat","embeddable":true,"href":"https:\/\/gpl-love.com\/es\/wp-json\/wp\/v2\/product_cat?post=115718"},{"taxonomy":"product_tag","embeddable":true,"href":"https:\/\/gpl-love.com\/es\/wp-json\/wp\/v2\/product_tag?post=115718"}],"curies":[{"name":"wp","href":"https:\/\/api.w.org\/{rel}","templated":true}]}}