{"id":115716,"date":"2022-03-25T00:00:00","date_gmt":"2022-03-25T05:00:00","guid":{"rendered":"http:\/\/gpl-love.com\/es\/?post_type=product&#038;p=115716"},"modified":"2026-03-09T08:30:12","modified_gmt":"2026-03-09T13:30:12","slug":"wp-table-builder-pro","status":"publish","type":"product","link":"https:\/\/gpl-love.com\/es\/producto\/wp-table-builder-pro\/","title":{"rendered":"WP Table Builder Pro 1.3.9"},"content":{"rendered":"<h3>WP Table Builder Pro Caracteristicas<\/h3>\n<p>WP Table Builder Pro es un complemento incre\u00edblemente robusto y altamente efectivo que otorga a los usuarios la capacidad de construir tablas sin esfuerzo para sus sitios web de WordPress. Este complemento excepcional muestra una interfaz de arrastrar y soltar notablemente f\u00e1cil de usar, lo que permite a los usuarios incorporar sin problemas una multitud de elementos, como columnas, filas y celdas, en sus tablas con la mayor facilidad y eficiencia. Adem\u00e1s de su notable funcionalidad, este complemento tambi\u00e9n proporciona a los usuarios una amplia gama de plantillas personalizables que pueden adaptarse sin esfuerzo para alinearse perfectamente con el dise\u00f1o y la est\u00e9tica \u00fanicas de cualquier sitio web. Adem\u00e1s, los usuarios tambi\u00e9n tienen la capacidad invaluable para importar datos directamente de las hojas de Excel o Google, simplificando efectivamente el proceso potencialmente arduo de entrada de datos, asegurando que sea r\u00e1pido, eficiente y excepcionalmente sin problemas. Adem\u00e1s, es de suma importancia tener en cuenta que este complemento no solo responde por completo, lo que garantiza que las tablas parecer\u00e1n impecablemente formateadas en todos los dispositivos, sino que tambi\u00e9n cuenta con una impresionante gama de caracter\u00edsticas complementarias, incluida la capacidad de clasificar y filtrar. Como tal, realmente se destaca como una herramienta indispensable para una amplia gama de individuos, ya sean profesionales, empresarios o incluso bloggers casuales, que necesitan un medio confiable para presentar sus datos de manera impecamente limpia y meticulosamente organizada.<\/p>\n<ul>\n<li>Crear tablas receptivas f\u00e1cilmente en WordPress con WP Table Builder Pro<\/li>\n<li>La interfaz de arrastrar y soltar le permite construir tablas complejas con facilidad<\/li>\n<li>Personalizar dise\u00f1os de columna y fila para satisfacer sus necesidades<\/li>\n<li>Elija entre plantillas de mesa predise\u00f1adas o cree las suyas desde cero<\/li>\n<li>Importar datos de archivos CSV o hojas de c\u00e1lculo de Excel<\/li>\n<li>Agregue elementos interactivos como cuadros de b\u00fasqueda, filtros y funcionalidad de clasificaci\u00f3n a sus tablas<\/li>\n<li>Accesible para los usuarios de todos los niveles t\u00e9cnicos, no se requiere codificaci\u00f3n<\/li>\n<li>Opciones de estilo altamente personalizables para que coincidan con el dise\u00f1o de su sitio web<\/li>\n<li>El editor de mesa incorporado permite una f\u00e1cil edici\u00f3n y actualizaci\u00f3n del contenido de la tabla<\/li>\n<li>Exportar tablas a formatos PDF, CSV o Excel para una f\u00e1cil gesti\u00f3n de datos<\/li>\n<\/ul>\n","protected":false},"excerpt":{"rendered":"<p>Al emplear el WP Table Builder Pro, las personas pueden construir sin esfuerzo tablas de grado profesional. Este notable complemento de WordPress proporciona a los usuarios una variedad de caracter\u00edsticas avanzadas, incluida la funcionalidad de arrastrar y soltar, la capacidad de personalizar estilos y dise\u00f1os, y una amplia gama de opciones de dise\u00f1o flexibles. Ya sea que uno requiera la creaci\u00f3n de tablas de precios, cuadros de comparaci\u00f3n o tablas de datos, WP Table Builder Pro abarca todos los elementos necesarios para producir tablas visualmente cautivadoras que mejorar\u00e1n en gran medida la experiencia general del usuario de su sitio web. Adem\u00e1s, gracias a su interfaz f\u00e1cil de usar y su proceso de instalaci\u00f3n conveniente, este complemento es accesible para cualquier persona, independientemente de su nivel de experiencia t\u00e9cnica. Tome la iniciativa hoy y haga que WP Table Builder Pro intente presenciar de primera mano c\u00f3mo tiene el potencial de transformar por completo la manera en que se presenta la informaci\u00f3n en su sitio web.<\/p>\n","protected":false},"featured_media":168464,"comment_status":"open","ping_status":"open","template":"","meta":[],"product_brand":[2641],"product_cat":[1214,1206,1211],"product_tag":[2172],"class_list":{"0":"post-115716","1":"product","2":"type-product","3":"status-publish","4":"has-post-thumbnail","6":"product_brand-dotcamp","7":"product_cat-personalizacion","8":"product_cat-plugins","9":"product_cat-wordpress-plugins","10":"product_tag-dotcamp","11":"member-discount","12":"discount-restricted","14":"first","15":"instock","16":"sale","17":"downloadable","18":"virtual","19":"sold-individually","20":"purchasable","21":"product-type-simple"},"_links":{"self":[{"href":"https:\/\/gpl-love.com\/es\/wp-json\/wp\/v2\/product\/115716","targetHints":{"allow":["GET"]}}],"collection":[{"href":"https:\/\/gpl-love.com\/es\/wp-json\/wp\/v2\/product"}],"about":[{"href":"https:\/\/gpl-love.com\/es\/wp-json\/wp\/v2\/types\/product"}],"replies":[{"embeddable":true,"href":"https:\/\/gpl-love.com\/es\/wp-json\/wp\/v2\/comments?post=115716"}],"wp:featuredmedia":[{"embeddable":true,"href":"https:\/\/gpl-love.com\/es\/wp-json\/wp\/v2\/media\/168464"}],"wp:attachment":[{"href":"https:\/\/gpl-love.com\/es\/wp-json\/wp\/v2\/media?parent=115716"}],"wp:term":[{"taxonomy":"product_brand","embeddable":true,"href":"https:\/\/gpl-love.com\/es\/wp-json\/wp\/v2\/product_brand?post=115716"},{"taxonomy":"product_cat","embeddable":true,"href":"https:\/\/gpl-love.com\/es\/wp-json\/wp\/v2\/product_cat?post=115716"},{"taxonomy":"product_tag","embeddable":true,"href":"https:\/\/gpl-love.com\/es\/wp-json\/wp\/v2\/product_tag?post=115716"}],"curies":[{"name":"wp","href":"https:\/\/api.w.org\/{rel}","templated":true}]}}