{"id":115712,"date":"2022-04-03T00:00:00","date_gmt":"2022-04-03T05:00:00","guid":{"rendered":"http:\/\/gpl-love.com\/es\/?post_type=product&#038;p=115712"},"modified":"2026-04-10T11:33:15","modified_gmt":"2026-04-10T16:33:15","slug":"woocommerce-product-builder","status":"publish","type":"product","link":"https:\/\/gpl-love.com\/es\/producto\/woocommerce-product-builder\/","title":{"rendered":"WooCommerce Product Builder 2.1.5"},"content":{"rendered":"<h3>WooCommerce Product Builder Caracteristicas<\/h3>\n<p>El WooCommerce Product Builder es una herramienta inmensamente potente y robusta que otorga a los usuarios la capacidad de fabricar y dise\u00f1ar productos personalizados dentro de su tienda WooCommerce. Al utilizar este complemento ingenioso, los usuarios son capaces de aumentar sin problemas y configurar varios atributos del producto, como tonos, dimensiones, ilustraciones e incluso precios. La interfaz de arrastre y ca\u00edda navegable sin esfuerzo simplifica significativamente el proceso de personalizaci\u00f3n de productos, mientras que la inclusi\u00f3n de l\u00f3gica condicional garantiza que los clientes tengan acceso exclusivamente a opciones viables y leg\u00edtimas. Adem\u00e1s, este complemento facilita a\u00fan m\u00e1s a los usuarios para establecer e implementar descuentos y promociones espec\u00edficamente adaptados a distintos atributos del producto, adem\u00e1s de la creaci\u00f3n de paquetes de productos. En resumen, es inequ\u00edvocamente evidente que el constructor de productos de WooCommerce es una herramienta indispensable y necesaria para cualquier tienda de WooCommerce que aspira a proporcionar a sus clientes valiosos productos a medida y personalizados.<\/p>\n<ul>\n<li>Creaci\u00f3n flexible de productos: cree productos personalizados con m\u00faltiples opciones y variaciones para satisfacer las necesidades del cliente.<\/li>\n<li>Personalizaci\u00f3n f\u00e1cil de productos: permita a los clientes construir sus propios productos con una interfaz de constructor f\u00e1cil de usar.<\/li>\n<li>Gesti\u00f3n de inventario simplificado: realice un seguimiento de su inventario con actualizaciones autom\u00e1ticas de acciones basadas en opciones de productos y variaciones.<\/li>\n<li>Opciones de precios integrales: Establezca precios para cada opci\u00f3n y variaci\u00f3n, lo que le permite crear productos personalizables para diferentes presupuestos.<\/li>\n<li>Gesti\u00f3n de pedidos simplificada: puede ver y cumplir f\u00e1cilmente pedidos que contienen productos personalizados, con todas las opciones y variaciones que se muestran claramente.<\/li>\n<li>Aumento de la participaci\u00f3n del cliente: al permitir que los clientes construyan sus propios productos personalizados, puede ofrecer una experiencia de compra m\u00e1s atractiva y personalizada.<\/li>\n<li>Compatible con WooCommerce: este complemento funciona en armon\u00eda con WooCommerce, por lo que puede administrar todo en un solo lugar.<\/li>\n<\/ul>\n","protected":false},"excerpt":{"rendered":"<p>Nos complace presentar el WooCommerce Product Builder, una soluci\u00f3n altamente efectiva dise\u00f1ada para facilitar la creaci\u00f3n de productos personalizados y personalizados para su tienda en l\u00ednea. Esta notable herramienta permite a sus clientes construir sus propios productos distintos seleccionando desde una amplia gama de opciones, caracter\u00edsticas y personalizaciones. Con su interfaz f\u00e1cil de usar y su funcionalidad de arrastrar y soltar a la perfecci\u00f3n, el constructor de productos de WooCommerce le otorga una autoridad incomparable sobre la est\u00e9tica y la presentaci\u00f3n general de su mercanc\u00eda, mientras ofrece una experiencia interactiva y cautivadora a su valiosa clientela. Independientemente de si se especializa en la venta de camisetas, tazas o incluso joyas a medida, el WooCommerce Product Builder es un activo indispensable para aumentar sus esfuerzos de comercio electr\u00f3nico. Le recomendamos que aproveche esta oportunidad y adopte el constructor de productos de WooCommerce hoy, ya que su implementaci\u00f3n seguramente impulsar\u00e1 sus ventas a alturas sin precedentes.<\/p>\n","protected":false},"featured_media":168217,"comment_status":"open","ping_status":"open","template":"","meta":[],"product_brand":[2339],"product_cat":[1214,1206,1211],"product_tag":[1256],"class_list":{"0":"post-115712","1":"product","2":"type-product","3":"status-publish","4":"has-post-thumbnail","6":"product_brand-codecanyon","7":"product_cat-personalizacion","8":"product_cat-plugins","9":"product_cat-wordpress-plugins","10":"product_tag-codecanyon","11":"member-discount","12":"discount-restricted","14":"first","15":"instock","16":"sale","17":"downloadable","18":"virtual","19":"sold-individually","20":"purchasable","21":"product-type-simple"},"_links":{"self":[{"href":"https:\/\/gpl-love.com\/es\/wp-json\/wp\/v2\/product\/115712","targetHints":{"allow":["GET"]}}],"collection":[{"href":"https:\/\/gpl-love.com\/es\/wp-json\/wp\/v2\/product"}],"about":[{"href":"https:\/\/gpl-love.com\/es\/wp-json\/wp\/v2\/types\/product"}],"replies":[{"embeddable":true,"href":"https:\/\/gpl-love.com\/es\/wp-json\/wp\/v2\/comments?post=115712"}],"wp:featuredmedia":[{"embeddable":true,"href":"https:\/\/gpl-love.com\/es\/wp-json\/wp\/v2\/media\/168217"}],"wp:attachment":[{"href":"https:\/\/gpl-love.com\/es\/wp-json\/wp\/v2\/media?parent=115712"}],"wp:term":[{"taxonomy":"product_brand","embeddable":true,"href":"https:\/\/gpl-love.com\/es\/wp-json\/wp\/v2\/product_brand?post=115712"},{"taxonomy":"product_cat","embeddable":true,"href":"https:\/\/gpl-love.com\/es\/wp-json\/wp\/v2\/product_cat?post=115712"},{"taxonomy":"product_tag","embeddable":true,"href":"https:\/\/gpl-love.com\/es\/wp-json\/wp\/v2\/product_tag?post=115712"}],"curies":[{"name":"wp","href":"https:\/\/api.w.org\/{rel}","templated":true}]}}