{"id":115708,"date":"2021-08-05T00:00:00","date_gmt":"2021-08-05T05:00:00","guid":{"rendered":"http:\/\/gpl-love.com\/es\/?post_type=product&#038;p=115708"},"modified":"2026-03-13T17:22:43","modified_gmt":"2026-03-13T22:22:43","slug":"intime-business-consulting-wordpress-theme","status":"publish","type":"product","link":"https:\/\/gpl-love.com\/es\/producto\/intime-business-consulting-wordpress-theme\/","title":{"rendered":"Intime Business Consulting WordPress theme 1.4.1"},"content":{"rendered":"<h3>Intime Business Consulting WordPress theme Caracteristicas<\/h3>\n<p>El tema de WordPress de Interime Business Consulting es una soluci\u00f3n est\u00e9ticamente agradable y contempor\u00e1nea para las empresas que buscan establecer una presencia en l\u00ednea pulida y sofisticada. Con un dise\u00f1o minimalista y visualmente atractivo, junto con funcionalidades f\u00e1ciles de usar, este tema demuestra ser una opci\u00f3n impecable para empresas consultoras, asesores financieros y otras empresas orientadas a los servicios. En particular, el tema es totalmente receptivo, asegurando una pantalla perfecta y visualmente atractiva en cualquier dispositivo, al tiempo que ofrece una amplia gama de opciones de personalizaci\u00f3n que capacitan a los usuarios para dise\u00f1ar una imagen de marca distintiva. Las caracter\u00edsticas destacadas de este tema abarcan una variedad de plantillas de p\u00e1gina predise\u00f1adas que atienden a servicios, testimonios y miembros del equipo, as\u00ed como un creador de p\u00e1ginas de arrastrar y soltar notablemente conveniente que simplifica el proceso de personalizaci\u00f3n. Al aprovechar las capacidades din\u00e1micas del tema de WordPress de Consulting Intime Business, los usuarios pueden crear sin esfuerzo un sitio web extraordinario que impecablemente muestre su experiencia y, en \u00faltima instancia, impulsa conversiones significativas.<\/p>\n<ul>\n<li>Dise\u00f1o profesional y elegante dise\u00f1ado espec\u00edficamente para sitios web de consultor\u00eda de negocios<\/li>\n<li>Constructor de p\u00e1gina de arrastre y soltar f\u00e1cil de usar, permitiendo la personalizaci\u00f3n completa del dise\u00f1o y el contenido<\/li>\n<li>Totalmente receptivo y amigable para los dispositivos m\u00f3viles, asegurando una experiencia de usuario perfecta en todos los dispositivos<\/li>\n<li>Secci\u00f3n de cartera incorporada para mostrar el trabajo y la experiencia de su empresa<\/li>\n<li>M\u00faltiples dise\u00f1os de p\u00e1gina de inicio predise\u00f1ados para elegir, cada uno con elementos personalizables<\/li>\n<li>Integraci\u00f3n con complementos populares como el formulario de contacto 7 y yoast SEO para una funcionalidad adicional<\/li>\n<li>Incluye una variedad de p\u00e1ginas internas predise\u00f1adas, que incluyen sobre nosotros, servicios y p\u00e1ginas de equipo<\/li>\n<li>Opciones para secciones de blogs y noticias para mantener a su audiencia actualizada sobre las noticias de la industria y las ideas de su empresa<\/li>\n<li>Compatibilidad con los principales navegadores como Chrome, Safari y Firefox para una experiencia de navegaci\u00f3n perfecta<\/li>\n<li>Actualizaciones peri\u00f3dicas y atenci\u00f3n al cliente para garantizar que su sitio web se ejecute sin problemas y de manera eficiente.<\/li>\n<\/ul>\n","protected":false},"excerpt":{"rendered":"<p>El tema de WordPress de Intime Business Consulting es un tema exclusivo y contempor\u00e1neo meticulosamente adaptado para empresas y consultor\u00edas, incorporando un dise\u00f1o sofisticado y pulido que se puede adaptar para satisfacer sus requisitos espec\u00edficos. Al utilizar complementos potentes de WordPress, como Elementor y WooCommerce, est\u00e1 facultado con la adaptabilidad para construir una presencia en l\u00ednea que no solo difunda informaci\u00f3n valiosa, sino que tambi\u00e9n cautiva y absorbe a su audiencia. Este tema exhibe capacidad de respuesta m\u00f3vil, destreza de optimizaci\u00f3n de motores de b\u00fasqueda y se acompa\u00f1a de una variedad de opciones de personalizaci\u00f3n f\u00e1cil de usar que le otorgan autoridad completa sobre la est\u00e9tica y el ambiente de su sitio web. Emb\u00e1rcate en tu viaje con el tema de WordPress de InteMe Business Consulting y eleva tu empresa a alturas sin precedentes.<\/p>\n","protected":false},"featured_media":166480,"comment_status":"open","ping_status":"open","template":"","meta":[],"product_brand":[2337],"product_cat":[1307,1237,1238],"product_tag":[1391],"class_list":{"0":"post-115708","1":"product","2":"type-product","3":"status-publish","4":"has-post-thumbnail","6":"product_brand-themeforest","7":"product_cat-negocio-wordpress-temas","8":"product_cat-temas","9":"product_cat-wordpress-temas","10":"product_tag-themeforest","11":"member-discount","12":"discount-restricted","14":"first","15":"instock","16":"sale","17":"downloadable","18":"virtual","19":"sold-individually","20":"purchasable","21":"product-type-simple"},"_links":{"self":[{"href":"https:\/\/gpl-love.com\/es\/wp-json\/wp\/v2\/product\/115708","targetHints":{"allow":["GET"]}}],"collection":[{"href":"https:\/\/gpl-love.com\/es\/wp-json\/wp\/v2\/product"}],"about":[{"href":"https:\/\/gpl-love.com\/es\/wp-json\/wp\/v2\/types\/product"}],"replies":[{"embeddable":true,"href":"https:\/\/gpl-love.com\/es\/wp-json\/wp\/v2\/comments?post=115708"}],"wp:featuredmedia":[{"embeddable":true,"href":"https:\/\/gpl-love.com\/es\/wp-json\/wp\/v2\/media\/166480"}],"wp:attachment":[{"href":"https:\/\/gpl-love.com\/es\/wp-json\/wp\/v2\/media?parent=115708"}],"wp:term":[{"taxonomy":"product_brand","embeddable":true,"href":"https:\/\/gpl-love.com\/es\/wp-json\/wp\/v2\/product_brand?post=115708"},{"taxonomy":"product_cat","embeddable":true,"href":"https:\/\/gpl-love.com\/es\/wp-json\/wp\/v2\/product_cat?post=115708"},{"taxonomy":"product_tag","embeddable":true,"href":"https:\/\/gpl-love.com\/es\/wp-json\/wp\/v2\/product_tag?post=115708"}],"curies":[{"name":"wp","href":"https:\/\/api.w.org\/{rel}","templated":true}]}}