{"id":115704,"date":"2022-02-13T00:00:00","date_gmt":"2022-02-13T05:00:00","guid":{"rendered":"http:\/\/gpl-love.com\/es\/?post_type=product&#038;p=115704"},"modified":"2026-03-09T07:20:11","modified_gmt":"2026-03-09T12:20:11","slug":"beaver-team-pro-para-beaver-builder-professional","status":"publish","type":"product","link":"https:\/\/gpl-love.com\/es\/producto\/beaver-team-pro-para-beaver-builder-professional\/","title":{"rendered":"Beaver Team Pro para Beaver Builder Professional 1.2.5"},"content":{"rendered":"<h3>Beaver Team Pro para Beaver Builder Professional Caracteristicas<\/h3>\n<p>El Beaver Team Pro, una herramienta muy solicitada, resulta indispensable para las personas que est\u00e1n bien versadas para utilizar la plataforma Beaver Builder. Al adquirir este producto excepcional, obtiene la capacidad de colaborar sin problemas con sus estimados colegas, optimizando y refinando su flujo de trabajo general. El equipo de Beaver Pro facilita sin esfuerzo la gesti\u00f3n de sus proyectos de Beaver Builder, otorg\u00e1ndole la oportunidad de moda sin esfuerzo en los sitios web visuales en una fracci\u00f3n de la \u00e9poca. Este notable producto cuenta con una extensa variedad de caracter\u00edsticas, espec\u00edficamente adaptadas para racionalizar y expedir la sinergia del equipo, asegurando que sus esfuerzos colectivos sigan siendo sin\u00e9rgicos y altamente eficientes. Adem\u00e1s, el Beaver Team Pro cuenta con integraciones invaluables y herramientas poderosas que sirven para aumentar y enriquecer la experiencia general de su constructor de Beaver. A fin de cuentas, inequ\u00edvocamente, el Beaver Team Pro representa un activo indispensable para cualquier individuo que busque trascender su actual destreza de Beaver Builder y impulsar sus empresas de dise\u00f1o web a alturas sin precedentes.<\/p>\n<ul>\n<li>Herramientas y caracter\u00edsticas avanzadas para dise\u00f1ar sitios web de grado profesional con Beaver Builder.<\/li>\n<li>El flujo de trabajo optimizado y la interfaz f\u00e1cil de usar hacen que el dise\u00f1o web sea m\u00e1s r\u00e1pido y eficiente.<\/li>\n<li>Una amplia selecci\u00f3n de plantillas y elementos de dise\u00f1o prefabricados para elegir, para dise\u00f1os f\u00e1ciles y personalizables.<\/li>\n<li>La compatibilidad con las \u00faltimas actualizaciones de WordPress garantiza una integraci\u00f3n perfecta con su sitio web.<\/li>\n<li>Equipo de soporte dedicado disponible 24\/7 para ayudar con cualquier problema t\u00e9cnico.<\/li>\n<li>El dise\u00f1o receptivo y amigable para los dispositivos m\u00f3viles asegura que su sitio web se vea genial en cualquier dispositivo.<\/li>\n<li>Acceso a una comunidad creciente de usuarios de Beaver Builder, para inspiraci\u00f3n y apoyo.<\/li>\n<li>Actualizaciones regulares y nuevas caracter\u00edsticas agregadas para mantenerse a la vanguardia de la curva en el dise\u00f1o web.<\/li>\n<\/ul>\n","protected":false},"excerpt":{"rendered":"<p>Sum\u00e9rgete en el mundo del dise\u00f1o web con Beaver Team Pro, una herramienta vers\u00e1til especialmente dise\u00f1ada para profesionales de Beaver Builder. Desatara su creatividad con esta aplicaci\u00f3n innovadora, llena de caracter\u00edsticas de valor agregado. Disfrutar\u00e1 de los beneficios de las funcionalidades de dise\u00f1o avanzado, una mejor productividad y una interfaz altamente intuitiva. Con Beaver Team Pro, puede actualizar y administrar sin problemas su sitio web con la mayor facilidad, independientemente de su nivel de habilidad t\u00e9cnica. No es solo una herramienta; Es un cambio de juego en el campo de dise\u00f1o web, dise\u00f1ado para capacitarlo para crear sitios web visualmente cautivadores y altamente funcionales. Tome el paso, abrazan a Beaver Team Pro y redefine su experiencia de dise\u00f1o web.<\/p>\n","protected":false},"featured_media":165467,"comment_status":"open","ping_status":"open","template":"","meta":[],"product_brand":[2374],"product_cat":[1214,1206,1211],"product_tag":[2171],"class_list":{"0":"post-115704","1":"product","2":"type-product","3":"status-publish","4":"has-post-thumbnail","6":"product_brand-sitespot","7":"product_cat-personalizacion","8":"product_cat-plugins","9":"product_cat-wordpress-plugins","10":"product_tag-sitespot","11":"member-discount","12":"discount-restricted","14":"first","15":"instock","16":"sale","17":"downloadable","18":"virtual","19":"sold-individually","20":"purchasable","21":"product-type-simple"},"_links":{"self":[{"href":"https:\/\/gpl-love.com\/es\/wp-json\/wp\/v2\/product\/115704","targetHints":{"allow":["GET"]}}],"collection":[{"href":"https:\/\/gpl-love.com\/es\/wp-json\/wp\/v2\/product"}],"about":[{"href":"https:\/\/gpl-love.com\/es\/wp-json\/wp\/v2\/types\/product"}],"replies":[{"embeddable":true,"href":"https:\/\/gpl-love.com\/es\/wp-json\/wp\/v2\/comments?post=115704"}],"wp:featuredmedia":[{"embeddable":true,"href":"https:\/\/gpl-love.com\/es\/wp-json\/wp\/v2\/media\/165467"}],"wp:attachment":[{"href":"https:\/\/gpl-love.com\/es\/wp-json\/wp\/v2\/media?parent=115704"}],"wp:term":[{"taxonomy":"product_brand","embeddable":true,"href":"https:\/\/gpl-love.com\/es\/wp-json\/wp\/v2\/product_brand?post=115704"},{"taxonomy":"product_cat","embeddable":true,"href":"https:\/\/gpl-love.com\/es\/wp-json\/wp\/v2\/product_cat?post=115704"},{"taxonomy":"product_tag","embeddable":true,"href":"https:\/\/gpl-love.com\/es\/wp-json\/wp\/v2\/product_tag?post=115704"}],"curies":[{"name":"wp","href":"https:\/\/api.w.org\/{rel}","templated":true}]}}