{"id":115670,"date":"2022-06-01T00:00:00","date_gmt":"2022-06-01T05:00:00","guid":{"rendered":"http:\/\/gpl-love.com\/es\/?post_type=product&#038;p=115670"},"modified":"2026-03-13T17:35:18","modified_gmt":"2026-03-13T22:35:18","slug":"yobazar-elementor-woocommerce-wordpress-theme","status":"publish","type":"product","link":"https:\/\/gpl-love.com\/es\/producto\/yobazar-elementor-woocommerce-wordpress-theme\/","title":{"rendered":"Yobazar Elementor WooCommerce WordPress Theme 1.1.4"},"content":{"rendered":"<h3>Yobazar Elementor WooCommerce WordPress Theme Caracteristicas<\/h3>\n<p>El tema de WordPress de Yobazar Elementor WooCommerce es una soluci\u00f3n de comercio electr\u00f3nico extremadamente potente y multifac\u00e9tica que satisface las necesidades de cualquier negocio que busque amplificar su presencia en l\u00ednea. Con su interfaz de arrastrar y soltar extremadamente f\u00e1cil de usar y su dise\u00f1o completamente personalizable, este tema ofrece una experiencia perfecta integrada tanto para clientes como para administradores. El tema ha sido meticulosamente optimizado para la velocidad y el rendimiento, garantizando tiempos de carga r\u00e1pida y una experiencia de usuario sin problemas. Adem\u00e1s, Yobazar abarca una extensa variedad de plantillas y widgets predise\u00f1ados, facilitando la creaci\u00f3n sin esfuerzo de una tienda en l\u00ednea sofisticada y visualmente llamativa. Independientemente de si est\u00e1 involucrado en la venta de productos f\u00edsicos, descargas digitales o servicios, el tema de WordPress de Yobazar Elementor WooCommerce posee todas las caracter\u00edsticas y funcionalidades necesarias para elevar su empresa de comercio electr\u00f3nico a las alturas m\u00e1s importantes del \u00e9xito.<\/p>\n<ul>\n<li>Un tema de WordPress moderno visualmente impresionante y moderno dise\u00f1ado espec\u00edficamente para sitios web de comercio electr\u00f3nico<\/li>\n<li>Viene con plantillas y dise\u00f1os preconstruidos para facilitar la personalizaci\u00f3n<\/li>\n<li>Totalmente compatible con El Elementor Page Builder y el complemento de WooCommerce<\/li>\n<li>Optimizado para la velocidad y el SEO para garantizar la m\u00e1xima visibilidad en l\u00ednea y la participaci\u00f3n del cliente<\/li>\n<li>Ofrece una gama de caracter\u00edsticas potentes que incluyen filtros de productos, vista r\u00e1pida, lista de deseos y opciones de comparaci\u00f3n<\/li>\n<li>Incluye un panel de administraci\u00f3n flexible y f\u00e1cil de usar para una f\u00e1cil administraci\u00f3n de sitios web<\/li>\n<li>Atenci\u00f3n al cliente 24\/7 disponible para asistencia y orientaci\u00f3n<\/li>\n<li>Actualizaciones y mejoras regulares para garantizar el rendimiento y la compatibilidad con las \u00faltimas versiones de WordPress y WooCommerce.<\/li>\n<\/ul>\n","protected":false},"excerpt":{"rendered":"<p>El tema de WordPress de Yobazar Elementor WooCommerce, conocido por su versatilidad y modernidad, ha sido dise\u00f1ado exclusivamente para satisfacer las necesidades de las tiendas en l\u00ednea. Ofrece una personalizaci\u00f3n completa, lo que le permite ajustar cada aspecto de su tienda para alinearse con sus requisitos espec\u00edficos. Con una gran cantidad de dise\u00f1os predise\u00f1ados a su disposici\u00f3n, puede dise\u00f1ar sin esfuerzo una tienda que exuda profesionalismo, todo con solo unos pocos clics simples. Adem\u00e1s, este tema cuenta con una variedad de caracter\u00edsticas robustas, que incluye un carrito personalizable y un proceso de pago, funcionalidades avanzadas de b\u00fasqueda y clasificaci\u00f3n de productos, y mucho m\u00e1s. Por lo tanto, si desea un tema potente y f\u00e1cil de usar para su tienda WooCommerce, el tema de WordPress de Yobazar Elementor WooCommerce surge sin duda una elecci\u00f3n excepcional.<\/p>\n","protected":false},"featured_media":168693,"comment_status":"open","ping_status":"open","template":"","meta":[],"product_brand":[2337],"product_cat":[1263,1264,1237],"product_tag":[1391],"class_list":{"0":"post-115670","1":"product","2":"type-product","3":"status-publish","4":"has-post-thumbnail","6":"product_brand-themeforest","7":"product_cat-comercio-electronico-temas","8":"product_cat-negocio","9":"product_cat-temas","10":"product_tag-themeforest","11":"member-discount","12":"discount-restricted","14":"first","15":"instock","16":"sale","17":"downloadable","18":"virtual","19":"sold-individually","20":"purchasable","21":"product-type-simple"},"_links":{"self":[{"href":"https:\/\/gpl-love.com\/es\/wp-json\/wp\/v2\/product\/115670","targetHints":{"allow":["GET"]}}],"collection":[{"href":"https:\/\/gpl-love.com\/es\/wp-json\/wp\/v2\/product"}],"about":[{"href":"https:\/\/gpl-love.com\/es\/wp-json\/wp\/v2\/types\/product"}],"replies":[{"embeddable":true,"href":"https:\/\/gpl-love.com\/es\/wp-json\/wp\/v2\/comments?post=115670"}],"wp:featuredmedia":[{"embeddable":true,"href":"https:\/\/gpl-love.com\/es\/wp-json\/wp\/v2\/media\/168693"}],"wp:attachment":[{"href":"https:\/\/gpl-love.com\/es\/wp-json\/wp\/v2\/media?parent=115670"}],"wp:term":[{"taxonomy":"product_brand","embeddable":true,"href":"https:\/\/gpl-love.com\/es\/wp-json\/wp\/v2\/product_brand?post=115670"},{"taxonomy":"product_cat","embeddable":true,"href":"https:\/\/gpl-love.com\/es\/wp-json\/wp\/v2\/product_cat?post=115670"},{"taxonomy":"product_tag","embeddable":true,"href":"https:\/\/gpl-love.com\/es\/wp-json\/wp\/v2\/product_tag?post=115670"}],"curies":[{"name":"wp","href":"https:\/\/api.w.org\/{rel}","templated":true}]}}