{"id":115669,"date":"2026-02-18T00:00:00","date_gmt":"2026-02-18T05:00:00","guid":{"rendered":"http:\/\/gpl-love.com\/es\/?post_type=product&#038;p=115669"},"modified":"2026-03-13T17:23:43","modified_gmt":"2026-03-13T22:23:43","slug":"listingeasy-directory-wordpress-theme","status":"publish","type":"product","link":"https:\/\/gpl-love.com\/es\/producto\/listingeasy-directory-wordpress-theme\/","title":{"rendered":"ListingEasy Directory WordPress Theme 1.9.7"},"content":{"rendered":"<h3>ListingEasy Directory WordPress Theme Caracteristicas<\/h3>\n<p>El tema de WordPress del directorio ListingEasy es un tema incre\u00edblemente robusto y f\u00e1cil de usar que ha sido dise\u00f1ado espec\u00edficamente para facilitar la creaci\u00f3n de directorios en l\u00ednea para empresas, servicios y productos. Su interfaz f\u00e1cil de usar permite una gesti\u00f3n f\u00e1cil y eficiente de listados, categor\u00edas y etiquetas. Adem\u00e1s de esto, el tema ofrece una amplia gama de widgets personalizados, un constructor de p\u00e1ginas de arrastrar y soltar, y un motor de b\u00fasqueda impresionantemente potente que permite a los usuarios localizar r\u00e1pidamente lo que buscan. Adem\u00e1s, el tema tambi\u00e9n incorpora funcionalidades avanzadas, como opciones de registro y env\u00edo de usuarios, integraci\u00f3n perfecta con pasarelas de pago y la inclusi\u00f3n de opciones de intercambio de redes sociales. Adem\u00e1s, el dise\u00f1o totalmente receptivo del tema garantiza que el sitio web de su directorio parezca visualmente impresionante y altamente funcional en todos los dispositivos. Al utilizar el tema de WordPress del directorio ListEndeAsy, tendr\u00e1 la capacidad de crear sin esfuerzo un sitio web de directorio de grado profesional, que puede monetizarse a trav\u00e9s de listados pagados, publicidad y marketing de afiliados.<\/p>\n<ul>\n<li>Tema de WordPress de directorio f\u00e1cil de instalar y personalizar<\/li>\n<li>M\u00faltiples p\u00e1ginas de listado totalmente personalizables para empresas y organizaciones<\/li>\n<li>Opciones de b\u00fasqueda y filtro incorporadas para que los usuarios encuentren listados espec\u00edficos<\/li>\n<li>Formularios de env\u00edo front-end f\u00e1cil de usar para empresas\/organizaciones para enviar sus listados<\/li>\n<li>La integraci\u00f3n de Google Maps para mostrar la ubicaci\u00f3n de los listados y las instrucciones<\/li>\n<li>Compatible con m\u00faltiples pasarelas de pago para env\u00edos de listados pagados<\/li>\n<li>Opci\u00f3n para agregar campos personalizados a las p\u00e1ginas de listado para obtener informaci\u00f3n adicional<\/li>\n<li>Dise\u00f1o receptivo que se ve muy bien en los dispositivos de escritorio y m\u00f3viles<\/li>\n<li>Opciones de intercambio en social incorporadas para promocionar listados en las redes sociales<\/li>\n<li>Traducci\u00f3n lista para audiencias internacionales con apoyo para m\u00faltiples idiomas.<\/li>\n<\/ul>\n","protected":false},"excerpt":{"rendered":"<p>ListingEasy es un directorio de WordPress altamente avanzado y sofisticado que ofrece a los usuarios la capacidad de crear sin esfuerzo un sitio web de directorio din\u00e1mico e intuitivo. Al proporcionar una amplia gama de plantillas predise\u00f1adas y caracter\u00edsticas personalizables, este tema permite la exhibici\u00f3n perfecta de empresas o servicios, lo que resulta en una experiencia f\u00e1cil de usar. Adem\u00e1s, el dise\u00f1o moderno y cautivador de ListingEasy lo distingue de otros temas de directorio, lo que lo convierte en una opci\u00f3n ideal para cualquier tipo de directorio de listado, desde clasificados hasta turismo y gu\u00edas de viaje. Adem\u00e1s, este tema es totalmente receptivo, asegurando una funcionalidad \u00f3ptima en varios dispositivos, y tambi\u00e9n es amigable con SEO, lo que mejora su visibilidad en las plataformas de motores de b\u00fasqueda. Adem\u00e1s, ListingEasy cuenta con funciones avanzadas como la integraci\u00f3n de Google Maps, lo que permite a los usuarios localizar f\u00e1cilmente los listados deseados, una funci\u00f3n de b\u00fasqueda avanzada para mejorar la comodidad del usuario y las opciones de pago sin esfuerzo para facilitar las transacciones sin problemas. \u00a1Comience su viaje hacia la creaci\u00f3n de un sitio web de directorio exitoso hoy utilizando las capacidades incomparables de ListingEasy!<\/p>\n","protected":false},"featured_media":166623,"comment_status":"open","ping_status":"open","template":"","meta":[],"product_brand":[2337],"product_cat":[1267,1237,1238],"product_tag":[1391],"class_list":{"0":"post-115669","1":"product","2":"type-product","3":"status-publish","4":"has-post-thumbnail","6":"product_brand-themeforest","7":"product_cat-creativo","8":"product_cat-temas","9":"product_cat-wordpress-temas","10":"product_tag-themeforest","11":"member-discount","12":"discount-restricted","14":"first","15":"instock","16":"sale","17":"downloadable","18":"virtual","19":"sold-individually","20":"purchasable","21":"product-type-simple"},"_links":{"self":[{"href":"https:\/\/gpl-love.com\/es\/wp-json\/wp\/v2\/product\/115669","targetHints":{"allow":["GET"]}}],"collection":[{"href":"https:\/\/gpl-love.com\/es\/wp-json\/wp\/v2\/product"}],"about":[{"href":"https:\/\/gpl-love.com\/es\/wp-json\/wp\/v2\/types\/product"}],"replies":[{"embeddable":true,"href":"https:\/\/gpl-love.com\/es\/wp-json\/wp\/v2\/comments?post=115669"}],"wp:featuredmedia":[{"embeddable":true,"href":"https:\/\/gpl-love.com\/es\/wp-json\/wp\/v2\/media\/166623"}],"wp:attachment":[{"href":"https:\/\/gpl-love.com\/es\/wp-json\/wp\/v2\/media?parent=115669"}],"wp:term":[{"taxonomy":"product_brand","embeddable":true,"href":"https:\/\/gpl-love.com\/es\/wp-json\/wp\/v2\/product_brand?post=115669"},{"taxonomy":"product_cat","embeddable":true,"href":"https:\/\/gpl-love.com\/es\/wp-json\/wp\/v2\/product_cat?post=115669"},{"taxonomy":"product_tag","embeddable":true,"href":"https:\/\/gpl-love.com\/es\/wp-json\/wp\/v2\/product_tag?post=115669"}],"curies":[{"name":"wp","href":"https:\/\/api.w.org\/{rel}","templated":true}]}}