{"id":115644,"date":"2025-10-21T00:00:00","date_gmt":"2025-10-21T05:00:00","guid":{"rendered":"http:\/\/gpl-love.com\/es\/?post_type=product&#038;p=115644"},"modified":"2026-03-09T07:22:33","modified_gmt":"2026-03-09T12:22:33","slug":"buddypress-auto-friendship-pro","status":"publish","type":"product","link":"https:\/\/gpl-love.com\/es\/producto\/buddypress-auto-friendship-pro\/","title":{"rendered":"Auto Friendship Pro BuddyPress 1.2.6"},"content":{"rendered":"<h3>Auto Friendship Pro BuddyPress Caracteristicas<\/h3>\n<p>BuddyPress Auto Friendship Pro, un complemento enormemente potente, se esfuerza por mejorar y racionalizar las complejidades de sus escapadas de redes sociales en BuddyPress a trav\u00e9s de la facilitaci\u00f3n automatizada de adiciones de amigos. Este notable complemento le confiere la notable capacidad de agregar a los miembros nuevos sin esfuerzo y autom\u00e1ticamente a su floreciente lista de compatriotas, al tiempo que proporciona un medio superlativo para agregar miembros en masa a su lista de amigos. Adem\u00e1s, BuddyPress Auto Friendship Pro le brinda el privilegio incomparable de delinear clasificaciones espec\u00edficas de miembros que se consideran elegibles para forjar amistades y, para aumentar a\u00fan m\u00e1s la experiencia social, tiene la libertad de modificar a las misivas a medida para dar la bienvenida cordialmente a sus nuevos amigos en en l\u00ednea en sus nuevos amigos en l\u00ednea en sus nuevos amigos en l\u00ednea. esfera. Con su impresionante variedad de caracter\u00edsticas, este complemento surge como una herramienta indispensable para las personas que buscan racionalizar sus esfuerzos de redes sociales dentro de los reinos de BuddyPress.<\/p>\n<ul>\n<li>Automatiza el proceso de agregar nuevos miembros como amigos en su sitio web de BuddyPress<\/li>\n<li>Ahorra tiempo y esfuerzo eliminando la necesidad de agregar amigos manualmente<\/li>\n<li>Aumenta la participaci\u00f3n en su sitio web mediante la creaci\u00f3n de redes de usuarios activos<\/li>\n<li>Permite la personalizaci\u00f3n con varias configuraciones y opciones<\/li>\n<li>Se puede instalar y configurar f\u00e1cilmente con instrucciones paso a paso<\/li>\n<li>Compatible con la \u00faltima versi\u00f3n de WordPress y BuddyPress<\/li>\n<li>Proporciona una excelente atenci\u00f3n al cliente y actualizaciones regulares<\/li>\n<li>Ayuda a mejorar la experiencia del usuario y facilita la construcci\u00f3n de la comunidad en su sitio web.<\/li>\n<\/ul>\n","protected":false},"excerpt":{"rendered":"<p>Auto Friendship Pro BuddyPress es un complemento din\u00e1mico y f\u00e1cil de usar dise\u00f1ado para optimizar su experiencia en redes sociales. Esta innovadora herramienta crea y acepta solicitudes de amistad autom\u00e1ticamente entre los usuarios de su sitio, fomentando una comunidad m\u00e1s conectada. Es perfecto para aumentar la interacci\u00f3n y los niveles de compromiso en los sitios de BuddyPress, ya que elimina la necesidad de solicitudes manuales de amistad, ahorrando tiempo y esfuerzo a sus usuarios. El complemento Auto Friendship Pro BuddyPress es f\u00e1cil de usar, altamente personalizable y est\u00e1 dise\u00f1ado para funcionar sin problemas con BuddyPress Networks. Con este complemento, construir una comunidad en l\u00ednea activa y amigable nunca ha sido m\u00e1s f\u00e1cil. \u00a1No se pierda el valor que puede agregar a su experiencia de redes sociales!<\/p>\n","protected":false},"featured_media":165570,"comment_status":"open","ping_status":"open","template":"","meta":[],"product_brand":[2387],"product_cat":[1214,1206,1211],"product_tag":[1818],"class_list":{"0":"post-115644","1":"product","2":"type-product","3":"status-publish","4":"has-post-thumbnail","6":"product_brand-buddydev","7":"product_cat-personalizacion","8":"product_cat-plugins","9":"product_cat-wordpress-plugins","10":"product_tag-buddydev","11":"member-discount","12":"discount-restricted","14":"first","15":"instock","16":"sale","17":"downloadable","18":"virtual","19":"sold-individually","20":"purchasable","21":"product-type-simple"},"_links":{"self":[{"href":"https:\/\/gpl-love.com\/es\/wp-json\/wp\/v2\/product\/115644","targetHints":{"allow":["GET"]}}],"collection":[{"href":"https:\/\/gpl-love.com\/es\/wp-json\/wp\/v2\/product"}],"about":[{"href":"https:\/\/gpl-love.com\/es\/wp-json\/wp\/v2\/types\/product"}],"replies":[{"embeddable":true,"href":"https:\/\/gpl-love.com\/es\/wp-json\/wp\/v2\/comments?post=115644"}],"wp:featuredmedia":[{"embeddable":true,"href":"https:\/\/gpl-love.com\/es\/wp-json\/wp\/v2\/media\/165570"}],"wp:attachment":[{"href":"https:\/\/gpl-love.com\/es\/wp-json\/wp\/v2\/media?parent=115644"}],"wp:term":[{"taxonomy":"product_brand","embeddable":true,"href":"https:\/\/gpl-love.com\/es\/wp-json\/wp\/v2\/product_brand?post=115644"},{"taxonomy":"product_cat","embeddable":true,"href":"https:\/\/gpl-love.com\/es\/wp-json\/wp\/v2\/product_cat?post=115644"},{"taxonomy":"product_tag","embeddable":true,"href":"https:\/\/gpl-love.com\/es\/wp-json\/wp\/v2\/product_tag?post=115644"}],"curies":[{"name":"wp","href":"https:\/\/api.w.org\/{rel}","templated":true}]}}