{"id":115642,"date":"2025-09-12T00:00:00","date_gmt":"2025-09-12T05:00:00","guid":{"rendered":"http:\/\/gpl-love.com\/es\/?post_type=product&#038;p=115642"},"modified":"2026-03-09T08:02:46","modified_gmt":"2026-03-09T13:02:46","slug":"pwf-woocommerce-product-filters","status":"publish","type":"product","link":"https:\/\/gpl-love.com\/es\/producto\/pwf-woocommerce-product-filters\/","title":{"rendered":"PWF WooCommerce Product Filters 1.9.8"},"content":{"rendered":"<h3>PWF WooCommerce Product Filters Caracteristicas<\/h3>\n<p>PWF WooCommerce Product Filters es un complemento extremadamente potente que ofrece una multitud de caracter\u00edsticas y funcionalidades para mejorar el rendimiento y la eficiencia de su tienda WooCommerce. Con la implementaci\u00f3n de este complemento, tiene la capacidad de integrar sin esfuerzo filtros avanzados en su tienda, facilitando as\u00ed una experiencia de compra m\u00e1s perfecta y f\u00e1cil de usar para sus clientes estimados. Estos filtros se pueden adaptar y personalizar para cumplir con sus requisitos y preferencias espec\u00edficas, lo que le permite crear una interfaz \u00fanica y personalizada. Adem\u00e1s, tiene la flexibilidad de seleccionar entre una amplia gama de estilos y dise\u00f1os que se alinean perfectamente con la marca de su estimada tienda. La compatibilidad incomparable de los filtros de productos de PWF WooCommerce con su tienda WooCommerce garantiza un proceso de configuraci\u00f3n sin problemas y expedido, lo que le permite observar resultados significativos y tangibles con la mayor conveniencia. Ya sea que su objetivo principal es optimizar el viaje de compra para sus clientes, aumentar las cifras de ventas o lograr ambos objetivos simult\u00e1neamente, los filtros de productos de PWF WooCommerce representan una herramienta indispensable e indispensable que deber\u00eda ser un componente inseparable de cada repertorio del propietario de la tienda de WooCommerce.<\/p>\n<ul>\n<li>Opciones de filtrado avanzadas para productos de WooCommerce<\/li>\n<li>Interfaz f\u00e1cil de usar<\/li>\n<li>Permite a los clientes reducir los productos por varios criterios<\/li>\n<li>Ahorra tiempo para los clientes solo mostrando productos que satisfagan sus necesidades espec\u00edficas<\/li>\n<li>Aumenta las tasas de conversi\u00f3n ofreciendo una experiencia de compra personalizada<\/li>\n<li>Se puede integrar con cualquier tema de WooCommerce<\/li>\n<li>Dise\u00f1ado para tiempos de carga r\u00e1pidas<\/li>\n<li>Soporte completo y actualizaciones regulares proporcionadas<\/li>\n<li>Adecuado para todo tipo de tiendas de comercio electr\u00f3nico<\/li>\n<li>Compatible con m\u00faltiples idiomas y monedas<\/li>\n<li>Funciona en todos los dispositivos: escritorio, tableta y m\u00f3vil<\/li>\n<li>Personalizar la configuraci\u00f3n del filtro para que coincida con los requisitos comerciales<\/li>\n<li>Proporciona an\u00e1lisis e ideas sobre el comportamiento de filtrado de clientes<\/li>\n<li>Reduce las tasas de abandono del carrito ofreciendo sugerencias de productos relevantes<\/li>\n<li>Aumenta la satisfacci\u00f3n y la retenci\u00f3n del cliente<\/li>\n<li>Mejora la navegaci\u00f3n general del sitio y la experiencia del usuario.<\/li>\n<\/ul>\n","protected":false},"excerpt":{"rendered":"<p>Los filtros de productos de PWF WooCommerce cuenta con una amplia gama de caracter\u00edsticas que sirven como respuesta definitiva para aumentar la experiencia de navegaci\u00f3n de los clientes que frecuentan su tienda en l\u00ednea. Al aprovechar la destreza de este complemento notablemente potente, se le brinda la capacidad perfecta para generar sin esfuerzo filtros sofisticados para sus listados de productos, facilitando as\u00ed un proceso simplificado para los clientes en su b\u00fasqueda para identificar precisamente lo que buscan. Con su funcionalidad inherentemente f\u00e1cil de usar y un repertorio expansivo de opciones de personalizaci\u00f3n adaptables, los filtros de productos de PWF WooCommerce surgen como el instrumento por excelencia para maximizar la eficiencia y la eficacia de su tienda en l\u00ednea, lo que finalmente resulta en una mejora marcada de la satisfacci\u00f3n del cliente.<\/p>\n","protected":false},"featured_media":167295,"comment_status":"open","ping_status":"open","template":"","meta":[],"product_brand":[2339],"product_cat":[1207,1248,1206],"product_tag":[1256],"class_list":{"0":"post-115642","1":"product","2":"type-product","3":"status-publish","4":"has-post-thumbnail","6":"product_brand-codecanyon","7":"product_cat-comercio-electronico-plugins","8":"product_cat-personalizacion-comercio-electronico-plugins","9":"product_cat-plugins","10":"product_tag-codecanyon","11":"member-discount","12":"discount-restricted","14":"first","15":"instock","16":"sale","17":"downloadable","18":"virtual","19":"sold-individually","20":"purchasable","21":"product-type-simple"},"_links":{"self":[{"href":"https:\/\/gpl-love.com\/es\/wp-json\/wp\/v2\/product\/115642","targetHints":{"allow":["GET"]}}],"collection":[{"href":"https:\/\/gpl-love.com\/es\/wp-json\/wp\/v2\/product"}],"about":[{"href":"https:\/\/gpl-love.com\/es\/wp-json\/wp\/v2\/types\/product"}],"replies":[{"embeddable":true,"href":"https:\/\/gpl-love.com\/es\/wp-json\/wp\/v2\/comments?post=115642"}],"wp:featuredmedia":[{"embeddable":true,"href":"https:\/\/gpl-love.com\/es\/wp-json\/wp\/v2\/media\/167295"}],"wp:attachment":[{"href":"https:\/\/gpl-love.com\/es\/wp-json\/wp\/v2\/media?parent=115642"}],"wp:term":[{"taxonomy":"product_brand","embeddable":true,"href":"https:\/\/gpl-love.com\/es\/wp-json\/wp\/v2\/product_brand?post=115642"},{"taxonomy":"product_cat","embeddable":true,"href":"https:\/\/gpl-love.com\/es\/wp-json\/wp\/v2\/product_cat?post=115642"},{"taxonomy":"product_tag","embeddable":true,"href":"https:\/\/gpl-love.com\/es\/wp-json\/wp\/v2\/product_tag?post=115642"}],"curies":[{"name":"wp","href":"https:\/\/api.w.org\/{rel}","templated":true}]}}