{"id":115640,"date":"2024-07-02T00:00:00","date_gmt":"2024-07-02T05:00:00","guid":{"rendered":"http:\/\/gpl-love.com\/es\/?post_type=product&#038;p=115640"},"modified":"2026-03-09T07:17:31","modified_gmt":"2026-03-09T12:17:31","slug":"aliexpress-dropshipping-y-fulfillment-para-woocommerce","status":"publish","type":"product","link":"https:\/\/gpl-love.com\/es\/producto\/aliexpress-dropshipping-y-fulfillment-para-woocommerce\/","title":{"rendered":"Aliexpress Dropshipping y Fulfillment para WooCommerce 2.0.4"},"content":{"rendered":"<h3>Aliexpress Dropshipping y Fulfillment para WooCommerce Caracteristicas<\/h3>\n<p>AliExpress Dropshipping y cumplimiento para WooCommerce proporciona a los minoristas en l\u00ednea una soluci\u00f3n de software robusta, lo que les permite optimizar de manera efectiva el proceso de cumplimiento de su pedido. Al aprovechar la capacidad de la plataforma para importar productos sin esfuerzo de AliExpress, los minoristas pueden incorporar r\u00e1pidamente nuevos productos en su tienda en l\u00ednea y comenzar a venderlos en poco tiempo. Adem\u00e1s, el software automatiza a la perfecci\u00f3n todo el proceso de cumplimiento, que abarca el procesamiento y el env\u00edo de pedidos, lo que permite a los minoristas dedicar sus esfuerzos para expandir su negocio. Notablemente f\u00e1cilmente f\u00e1cil de usar y sin problemas con WooCommerce, este software es una soluci\u00f3n \u00f3ptima para los minoristas en l\u00ednea que buscan mejorar su eficiencia operativa y su ventas de refuerzos. En general, el dropshipping y el cumplimiento de Aliexpress para WooCommerce sirve como una herramienta indispensable para cualquier minorista en l\u00ednea que busque optimizar su proceso de cumplimiento de pedidos y impulsar su negocio a nuevas alturas.<\/p>\n<ul>\n<li>Integraci\u00f3n perfecta de AliExpress con su tienda WooCommerce<\/li>\n<li>Establecimiento f\u00e1cil de un modelo de negocio dropshippshipping<\/li>\n<li>Acceso a una amplia selecci\u00f3n de productos y proveedores<\/li>\n<li>Cumplimiento y seguimiento de pedidos autom\u00e1ticos<\/li>\n<li>Capacidad para monitorear y administrar los niveles de inventario<\/li>\n<li>Automatizaci\u00f3n de tareas diarias<\/li>\n<li>Precios personalizables y m\u00e1rgenes de beneficio<\/li>\n<li>Caracter\u00edsticas robustas de an\u00e1lisis e informes<\/li>\n<li>Equipo de atenci\u00f3n al cliente receptivo disponible 24\/7<\/li>\n<\/ul>\n","protected":false},"excerpt":{"rendered":"<p>AliExpress Dropshipping y cumplimiento para WooCommerce es una herramienta innovadora y eficiente dise\u00f1ada para optimizar su tienda en l\u00ednea de WooCommerce. Este complemento le permite importar productos directamente desde AliExpress a su tienda, ahorr\u00e1ndole tiempo y esfuerzo. Con su funcionalidad de dropshipping, puede vender productos sin problemas sin mantener el inventario, por lo que es una soluci\u00f3n ideal para empresarios de comercio electr\u00f3nico. Adem\u00e1s, el complemento facilita el cumplimiento de pedidos sin problemas, actualizando autom\u00e1ticamente la informaci\u00f3n de seguimiento y administrando sus pedidos. Esta herramienta f\u00e1cil de usar es un posible cambio de juego, lo que le brinda los beneficios de un flujo de trabajo simplificado y una mayor eficiencia. Mejore su tienda WooCommerce con el complemento de dropshipps y de cumplimiento de AliExpress y experimente la facilidad de comercio electr\u00f3nico como nunca antes.<\/p>\n","protected":false},"featured_media":165346,"comment_status":"open","ping_status":"open","template":"","meta":[],"product_brand":[2339],"product_cat":[1207,1248,1206],"product_tag":[1256],"class_list":{"0":"post-115640","1":"product","2":"type-product","3":"status-publish","4":"has-post-thumbnail","6":"product_brand-codecanyon","7":"product_cat-comercio-electronico-plugins","8":"product_cat-personalizacion-comercio-electronico-plugins","9":"product_cat-plugins","10":"product_tag-codecanyon","11":"member-discount","12":"discount-restricted","14":"first","15":"instock","16":"sale","17":"downloadable","18":"virtual","19":"sold-individually","20":"purchasable","21":"product-type-simple"},"_links":{"self":[{"href":"https:\/\/gpl-love.com\/es\/wp-json\/wp\/v2\/product\/115640","targetHints":{"allow":["GET"]}}],"collection":[{"href":"https:\/\/gpl-love.com\/es\/wp-json\/wp\/v2\/product"}],"about":[{"href":"https:\/\/gpl-love.com\/es\/wp-json\/wp\/v2\/types\/product"}],"replies":[{"embeddable":true,"href":"https:\/\/gpl-love.com\/es\/wp-json\/wp\/v2\/comments?post=115640"}],"wp:featuredmedia":[{"embeddable":true,"href":"https:\/\/gpl-love.com\/es\/wp-json\/wp\/v2\/media\/165346"}],"wp:attachment":[{"href":"https:\/\/gpl-love.com\/es\/wp-json\/wp\/v2\/media?parent=115640"}],"wp:term":[{"taxonomy":"product_brand","embeddable":true,"href":"https:\/\/gpl-love.com\/es\/wp-json\/wp\/v2\/product_brand?post=115640"},{"taxonomy":"product_cat","embeddable":true,"href":"https:\/\/gpl-love.com\/es\/wp-json\/wp\/v2\/product_cat?post=115640"},{"taxonomy":"product_tag","embeddable":true,"href":"https:\/\/gpl-love.com\/es\/wp-json\/wp\/v2\/product_tag?post=115640"}],"curies":[{"name":"wp","href":"https:\/\/api.w.org\/{rel}","templated":true}]}}