{"id":115638,"date":"2026-03-13T00:00:00","date_gmt":"2026-03-13T05:00:00","guid":{"rendered":"http:\/\/gpl-love.com\/es\/?post_type=product&#038;p=115638"},"modified":"2026-03-13T11:16:46","modified_gmt":"2026-03-13T16:16:46","slug":"woocommerce-xero","status":"publish","type":"product","link":"https:\/\/gpl-love.com\/es\/producto\/woocommerce-xero\/","title":{"rendered":"WooCommerce Xero 1.9.11"},"content":{"rendered":"<h3>WooCommerce Xero Caracteristicas<\/h3>\n<p>El WooCommerce Xero, una herramienta altamente indispensable para empresas de comercio electr\u00f3nico que buscan optimizar y mejorar sus procedimientos contables, sirve como un activo primordial. Esta notable integraci\u00f3n establece una conexi\u00f3n perfecta entre la tienda WooCommerce y el software de contabilidad Xero, facilitando as\u00ed una transferencia suave y sin esfuerzo de datos financieros cruciales. Al aprovechar el poder de esta integraci\u00f3n, las empresas pueden supervisar y regular sin esfuerzo sus gastos, facturas e informaci\u00f3n del cliente, todo el tiempo que engendra la automatizaci\u00f3n del arduo proceso de reconciliaci\u00f3n. La integraci\u00f3n de WooCommerce Xero no solo aumenta la productividad al ahorrar un tiempo valioso, sino que tambi\u00e9n sirve como salvaguardia contra los peligros de los errores manuales, lo que garantiza que la informaci\u00f3n financiera precisa permanezca convenientemente a disposici\u00f3n del propietario del negocio de Astute. En consecuencia, la indispensabilidad de esta integraci\u00f3n no puede ser exagerada, ya que surge inequ\u00edvocamente como una herramienta por excelencia para las empresas que anhelan racionalizar sus pr\u00e1cticas contables y elevar su gesti\u00f3n financiera a alturas sin precedentes.<\/p>\n<ul>\n<li>Integra sin problemas el software de contabilidad de WooCommerce y Xero<\/li>\n<li>Habilita la transferencia autom\u00e1tica de pedidos, pagos y actualizaciones de acciones de WooCommerce a Xero<\/li>\n<li>Reduce la entrada de datos manuales y elimina el riesgo de errores<\/li>\n<li>Proporciona visibilidad en tiempo real de los niveles de inventario y datos de ventas<\/li>\n<li>Simplifica la contabilidad y la informaci\u00f3n financiera<\/li>\n<li>Admite m\u00faltiples canales de venta y conversiones de divisas<\/li>\n<li>Ofrece configuraciones personalizables y opciones de configuraci\u00f3n f\u00e1ciles<\/li>\n<li>Proporciona soporte t\u00e9cnico receptivo y actualizaciones regulares<\/li>\n<li>Confianza por miles de empresas en todo el mundo<\/li>\n<\/ul>\n","protected":false},"excerpt":{"rendered":"<p>WooCommerce Xero se presenta como un complemento de integraci\u00f3n influyente que tiene como objetivo facilitar la optimizaci\u00f3n de su empresa de comercio electr\u00f3nico a trav\u00e9s de la sincronizaci\u00f3n de sus pedidos, productos, clientes y facturas de WooCommerce con el altamente estimado software de contabilidad Xero. Al incorporar esta integraci\u00f3n, puede automatizar de manera efectiva sus procedimientos de contabilidad, frenar simult\u00e1neamente posibles errores y conservar un tiempo precioso. Adem\u00e1s, le otorga acceso sin restricciones a datos financieros meticulosamente actualizados, lo que le permite tomar decisiones bien informadas y juiciosas relacionadas con la trayectoria futura de su negocio. Con cualidades f\u00e1ciles de usar, confiables y fortificadas, WooCommerce Xero se materializa como la soluci\u00f3n por excelencia para los propietarios de comercio electr\u00f3nico laboriosos. \u00a1Sum\u00e9rjase en sus capacidades hoy y disfrute de la maravilla que es una integraci\u00f3n perfecta!<\/p>\n","protected":false},"featured_media":168315,"comment_status":"open","ping_status":"open","template":"","meta":[],"product_brand":[2344],"product_cat":[1208,1207,1206],"product_tag":[1423],"class_list":{"0":"post-115638","1":"product","2":"type-product","3":"status-publish","4":"has-post-thumbnail","6":"product_brand-woocommerce","7":"product_cat-administracion","8":"product_cat-comercio-electronico-plugins","9":"product_cat-plugins","10":"product_tag-woocommerce","11":"member-discount","12":"discount-restricted","14":"first","15":"instock","16":"sale","17":"downloadable","18":"virtual","19":"sold-individually","20":"purchasable","21":"product-type-simple"},"_links":{"self":[{"href":"https:\/\/gpl-love.com\/es\/wp-json\/wp\/v2\/product\/115638","targetHints":{"allow":["GET"]}}],"collection":[{"href":"https:\/\/gpl-love.com\/es\/wp-json\/wp\/v2\/product"}],"about":[{"href":"https:\/\/gpl-love.com\/es\/wp-json\/wp\/v2\/types\/product"}],"replies":[{"embeddable":true,"href":"https:\/\/gpl-love.com\/es\/wp-json\/wp\/v2\/comments?post=115638"}],"wp:featuredmedia":[{"embeddable":true,"href":"https:\/\/gpl-love.com\/es\/wp-json\/wp\/v2\/media\/168315"}],"wp:attachment":[{"href":"https:\/\/gpl-love.com\/es\/wp-json\/wp\/v2\/media?parent=115638"}],"wp:term":[{"taxonomy":"product_brand","embeddable":true,"href":"https:\/\/gpl-love.com\/es\/wp-json\/wp\/v2\/product_brand?post=115638"},{"taxonomy":"product_cat","embeddable":true,"href":"https:\/\/gpl-love.com\/es\/wp-json\/wp\/v2\/product_cat?post=115638"},{"taxonomy":"product_tag","embeddable":true,"href":"https:\/\/gpl-love.com\/es\/wp-json\/wp\/v2\/product_tag?post=115638"}],"curies":[{"name":"wp","href":"https:\/\/api.w.org\/{rel}","templated":true}]}}