{"id":115632,"date":"2025-04-29T00:00:00","date_gmt":"2025-04-29T05:00:00","guid":{"rendered":"http:\/\/gpl-love.com\/es\/?post_type=product&#038;p=115632"},"modified":"2026-04-10T11:26:38","modified_gmt":"2026-04-10T16:26:38","slug":"sumo-woocommerce-dynamic-pricing-discounts","status":"publish","type":"product","link":"https:\/\/gpl-love.com\/es\/producto\/sumo-woocommerce-dynamic-pricing-discounts\/","title":{"rendered":"Sumo WooCommerce Dynamic Pricing Discounts 6.5.0"},"content":{"rendered":"<h3>Sumo WooCommerce Dynamic Pricing Discounts Caracteristicas<\/h3>\n<p>Los descuentos de precios din\u00e1micos de SUMO WooCommerce es un complemento extremadamente formidable que otorga a los propietarios de tiendas en l\u00ednea la capacidad de otorgar descuentos a sus clientes que dependen de reglas y condiciones espec\u00edficas. Con la utilizaci\u00f3n de este complemento, uno puede establecer reglas de precios din\u00e1micas basadas en la ubicaci\u00f3n geogr\u00e1fica del cliente, la cantidad de pedidos, la categor\u00eda de productos y una gran cantidad de otros factores. Esto permite que uno proporcione descuentos personalizados a sus estimados clientes, aumentando as\u00ed la lealtad del cliente y, en \u00faltima instancia, aumentando las cifras de ventas. Instalar y configurar el complemento es un paseo de pastel, gracias a su interfaz f\u00e1cil de usar que facilita la creaci\u00f3n sin esfuerzo y la gesti\u00f3n de las reglas de precios. Ya sea que uno busque ofrecer descuentos masivos, promociones estacionales o ofertas basadas en la ubicaci\u00f3n, la soluci\u00f3n incomparable para la tienda WooCommerce de uno radica en los descuentos de precios din\u00e1micos de SUMO WooCommerce.<\/p>\n<ul>\n<li>Aplicar autom\u00e1ticamente descuentos de precios din\u00e1micos a su tienda WooCommerce<\/li>\n<li>Crear reglas de precios personalizables basadas en el rol de usuario, la categor\u00eda de productos, la cantidad y m\u00e1s<\/li>\n<li>Impulse las ventas ofreciendo descuentos de cantidad, porcentaje o descuentos de cantidad fija y opciones de precios escalonadas<\/li>\n<li>Administrar y actualizar f\u00e1cilmente las reglas de precios con una interfaz f\u00e1cil de usar<\/li>\n<li>Ofrecer descuentos especiales durante las ventas, vacaciones y otras promociones<\/li>\n<li>Calcular y mostrar cantidades de descuento en tiempo real para que los clientes vean<\/li>\n<li>Compatible con temas y complementos populares, incluidos los constructores de p\u00e1ginas y las extensiones de pago<\/li>\n<li>Aumentar la lealtad del cliente ofreciendo opciones de precios personalizadas<\/li>\n<li>Obtenga informaci\u00f3n sobre las tendencias de precios y ajuste las estrategias de precios en consecuencia<\/li>\n<li>Mejore los ingresos generales y los m\u00e1rgenes de ganancias con potentes soluciones de precios din\u00e1micos.<\/li>\n<\/ul>\n","protected":false},"excerpt":{"rendered":"<p>Los descuentos de precios din\u00e1micos de Sumo WooCommerce son un complemento incre\u00edblemente robusto y altamente efectivo que potencia a los propietarios de tiendas en l\u00ednea con la capacidad de generar reglas de precios intrincadas e implementar sin esfuerzo descuentos din\u00e1micos en su amplia gama de productos. Al aprovechar esta herramienta de vanguardia y revolucionaria, tiene la oportunidad excepcional de mejorar exponencialmente sus ventas al ofrecer descuentos meticulosamente personalizados a segmentos espec\u00edficos de los clientes, productos variables e incluso cantidades de pedidos variables. Independientemente de si preside una modesta boutique en l\u00ednea o comenta una empresa de comercio electr\u00f3nico expansiva y expansiva, los descuentos din\u00e1micos de precios de SUMO WOOCOMMERE sirven como la soluci\u00f3n inigualable para vigorizar sus ganancias monetarias y optimizar meticulosamente su estrategia de precios. \u00a1Pruebe este complemento fenomenal hoy y presencie de primera mano la notable transformaci\u00f3n que puede activar para su estimado negocio!<\/p>\n","protected":false},"featured_media":167639,"comment_status":"open","ping_status":"open","template":"","meta":[],"product_brand":[2339],"product_cat":[1207,1248,1206],"product_tag":[1256],"class_list":{"0":"post-115632","1":"product","2":"type-product","3":"status-publish","4":"has-post-thumbnail","6":"product_brand-codecanyon","7":"product_cat-comercio-electronico-plugins","8":"product_cat-personalizacion-comercio-electronico-plugins","9":"product_cat-plugins","10":"product_tag-codecanyon","11":"member-discount","12":"discount-restricted","14":"first","15":"instock","16":"sale","17":"downloadable","18":"virtual","19":"sold-individually","20":"purchasable","21":"product-type-simple"},"_links":{"self":[{"href":"https:\/\/gpl-love.com\/es\/wp-json\/wp\/v2\/product\/115632","targetHints":{"allow":["GET"]}}],"collection":[{"href":"https:\/\/gpl-love.com\/es\/wp-json\/wp\/v2\/product"}],"about":[{"href":"https:\/\/gpl-love.com\/es\/wp-json\/wp\/v2\/types\/product"}],"replies":[{"embeddable":true,"href":"https:\/\/gpl-love.com\/es\/wp-json\/wp\/v2\/comments?post=115632"}],"wp:featuredmedia":[{"embeddable":true,"href":"https:\/\/gpl-love.com\/es\/wp-json\/wp\/v2\/media\/167639"}],"wp:attachment":[{"href":"https:\/\/gpl-love.com\/es\/wp-json\/wp\/v2\/media?parent=115632"}],"wp:term":[{"taxonomy":"product_brand","embeddable":true,"href":"https:\/\/gpl-love.com\/es\/wp-json\/wp\/v2\/product_brand?post=115632"},{"taxonomy":"product_cat","embeddable":true,"href":"https:\/\/gpl-love.com\/es\/wp-json\/wp\/v2\/product_cat?post=115632"},{"taxonomy":"product_tag","embeddable":true,"href":"https:\/\/gpl-love.com\/es\/wp-json\/wp\/v2\/product_tag?post=115632"}],"curies":[{"name":"wp","href":"https:\/\/api.w.org\/{rel}","templated":true}]}}