{"id":115630,"date":"2021-12-20T00:00:00","date_gmt":"2021-12-20T05:00:00","guid":{"rendered":"http:\/\/gpl-love.com\/es\/?post_type=product&#038;p=115630"},"modified":"2026-03-09T07:28:34","modified_gmt":"2026-03-09T12:28:34","slug":"easy-digital-downloads-activecampaign","status":"publish","type":"product","link":"https:\/\/gpl-love.com\/es\/producto\/easy-digital-downloads-activecampaign\/","title":{"rendered":"Easy Digital Downloads ActiveCampaign 1.1.4"},"content":{"rendered":"<h3>Easy Digital Downloads ActiveCampaign Caracteristicas<\/h3>\n<p>Easy Digital Descargas Activecampaign es una herramienta robusta y muy efectiva que empodera a las empresas en l\u00ednea al proporcionarles los medios para automatizar y optimizar sus procesos de marketing. Al integrarse perfectamente con descargas digitales f\u00e1ciles, una plataforma de comercio electr\u00f3nico ampliamente utilizada y estimada, as\u00ed como ActiveCampaign, un software de automatizaci\u00f3n de marketing de vanguardia, esta formidable amalgamaci\u00f3n permite a los usuarios enviar correos electr\u00f3nicos espec\u00edficos, monitorear y analizar meticulosamente los comportamientos de los clientes e construir e implementar meticulosamente e implementar flujos de trabajo personalizados. Con la utilizaci\u00f3n de descargas digitales f\u00e1ciles de Activecampaign, las empresas pueden cultivar y nutrir de manera efectiva, mejorar significativamente la participaci\u00f3n del cliente y, en \u00faltima instancia, amplificar sus flujos de ingresos. Ya sea que sea el propietario de una modesta tienda en l\u00ednea o una empresa expansiva, esta herramienta invaluable representa un activo indispensable para cualquier negocio que se esfuerce por optimizar sus esfuerzos de marketing.<\/p>\n<ul>\n<li>Integra sin problemas descargas digitales f\u00e1ciles con Activecampaign CRM<\/li>\n<li>Automatizar campa\u00f1as de marketing por correo electr\u00f3nico basados \u200b\u200ben el comportamiento de compra de los clientes<\/li>\n<li>Crear listas de correo electr\u00f3nico espec\u00edficas basadas en personajes del comprador<\/li>\n<li>Rastree el historial de compras y las ideas de los clientes para mejorar la estrategia de marketing<\/li>\n<li>Activar secuencias de correo electr\u00f3nico personalizadas basadas en acciones espec\u00edficas, como el abandono del carrito o la compra del producto<\/li>\n<li>Importar f\u00e1cilmente datos de clientes de descargas digitales f\u00e1ciles a Activecampaign<\/li>\n<li>Aumentar las tasas de conversi\u00f3n de ventas y la lealtad del cliente a trav\u00e9s de la comunicaci\u00f3n personalizada<\/li>\n<li>No se requieren habilidades de codificaci\u00f3n para la configuraci\u00f3n y la configuraci\u00f3n<\/li>\n<li>Proporciona potentes capacidades de an\u00e1lisis e informes para una evaluaci\u00f3n efectiva de campa\u00f1as<\/li>\n<\/ul>\n","protected":false},"excerpt":{"rendered":"<p>\u00a1Mejore su negocio en l\u00ednea con descargas digitales f\u00e1ciles ActiveCampaign! Esta poderosa herramienta se integra sin problemas con su tienda EDD, lo que le permite rastrear f\u00e1cilmente y administrar la informaci\u00f3n de su cliente. Con ActiveCampaign, puede automatizar sus campa\u00f1as de marketing por correo electr\u00f3nico, mejorando la participaci\u00f3n del cliente y aumentando las ventas. El complemento tambi\u00e9n le permite crear experiencias personalizadas para el cliente, ofreciendo productos espec\u00edficos basados \u200b\u200ben compras anteriores o historial de navegaci\u00f3n. Obtenga an\u00e1lisis detallados sobre el rendimiento de su campa\u00f1a y tome decisiones basadas en datos para optimizar sus estrategias de marketing digital. \u00a1Amplifique su \u00e9xito de comercio electr\u00f3nico con descargas digitales f\u00e1ciles ActiveCampaign!<\/p>\n","protected":false},"featured_media":165835,"comment_status":"open","ping_status":"open","template":"","meta":[],"product_brand":[2427],"product_cat":[1207,1225,1206],"product_tag":[1280],"class_list":{"0":"post-115630","1":"product","2":"type-product","3":"status-publish","4":"has-post-thumbnail","6":"product_brand-easy-digital-downloads","7":"product_cat-comercio-electronico-plugins","8":"product_cat-marketing","9":"product_cat-plugins","10":"product_tag-easy-digital-downloads","11":"member-discount","12":"discount-restricted","14":"first","15":"instock","16":"sale","17":"downloadable","18":"virtual","19":"sold-individually","20":"purchasable","21":"product-type-simple"},"_links":{"self":[{"href":"https:\/\/gpl-love.com\/es\/wp-json\/wp\/v2\/product\/115630","targetHints":{"allow":["GET"]}}],"collection":[{"href":"https:\/\/gpl-love.com\/es\/wp-json\/wp\/v2\/product"}],"about":[{"href":"https:\/\/gpl-love.com\/es\/wp-json\/wp\/v2\/types\/product"}],"replies":[{"embeddable":true,"href":"https:\/\/gpl-love.com\/es\/wp-json\/wp\/v2\/comments?post=115630"}],"wp:featuredmedia":[{"embeddable":true,"href":"https:\/\/gpl-love.com\/es\/wp-json\/wp\/v2\/media\/165835"}],"wp:attachment":[{"href":"https:\/\/gpl-love.com\/es\/wp-json\/wp\/v2\/media?parent=115630"}],"wp:term":[{"taxonomy":"product_brand","embeddable":true,"href":"https:\/\/gpl-love.com\/es\/wp-json\/wp\/v2\/product_brand?post=115630"},{"taxonomy":"product_cat","embeddable":true,"href":"https:\/\/gpl-love.com\/es\/wp-json\/wp\/v2\/product_cat?post=115630"},{"taxonomy":"product_tag","embeddable":true,"href":"https:\/\/gpl-love.com\/es\/wp-json\/wp\/v2\/product_tag?post=115630"}],"curies":[{"name":"wp","href":"https:\/\/api.w.org\/{rel}","templated":true}]}}