{"id":115608,"date":"2025-10-01T00:00:00","date_gmt":"2025-10-01T05:00:00","guid":{"rendered":"http:\/\/gpl-love.com\/es\/?post_type=product&#038;p=115608"},"modified":"2026-04-10T11:28:46","modified_gmt":"2026-04-10T16:28:46","slug":"tiered-pricing-table-para-woocommerce","status":"publish","type":"product","link":"https:\/\/gpl-love.com\/es\/producto\/tiered-pricing-table-para-woocommerce\/","title":{"rendered":"Tiered Pricing Table para WooCommerce 8.3.0"},"content":{"rendered":"<h3>Tiered Pricing Table para WooCommerce Caracteristicas<\/h3>\n<p>La tabla de precios escalonadas para WooCommerce, una herramienta incre\u00edblemente potente, se presenta como un activo invaluable en la creaci\u00f3n de tablas de precios para su estimada tienda en l\u00ednea. Al emplear este complemento inmaculado, puede extender con gracia los precios divergentes de acuerdo con la cantidad de art\u00edculos adquiridos por su estimada clientela. Esta caracter\u00edstica de Paramount le permite incentivar generosamente a sus clientes para realizar compras a granel a trav\u00e9s de descuentos juiciosamente extendidos. Simult\u00e1neamente, el complemento, siempre f\u00e1cil de usar, le otorga la potencia de crear un n\u00famero infinito de tablas de precios, acomodando as\u00ed sin esfuerzo sus necesidades exactas. Adem\u00e1s, abundan las opciones de personalizaci\u00f3n, lo que le permite armonizar sin problemas la est\u00e9tica visual de sus tablas de precios con el dise\u00f1o general de su sitio web. Al integrar la formidable tabla de precios escalonadas para WooCommerce, sin duda ser\u00e1 testigo de un aumento mete\u00f3rico en ventas e ingresos, al tiempo que garantiza diligentemente la provisi\u00f3n de una experiencia de compra incomparable para sus queridos clientes.<\/p>\n<ul>\n<li>Crear niveles de precios din\u00e1micos y personalizables para su tienda WooCommerce<\/li>\n<li>Establezca f\u00e1cilmente descuentos basados \u200b\u200ben la cantidad, variaciones del producto y m\u00e1s<\/li>\n<li>Ofrecer a los clientes una estructura de precios simplificada y f\u00e1cil de entender<\/li>\n<li>Aumentar las ventas incentivando a los clientes para comprar m\u00e1s<\/li>\n<li>Personalice las opciones de visualizaci\u00f3n para que coincida con el dise\u00f1o de su marca y sitio web<\/li>\n<li>No se requiere conocimiento de codificaci\u00f3n para configurar y usar<\/li>\n<li>Compatible con versiones actuales y futuras de WooCommerce<\/li>\n<li>El dise\u00f1o receptivo garantiza que las tablas de precios se vean bien en cualquier dispositivo<\/li>\n<li>Forma eficiente y efectiva de administrar los precios y promover las ventas en su tienda en l\u00ednea.<\/li>\n<\/ul>\n","protected":false},"excerpt":{"rendered":"<p>La tabla de precios escalonadas para el complemento WooCommerce ofrece un medio altamente efectivo para reforzar las ventas para su tienda en l\u00ednea. Al utilizar este complemento, tiene la capacidad de establecer una tabla de precios que presente opciones de precios escalonadas que dependen de la cantidad de art\u00edculos adquiridos. Esto no solo sirve como un incentivo para que los clientes realicen compras m\u00e1s grandes y, en consecuencia, ahorran dinero, sino que tambi\u00e9n facilita un aumento considerable en sus ingresos. Adem\u00e1s, tiene la opci\u00f3n de exhibir la tabla de precios en las p\u00e1ginas de productos y seleccionar entre una gama de dise\u00f1os y colores distintos para garantizar una integraci\u00f3n perfecta con el dise\u00f1o general de su tienda. Adem\u00e1s, el complemento cuenta con un proceso e interfaz de instalaci\u00f3n f\u00e1cil de usar, lo que lo convierte en un activo invaluable para cualquier propietario de la tienda de WooCommerce exigente.<\/p>\n","protected":false},"featured_media":167825,"comment_status":"open","ping_status":"open","template":"","meta":[],"product_brand":[2344],"product_cat":[1207,1248,1206],"product_tag":[1423],"class_list":{"0":"post-115608","1":"product","2":"type-product","3":"status-publish","4":"has-post-thumbnail","6":"product_brand-woocommerce","7":"product_cat-comercio-electronico-plugins","8":"product_cat-personalizacion-comercio-electronico-plugins","9":"product_cat-plugins","10":"product_tag-woocommerce","11":"member-discount","12":"discount-restricted","14":"first","15":"instock","16":"sale","17":"downloadable","18":"virtual","19":"sold-individually","20":"purchasable","21":"product-type-simple"},"_links":{"self":[{"href":"https:\/\/gpl-love.com\/es\/wp-json\/wp\/v2\/product\/115608","targetHints":{"allow":["GET"]}}],"collection":[{"href":"https:\/\/gpl-love.com\/es\/wp-json\/wp\/v2\/product"}],"about":[{"href":"https:\/\/gpl-love.com\/es\/wp-json\/wp\/v2\/types\/product"}],"replies":[{"embeddable":true,"href":"https:\/\/gpl-love.com\/es\/wp-json\/wp\/v2\/comments?post=115608"}],"wp:featuredmedia":[{"embeddable":true,"href":"https:\/\/gpl-love.com\/es\/wp-json\/wp\/v2\/media\/167825"}],"wp:attachment":[{"href":"https:\/\/gpl-love.com\/es\/wp-json\/wp\/v2\/media?parent=115608"}],"wp:term":[{"taxonomy":"product_brand","embeddable":true,"href":"https:\/\/gpl-love.com\/es\/wp-json\/wp\/v2\/product_brand?post=115608"},{"taxonomy":"product_cat","embeddable":true,"href":"https:\/\/gpl-love.com\/es\/wp-json\/wp\/v2\/product_cat?post=115608"},{"taxonomy":"product_tag","embeddable":true,"href":"https:\/\/gpl-love.com\/es\/wp-json\/wp\/v2\/product_tag?post=115608"}],"curies":[{"name":"wp","href":"https:\/\/api.w.org\/{rel}","templated":true}]}}