{"id":115606,"date":"2021-07-30T00:00:00","date_gmt":"2021-07-30T05:00:00","guid":{"rendered":"http:\/\/gpl-love.com\/es\/?post_type=product&#038;p=115606"},"modified":"2026-03-13T17:17:26","modified_gmt":"2026-03-13T22:17:26","slug":"car-shire-auto-mechanic-y-repair-wordpress-theme","status":"publish","type":"product","link":"https:\/\/gpl-love.com\/es\/producto\/car-shire-auto-mechanic-y-repair-wordpress-theme\/","title":{"rendered":"Car Shire Auto Mechanic y Repair WordPress Theme 2.7"},"content":{"rendered":"<h3>Car Shire Auto Mechanic y Repair WordPress Theme Caracteristicas<\/h3>\n<p>El tema de WordPress de autom\u00f3viles de Car Shire y el tema de reparaci\u00f3n se presenta como la soluci\u00f3n definitiva para las empresas que operan en la industria automotriz, proporcionando un dise\u00f1o pr\u00edstino y sofisticado que incorpora la contemporaneidad y la elegancia. Este tema otorga a los usuarios el poder de personalizar completamente el dise\u00f1o y la funcionalidad de su sitio web, atendiendo sus requisitos precisos. Adem\u00e1s, cuenta con un extenso espectro de caracter\u00edsticas y herramientas que simplifican la administraci\u00f3n y el mantenimiento de talleres de reparaci\u00f3n de autom\u00f3viles en l\u00ednea o negocios mec\u00e1nicos de autom\u00f3viles, que abarca la programaci\u00f3n de citas, los listados de servicios y las tablas de precios. Con la implementaci\u00f3n de un dise\u00f1o receptivo, la mec\u00e1nica de autos de autom\u00f3vil de autom\u00f3viles y el tema de reparaci\u00f3n del tema de WordPress garantizan que su sitio web sigue siendo totalmente accesible en todos los dispositivos, lo que facilita a los clientes para acceder a sus servicios sin esfuerzo desde cualquier lugar, en cualquier momento dado.<\/p>\n<ul>\n<li>Dise\u00f1o totalmente receptivo para una visualizaci\u00f3n \u00f3ptima en todos los dispositivos<\/li>\n<li>Arquitectura de p\u00e1gina de inicio personalizable con creador de p\u00e1ginas de arrastrar y soltar<\/li>\n<li>Se incluyen m\u00faltiples esquemas de color o personalizar los suyos<\/li>\n<li>Panel de opciones robustas para una f\u00e1cil personalizaci\u00f3n del sitio<\/li>\n<li>Servicios, galer\u00eda y secciones de tablas de precios para mostrar su experiencia<\/li>\n<li>Secci\u00f3n de testimonios para pruebas sociales y comentarios de los clientes<\/li>\n<li>Sistema de reserva de citas incluido con formularios personalizables y notificaciones por correo electr\u00f3nico<\/li>\n<li>Blog incorporado para marketing de contenidos y optimizaci\u00f3n de motores de b\u00fasqueda<\/li>\n<li>Integraci\u00f3n de las redes sociales para un f\u00e1cil intercambio y promoci\u00f3n<\/li>\n<li>Integraci\u00f3n de WooCommerce para vender piezas o mercanc\u00edas<\/li>\n<li>Documentaci\u00f3n integral y atenci\u00f3n al cliente proporcionada.<\/li>\n<\/ul>\n","protected":false},"excerpt":{"rendered":"<p>Presentaci\u00f3n de la mec\u00e1nica automotriz y el tema de Wordpress de reparaci\u00f3n de autom\u00f3viles: un tema altamente receptivo y f\u00e1cil de usar dise\u00f1ado espec\u00edficamente para mec\u00e1nica automotriz, talleres de reparaci\u00f3n de autom\u00f3viles y negocios relacionados. Su dise\u00f1o moderno y sus caracter\u00edsticas avanzadas lo convierten en una opci\u00f3n destacada para los profesionales en la industria automotriz. Este tema de WordPress viene con una interfaz f\u00e1cil de usar que garantiza una navegaci\u00f3n sin problemas. Su versatilidad le permite personalizar su sitio para reflejar perfectamente su marca. Con la codificaci\u00f3n amigable con SEO, su sitio se clasificar\u00e1 m\u00e1s alto en los resultados de los motores de b\u00fasqueda, atrayendo a m\u00e1s clientes potenciales. Este tema tambi\u00e9n es compatible con WooCommerce, lo que le permite expandir su negocio en l\u00ednea. Beneficiarse de los gr\u00e1ficos de alta calidad del tema, dise\u00f1ados para mostrar sus servicios y productos de la mejor manera posible. El tema de WordPress de Car Shire Auto Mechanic y Repair no es solo un tema, es una herramienta poderosa para el \u00e9xito de su negocio.<\/p>\n","protected":false},"featured_media":165593,"comment_status":"open","ping_status":"open","template":"","meta":[],"product_brand":[2337],"product_cat":[1307,1237,1238],"product_tag":[1391],"class_list":{"0":"post-115606","1":"product","2":"type-product","3":"status-publish","4":"has-post-thumbnail","6":"product_brand-themeforest","7":"product_cat-negocio-wordpress-temas","8":"product_cat-temas","9":"product_cat-wordpress-temas","10":"product_tag-themeforest","11":"member-discount","12":"discount-restricted","14":"first","15":"instock","16":"sale","17":"downloadable","18":"virtual","19":"sold-individually","20":"purchasable","21":"product-type-simple"},"_links":{"self":[{"href":"https:\/\/gpl-love.com\/es\/wp-json\/wp\/v2\/product\/115606","targetHints":{"allow":["GET"]}}],"collection":[{"href":"https:\/\/gpl-love.com\/es\/wp-json\/wp\/v2\/product"}],"about":[{"href":"https:\/\/gpl-love.com\/es\/wp-json\/wp\/v2\/types\/product"}],"replies":[{"embeddable":true,"href":"https:\/\/gpl-love.com\/es\/wp-json\/wp\/v2\/comments?post=115606"}],"wp:featuredmedia":[{"embeddable":true,"href":"https:\/\/gpl-love.com\/es\/wp-json\/wp\/v2\/media\/165593"}],"wp:attachment":[{"href":"https:\/\/gpl-love.com\/es\/wp-json\/wp\/v2\/media?parent=115606"}],"wp:term":[{"taxonomy":"product_brand","embeddable":true,"href":"https:\/\/gpl-love.com\/es\/wp-json\/wp\/v2\/product_brand?post=115606"},{"taxonomy":"product_cat","embeddable":true,"href":"https:\/\/gpl-love.com\/es\/wp-json\/wp\/v2\/product_cat?post=115606"},{"taxonomy":"product_tag","embeddable":true,"href":"https:\/\/gpl-love.com\/es\/wp-json\/wp\/v2\/product_tag?post=115606"}],"curies":[{"name":"wp","href":"https:\/\/api.w.org\/{rel}","templated":true}]}}