{"id":115604,"date":"2025-09-09T00:00:00","date_gmt":"2025-09-09T05:00:00","guid":{"rendered":"http:\/\/gpl-love.com\/es\/?post_type=product&#038;p=115604"},"modified":"2026-03-09T08:27:04","modified_gmt":"2026-03-09T13:27:04","slug":"wootour-woocommerce-travel-tour-booking","status":"publish","type":"product","link":"https:\/\/gpl-love.com\/es\/producto\/wootour-woocommerce-travel-tour-booking\/","title":{"rendered":"WooTour WooCommerce Travel Tour Booking 3.6.4"},"content":{"rendered":"<h3>WooTour WooCommerce Travel Tour Booking Caracteristicas<\/h3>\n<p>Wootour, un complemento de WooCommerce incre\u00edblemente robusto, ha sido meticulosamente dise\u00f1ado para satisfacer las necesidades espec\u00edficas de los negocios de viajes y reservas de gira. Su objetivo principal es facilitar y simplificar el proceso de reservas de gira y actividad, lo que permite a los clientes reservar sin problemas sus experiencias deseadas directamente a trav\u00e9s de su sitio web. Gracias a Wootour, obtienes la capacidad de crear y administrar sin esfuerzo una variedad de paquetes tur\u00edsticos, todo mientras mantiene un control completo sobre aspectos vitales como los precios, la disponibilidad y los horarios. Adem\u00e1s, este complemento excepcional permite la inclusi\u00f3n de adiciones personalizadas a sus recorridos, que van desde detalles cruciales como ubicaciones de recogida y entrega hasta opciones m\u00e1s indulgentes como preferencias de comidas. Adem\u00e1s, la integraci\u00f3n perfecta de Wootour con WooCommerce, una plataforma de comercio electr\u00f3nico extremadamente din\u00e1mico, le permite capitalizar sus caracter\u00edsticas notables, incluida una amplia selecci\u00f3n de pasarelas de pago, capacidades de gesti\u00f3n de pedidos optimizadas y funcionalidad de la cuenta de clientes. Adem\u00e1s, Wootour se enorgullece de su notable personalizaci\u00f3n, ofreciendo a los usuarios una amplia gama de opciones para adaptar su sitio web de reserva de gira a sus preferencias exactas. Desde la capacidad de elegir entre una gran cantidad de plantillas personalizables hasta la libertad de seleccionar colores y estilos espec\u00edficos, las posibilidades de personalizaci\u00f3n son pr\u00e1cticamente infinitas. En conclusi\u00f3n, Wootour es inequ\u00edvocamente una adici\u00f3n indispensable a cualquier sitio web de reservas de tour, ya que proporciona un nivel de eficiencia incomparable, optimiza efectivamente el proceso de reserva y, en \u00faltima instancia, refuerza las ventas e ingresos.<\/p>\n<ul>\n<li>Un complemento premium para reservar y administrar visitas de viajes en su sitio web de WooCommerce<\/li>\n<li>Integraci\u00f3n f\u00e1cil con su tienda WooCommerce existente<\/li>\n<li>Paquetes tur\u00edsticos personalizables con diferentes opciones de precios y disponibilidad<\/li>\n<li>Capacidad para crear y administrar m\u00faltiples tipos de giros, incluidos viajes de d\u00eda, recorridos extendidos y recorridos personalizados.<\/li>\n<li>Opciones de reserva y pago flexibles que incluyen procesamiento y dep\u00f3sitos de pago en tiempo real<\/li>\n<li>Capacidad para administrar la disponibilidad del recorrido con la vista del calendario y los l\u00edmites de reserva<\/li>\n<li>Notificaciones autom\u00e1ticas por correo electr\u00f3nico para confirmaciones de reserva, cancelaciones y recordatorios para los clientes<\/li>\n<li>Opciones avanzadas de b\u00fasqueda y filtrado para clientes que buscan recorridos en su sitio web<\/li>\n<li>Herramientas de gesti\u00f3n del cliente, incluida la capacidad de ver el historial de reservas y la informaci\u00f3n de contacto<\/li>\n<li>Herramientas completas de informes y an\u00e1lisis para rastrear reservas de gira, ingresos y m\u00e1s.<\/li>\n<\/ul>\n","protected":false},"excerpt":{"rendered":"<p>Wootour, un complemento de reserva notablemente robusto y f\u00e1cil de usar, ha sido intrincadamente elaborado para atender exclusivamente a las compa\u00f1\u00edas de viajes y tour que operan en WooCommerce. Esta herramienta excepcional proporciona un medio sin esfuerzo para manejar eficazmente las reservas, la disponibilidad, los precios y la gesti\u00f3n del itinerario, al tiempo que ofrece a los clientes una experiencia de reserva sin problemas a trav\u00e9s de una interfaz que es intuitiva y f\u00e1cil de usar. Con funcionalidades de vanguardia, como actualizaciones de disponibilidad en tiempo real, notificaciones de correo electr\u00f3nico automatizadas y opciones de precios adaptables, WooTour se erige como la soluci\u00f3n definitiva para cualquier operador tur\u00edstico que busque optimizar y optimizar sus procedimientos de reserva, impulsando as\u00ed su negocio hacia un crecimiento sin precedentes.<\/p>\n","protected":false},"featured_media":168335,"comment_status":"open","ping_status":"open","template":"","meta":[],"product_brand":[2339],"product_cat":[1207,1248,1206],"product_tag":[1256],"class_list":{"0":"post-115604","1":"product","2":"type-product","3":"status-publish","4":"has-post-thumbnail","6":"product_brand-codecanyon","7":"product_cat-comercio-electronico-plugins","8":"product_cat-personalizacion-comercio-electronico-plugins","9":"product_cat-plugins","10":"product_tag-codecanyon","11":"member-discount","12":"discount-restricted","14":"first","15":"instock","16":"sale","17":"downloadable","18":"virtual","19":"sold-individually","20":"purchasable","21":"product-type-simple"},"_links":{"self":[{"href":"https:\/\/gpl-love.com\/es\/wp-json\/wp\/v2\/product\/115604","targetHints":{"allow":["GET"]}}],"collection":[{"href":"https:\/\/gpl-love.com\/es\/wp-json\/wp\/v2\/product"}],"about":[{"href":"https:\/\/gpl-love.com\/es\/wp-json\/wp\/v2\/types\/product"}],"replies":[{"embeddable":true,"href":"https:\/\/gpl-love.com\/es\/wp-json\/wp\/v2\/comments?post=115604"}],"wp:featuredmedia":[{"embeddable":true,"href":"https:\/\/gpl-love.com\/es\/wp-json\/wp\/v2\/media\/168335"}],"wp:attachment":[{"href":"https:\/\/gpl-love.com\/es\/wp-json\/wp\/v2\/media?parent=115604"}],"wp:term":[{"taxonomy":"product_brand","embeddable":true,"href":"https:\/\/gpl-love.com\/es\/wp-json\/wp\/v2\/product_brand?post=115604"},{"taxonomy":"product_cat","embeddable":true,"href":"https:\/\/gpl-love.com\/es\/wp-json\/wp\/v2\/product_cat?post=115604"},{"taxonomy":"product_tag","embeddable":true,"href":"https:\/\/gpl-love.com\/es\/wp-json\/wp\/v2\/product_tag?post=115604"}],"curies":[{"name":"wp","href":"https:\/\/api.w.org\/{rel}","templated":true}]}}