{"id":115602,"date":"2025-09-19T00:00:00","date_gmt":"2025-09-19T05:00:00","guid":{"rendered":"http:\/\/gpl-love.com\/es\/?post_type=product&#038;p=115602"},"modified":"2026-03-09T08:27:51","modified_gmt":"2026-03-09T13:27:51","slug":"wp-all-import-pro-acf-add-on","status":"publish","type":"product","link":"https:\/\/gpl-love.com\/es\/producto\/wp-all-import-pro-acf-add-on\/","title":{"rendered":"WP All Import ACF Addon 4.0.1"},"content":{"rendered":"<h3>WP All Import ACF Addon Caracteristicas<\/h3>\n<p>El WP TODS Import ACF Addon, una herramienta robusta, cuenta con la capacidad de facilitar sin esfuerzo la importaci\u00f3n y exportaci\u00f3n de datos hacia y desde los sitios web de WordPress. Con su integraci\u00f3n perfecta con el complemento avanzado de campos personalizados (ACF), a los usuarios se les otorga la conveniencia de elaborar sin esfuerzo campos personalizados y posteriormente importarlos a su sitio de WordPress. Exhibiendo una flexibilidad incomparable y una facilidad de uso, el complemento WP TODO de importaci\u00f3n ACF presenta una interfaz simplista de arrastrar y soltar que simplifica el proceso de mapeo de campo y personalizaci\u00f3n de datos. Esta notable herramienta faculta a los usuarios para importar datos de los archivos CSV o XML, al tiempo que los capacita con la capacidad de actualizar los datos existentes o generar nuevas publicaciones y p\u00e1ginas. Independientemente de si uno es un desarrollador o propietario de un sitio web, el complemento ACF WP de WP se destaca como un recurso indispensable para administrar de manera efectiva los datos del sitio de WordPress de uno.<\/p>\n<ul>\n<li>Permite la importaci\u00f3n f\u00e1cil de datos avanzados de campos personalizados (ACF) en WordPress<\/li>\n<li>Compatible con cualquier formato de archivo XML, CSV o Excel<\/li>\n<li>Admite la importaci\u00f3n de campos ACF anidados y campos de repetici\u00f3n<\/li>\n<li>Proporciona una interfaz de mapeo intuitiva para mapear campos ACF para importar datos<\/li>\n<li>Detecta y crea autom\u00e1ticamente los campos ACF faltantes<\/li>\n<li>Se puede usar con WP All Import Pro, lo que puede importar grandes cantidades de datos a WordPress<\/li>\n<li>Ofrece soporte de campo personalizado para complementos populares, incluidos WooCommerce y Yoast SEO<\/li>\n<li>Proporciona opciones de programaci\u00f3n flexibles para la importaci\u00f3n automatizada de datos en WordPress<\/li>\n<\/ul>\n","protected":false},"excerpt":{"rendered":"<p>El complemento WP All Import ACF, que es una herramienta incre\u00edblemente robusta y potente, le proporciona la capacidad perfecta de importar datos sin esfuerzo a campos personalizados avanzados (ACF) en el sistema de gesti\u00f3n de contenido ampliamente popular WordPress. Este complemento le otorga la capacidad de manejar de manera eficiente las estructuras de datos intrincadas y multifac\u00e9ticas, junto con la capacidad de gestionar efectivamente campos y taxonom\u00edas personalizadas en su sitio de WordPress. Lo que distingue a este complemento es su interfaz f\u00e1cil de usar e intuitiva para el usuario, que facilita el mapeo sin esfuerzo de sus datos a los campos ACF. Adem\u00e1s, este complemento cuenta con compatibilidad con una variedad de formatos de archivos de datos, que abarca, pero no se limita a CSV, XML y muchos m\u00e1s. Si se encuentra buscando una soluci\u00f3n simplificada para simplificar su proceso de importaci\u00f3n de datos y administrar expertos sus campos personalizados, entonces el complemento de importaci\u00f3n de WP ACF se presenta como la soluci\u00f3n por excelencia que ha estado en busca.<\/p>\n","protected":false},"featured_media":168370,"comment_status":"open","ping_status":"open","template":"","meta":[],"product_brand":[2340],"product_cat":[1212,1206,1211],"product_tag":[1436],"class_list":{"0":"post-115602","1":"product","2":"type-product","3":"status-publish","4":"has-post-thumbnail","6":"product_brand-wp-all-import","7":"product_cat-administracion-wordpress-plugins","8":"product_cat-plugins","9":"product_cat-wordpress-plugins","10":"product_tag-wp-all-import","11":"member-discount","12":"discount-restricted","14":"first","15":"instock","16":"sale","17":"downloadable","18":"virtual","19":"sold-individually","20":"purchasable","21":"product-type-simple"},"_links":{"self":[{"href":"https:\/\/gpl-love.com\/es\/wp-json\/wp\/v2\/product\/115602","targetHints":{"allow":["GET"]}}],"collection":[{"href":"https:\/\/gpl-love.com\/es\/wp-json\/wp\/v2\/product"}],"about":[{"href":"https:\/\/gpl-love.com\/es\/wp-json\/wp\/v2\/types\/product"}],"replies":[{"embeddable":true,"href":"https:\/\/gpl-love.com\/es\/wp-json\/wp\/v2\/comments?post=115602"}],"wp:featuredmedia":[{"embeddable":true,"href":"https:\/\/gpl-love.com\/es\/wp-json\/wp\/v2\/media\/168370"}],"wp:attachment":[{"href":"https:\/\/gpl-love.com\/es\/wp-json\/wp\/v2\/media?parent=115602"}],"wp:term":[{"taxonomy":"product_brand","embeddable":true,"href":"https:\/\/gpl-love.com\/es\/wp-json\/wp\/v2\/product_brand?post=115602"},{"taxonomy":"product_cat","embeddable":true,"href":"https:\/\/gpl-love.com\/es\/wp-json\/wp\/v2\/product_cat?post=115602"},{"taxonomy":"product_tag","embeddable":true,"href":"https:\/\/gpl-love.com\/es\/wp-json\/wp\/v2\/product_tag?post=115602"}],"curies":[{"name":"wp","href":"https:\/\/api.w.org\/{rel}","templated":true}]}}