{"id":115598,"date":"2026-03-09T00:00:00","date_gmt":"2026-03-09T05:00:00","guid":{"rendered":"http:\/\/gpl-love.com\/es\/?post_type=product&#038;p=115598"},"modified":"2026-03-13T17:17:57","modified_gmt":"2026-03-13T22:17:57","slug":"construction-wordpress-tema-constructo","status":"publish","type":"product","link":"https:\/\/gpl-love.com\/es\/producto\/construction-wordpress-tema-constructo\/","title":{"rendered":"Construction WordPress Tema Constructo 5.0.4"},"content":{"rendered":"<h3>Construction WordPress Tema Constructo Caracteristicas<\/h3>\n<p>El tema de WordPress de construcci\u00f3n de construcci\u00f3n muestra un nivel excepcional de sofisticaci\u00f3n y utilidad para las personas que se esfuerzan por fabricar un sitio web adaptado a su empresa de construcci\u00f3n. Este tema abarca una variedad de atributos que facilitan la orquestaci\u00f3n f\u00e1cil de la concepci\u00f3n y personalizaci\u00f3n de su sitio web, aline\u00e1ndolo armoniosamente con su identidad de marca distintiva. En particular, este tema est\u00e1 equipado con una multitud de funcionalidades, incluido un constructor de p\u00e1ginas intuitivo de arrastrar y soltar, una variedad diversa de plantillas meticulosamente elaboradas y un dise\u00f1o inherentemente receptivo. Adem\u00e1s, la construcci\u00f3n est\u00e1 inequ\u00edvocamente optimizada para cumplir con los estrictos requisitos establecidos por los motores de b\u00fasqueda, asegurando as\u00ed una ubicaci\u00f3n elevada en las p\u00e1ginas de resultados del motor de b\u00fasqueda. Al aprovechar las capacidades expansivas de Constructo, posee la capacidad de engendrar un sitio web inmersivo y centrado en el usuario, que muestra eficazmente sus servicios de construcci\u00f3n y ejemplifica sus proyectos pasados \u200b\u200bde manera convincente.<\/p>\n<ul>\n<li>Dise\u00f1o moderno y profesional con elementos elegantes pero funcionales<\/li>\n<li>Dise\u00f1o totalmente receptivo para una visualizaci\u00f3n \u00f3ptima en cualquier dispositivo<\/li>\n<li>M\u00e1s de 20 p\u00e1ginas predise\u00f1adas para elegir, incluyendo hogar, sobre, servicios, proyectos y m\u00e1s<\/li>\n<li>Opciones de personalizaci\u00f3n f\u00e1ciles con el constructor de p\u00e1ginas de arrastre y suelto incorporado<\/li>\n<li>Compatible con complementos populares como WooCommerce, Contact Form 7 y WPML<\/li>\n<li>Panel de opciones de temas avanzados para control integral sobre la configuraci\u00f3n del sitio<\/li>\n<li>Constructores de encabezado y pie de p\u00e1gina incorporados para una f\u00e1cil creaci\u00f3n de dise\u00f1os personalizados<\/li>\n<li>SEO optimizado para una mejor visibilidad del motor de b\u00fasqueda<\/li>\n<li>Contenido de demostraci\u00f3n incluido para una configuraci\u00f3n r\u00e1pida y f\u00e1cil<\/li>\n<li>Equipo de soporte dedicado disponible para asistencia y soluci\u00f3n de problemas<\/li>\n<\/ul>\n","protected":false},"excerpt":{"rendered":"<p>Exhiba su destreza de construcci\u00f3n con nuestro tema de WordPress de construcci\u00f3n. Dise\u00f1ado espec\u00edficamente para empresas de construcci\u00f3n, constructores, arquitectos e ingenieros, este tema ofrece una plataforma robusta para mostrar sus proyectos y servicios. Con su dise\u00f1o receptivo, su sitio web se ver\u00e1 impresionante en cualquier dispositivo, ya sea un escritorio, una computadora port\u00e1til, tableta o m\u00f3vil. El tema ConstructO presenta un creador de arrastrar y soltar f\u00e1cil de usar, lo que le permite personalizar su sitio web con facilidad. Disfrute de su interfaz amigable para SEO que ayudar\u00e1 a aumentar su visibilidad en l\u00ednea. Adem\u00e1s, el tema est\u00e1 listo para la traducci\u00f3n, lo que le permite llegar a una audiencia global. Su dise\u00f1o limpio y profesional, junto con funcionalidades avanzadas, hace que Constructo WordPress sea un tema integral para su negocio de construcci\u00f3n.<\/p>\n","protected":false},"featured_media":165651,"comment_status":"open","ping_status":"open","template":"","meta":[],"product_brand":[2337],"product_cat":[1307,1237,1238],"product_tag":[1391],"class_list":{"0":"post-115598","1":"product","2":"type-product","3":"status-publish","4":"has-post-thumbnail","6":"product_brand-themeforest","7":"product_cat-negocio-wordpress-temas","8":"product_cat-temas","9":"product_cat-wordpress-temas","10":"product_tag-themeforest","11":"member-discount","12":"discount-restricted","14":"first","15":"instock","16":"sale","17":"downloadable","18":"virtual","19":"sold-individually","20":"purchasable","21":"product-type-simple"},"_links":{"self":[{"href":"https:\/\/gpl-love.com\/es\/wp-json\/wp\/v2\/product\/115598","targetHints":{"allow":["GET"]}}],"collection":[{"href":"https:\/\/gpl-love.com\/es\/wp-json\/wp\/v2\/product"}],"about":[{"href":"https:\/\/gpl-love.com\/es\/wp-json\/wp\/v2\/types\/product"}],"replies":[{"embeddable":true,"href":"https:\/\/gpl-love.com\/es\/wp-json\/wp\/v2\/comments?post=115598"}],"wp:featuredmedia":[{"embeddable":true,"href":"https:\/\/gpl-love.com\/es\/wp-json\/wp\/v2\/media\/165651"}],"wp:attachment":[{"href":"https:\/\/gpl-love.com\/es\/wp-json\/wp\/v2\/media?parent=115598"}],"wp:term":[{"taxonomy":"product_brand","embeddable":true,"href":"https:\/\/gpl-love.com\/es\/wp-json\/wp\/v2\/product_brand?post=115598"},{"taxonomy":"product_cat","embeddable":true,"href":"https:\/\/gpl-love.com\/es\/wp-json\/wp\/v2\/product_cat?post=115598"},{"taxonomy":"product_tag","embeddable":true,"href":"https:\/\/gpl-love.com\/es\/wp-json\/wp\/v2\/product_tag?post=115598"}],"curies":[{"name":"wp","href":"https:\/\/api.w.org\/{rel}","templated":true}]}}