{"id":115596,"date":"2022-02-02T00:00:00","date_gmt":"2022-02-02T05:00:00","guid":{"rendered":"http:\/\/gpl-love.com\/es\/?post_type=product&#038;p=115596"},"modified":"2026-03-13T17:19:10","modified_gmt":"2026-03-13T22:19:10","slug":"devita-multipurpose-tema-para-woocommerce-wordpress","status":"publish","type":"product","link":"https:\/\/gpl-love.com\/es\/producto\/devita-multipurpose-tema-para-woocommerce-wordpress\/","title":{"rendered":"Devita Multipurpose Tema para WooCommerce WordPress 1.7.1"},"content":{"rendered":"<h3>Devita Multipurpose Tema para WooCommerce WordPress Caracteristicas<\/h3>\n<p>El tema de MultipurSose DeVita, un tema de WordPress altamente adaptable y f\u00e1cil de usar, ha sido atento para satisfacer espec\u00edficamente las necesidades de WooCommerce. Con su dise\u00f1o sofisticado y contempor\u00e1neo, garantiza una experiencia de compra incomparable para los clientes. La notable caracter\u00edstica del tema radica en su completa personalizaci\u00f3n, lo que permite a los usuarios personalizar la apariencia y el ambiente de sus tiendas en l\u00ednea. Adem\u00e1s, su integraci\u00f3n perfecta con WooCommerce facilita la gesti\u00f3n de productos sin esfuerzo, los procesos de pago sin problemas y las transacciones de pago simplificadas. Adem\u00e1s, el tema de MultipurSose Devita se ha optimizado meticulosamente para dispositivos m\u00f3viles, asegurando que los clientes puedan participar convenientemente en actividades de compra mientras se mudan. Con su extensa gama de caracter\u00edsticas y funcionalidades, no hace falta decir que el tema de MultipurUrose DeVita es una opci\u00f3n excepcional para cualquier empresa de comercio electr\u00f3nico.<\/p>\n<ul>\n<li>Dise\u00f1o elegante y moderno para sitios web de comercio electr\u00f3nico<\/li>\n<li>Dise\u00f1o totalmente receptivo para dispositivos m\u00f3viles y tabletas<\/li>\n<li>Compatible con el complemento de WooCommerce para una f\u00e1cil gesti\u00f3n de tiendas en l\u00ednea<\/li>\n<li>Personalizable con opciones de color ilimitadas y varios formatos de dise\u00f1o<\/li>\n<li>Panel de opciones de temas avanzados para una f\u00e1cil personalizaci\u00f3n sin codificar<\/li>\n<li>Optimizaci\u00f3n de SEO incorporada para aumentar las clasificaciones de motores de b\u00fasqueda de su sitio web<\/li>\n<li>Traducci\u00f3n lista con soporte para varios idiomas<\/li>\n<li>Incluye complementos premium como Revolution Slider y Visual Composer<\/li>\n<li>Viene con una amplia documentaci\u00f3n y apoyo dedicado para la configuraci\u00f3n sin problemas<\/li>\n<li>Actualizaciones y mejoras regulares para un rendimiento y seguridad \u00f3ptimos.<\/li>\n<\/ul>\n","protected":false},"excerpt":{"rendered":"<p>DeVita es un tema multiprop\u00f3sito todo incluido dise\u00f1ado para mejorar su experiencia WooCommerce WordPress. Este tema vers\u00e1til est\u00e1 repleto de caracter\u00edsticas que lo convierten en una opci\u00f3n adecuada para cualquier negocio, desde nuevas empresas hasta grandes corporaciones. DeVita es totalmente sensible, asegurando que su sitio se vea impresionante y funcione sin problemas en cualquier dispositivo. Con sus amplias opciones de personalizaci\u00f3n, puede personalizar f\u00e1cilmente su sitio para que coincida con su marca. Para aquellos que desean maximizar sus ventas en l\u00ednea, DeVita est\u00e1 listo para WooCommerce, lo que permite una integraci\u00f3n perfecta con su tienda en l\u00ednea. Lleve su sitio de WordPress al siguiente nivel con Devita, el tema multiprop\u00f3sito que ofrece flexibilidad, funcionalidad y estilo.<\/p>\n","protected":false},"featured_media":165763,"comment_status":"open","ping_status":"open","template":"","meta":[],"product_brand":[2337],"product_cat":[1239,1237,1238],"product_tag":[1391],"class_list":{"0":"post-115596","1":"product","2":"type-product","3":"status-publish","4":"has-post-thumbnail","6":"product_brand-themeforest","7":"product_cat-de-multiples-fines","8":"product_cat-temas","9":"product_cat-wordpress-temas","10":"product_tag-themeforest","11":"member-discount","12":"discount-restricted","14":"first","15":"instock","16":"sale","17":"downloadable","18":"virtual","19":"sold-individually","20":"purchasable","21":"product-type-simple"},"_links":{"self":[{"href":"https:\/\/gpl-love.com\/es\/wp-json\/wp\/v2\/product\/115596","targetHints":{"allow":["GET"]}}],"collection":[{"href":"https:\/\/gpl-love.com\/es\/wp-json\/wp\/v2\/product"}],"about":[{"href":"https:\/\/gpl-love.com\/es\/wp-json\/wp\/v2\/types\/product"}],"replies":[{"embeddable":true,"href":"https:\/\/gpl-love.com\/es\/wp-json\/wp\/v2\/comments?post=115596"}],"wp:featuredmedia":[{"embeddable":true,"href":"https:\/\/gpl-love.com\/es\/wp-json\/wp\/v2\/media\/165763"}],"wp:attachment":[{"href":"https:\/\/gpl-love.com\/es\/wp-json\/wp\/v2\/media?parent=115596"}],"wp:term":[{"taxonomy":"product_brand","embeddable":true,"href":"https:\/\/gpl-love.com\/es\/wp-json\/wp\/v2\/product_brand?post=115596"},{"taxonomy":"product_cat","embeddable":true,"href":"https:\/\/gpl-love.com\/es\/wp-json\/wp\/v2\/product_cat?post=115596"},{"taxonomy":"product_tag","embeddable":true,"href":"https:\/\/gpl-love.com\/es\/wp-json\/wp\/v2\/product_tag?post=115596"}],"curies":[{"name":"wp","href":"https:\/\/api.w.org\/{rel}","templated":true}]}}