{"id":115594,"date":"2023-06-06T00:00:00","date_gmt":"2023-06-06T05:00:00","guid":{"rendered":"http:\/\/gpl-love.com\/es\/?post_type=product&#038;p=115594"},"modified":"2026-03-13T17:15:56","modified_gmt":"2026-03-13T22:15:56","slug":"arvo-a-clever-y-flexible-multipurpose-wordpress-theme","status":"publish","type":"product","link":"https:\/\/gpl-love.com\/es\/producto\/arvo-a-clever-y-flexible-multipurpose-wordpress-theme\/","title":{"rendered":"Arvo A Clever y Flexible Multipurpose WordPress Theme 3.0"},"content":{"rendered":"<h3>Arvo A Clever y Flexible Multipurpose WordPress Theme Caracteristicas<\/h3>\n<p>Arvo, un tema de WordPress que lo abarca, cuenta con un dise\u00f1o brillante y adaptable que trasciende las limitaciones. Este tema posee la notable capacidad para atender a una variedad de prop\u00f3sitos, desde sitios web corporativos hasta carteras virtuales, weblogs personales y m\u00e1s all\u00e1. Orgullosamente muestra una interfaz f\u00e1cil de usar y una variedad de caracter\u00edsticas que son accesibles tanto para los novatos como para los desarrolladores experimentados. Adem\u00e1s, ARVO proporciona una multitud de opciones de personalizaci\u00f3n que capacitan a los usuarios para modificar sin esfuerzo el dise\u00f1o, la paleta de colores, la tipograf\u00eda y otros elementos para dise\u00f1ar una est\u00e9tica verdaderamente distintiva. En particular, este tema est\u00e1 meticulosamente dise\u00f1ado para una velocidad optimizada y SEO, garantizando tiempos de carga r\u00e1pidos y clasificaciones elevadas de motores de b\u00fasqueda. En esencia, Arvo brilla como un tema vers\u00e1til y potente, amplificando el potencial para que cualquiera construya un sitio web profesional e impactante.<\/p>\n<ul>\n<li>ARVO es un tema de WordPress multiprop\u00f3sito dise\u00f1ado para ser flexible y vers\u00e1til para varios tipos de sitios web<\/li>\n<li>Viene con una interfaz f\u00e1cil de usar que permite una f\u00e1cil personalizaci\u00f3n del dise\u00f1o y dise\u00f1o de su sitio.<\/li>\n<li>Con ARVO, puede seleccionar entre varios dise\u00f1os de demostraci\u00f3n previamente construidos o personalizar su propio dise\u00f1o utilizando la herramienta de constructor de p\u00e1ginas f\u00e1cil de usar<\/li>\n<li>El tema est\u00e1 optimizado para SEO, capacidad de respuesta y tiempo de carga de p\u00e1gina r\u00e1pido que garantiza una excelente experiencia de usuario<\/li>\n<li>ARVO tambi\u00e9n incluye soporte para WooCommerce, lo que le permite crear f\u00e1cilmente una tienda en l\u00ednea con un esfuerzo m\u00ednimo<\/li>\n<li>El tema se actualiza regularmente y puede descargar f\u00e1cilmente nuevas actualizaciones y caracter\u00edsticas desde su tablero.<\/li>\n<li>Con su poderoso y personalizable encabezado y portador de pies de p\u00e1gina, puede crear dise\u00f1os de sitios web \u00fanicos que se destacen entre la multitud<\/li>\n<li>ARVO tambi\u00e9n viene con m\u00e1s de 800 Fuentes de Google y una funcionalidad de men\u00fa de mega incorporada, lo que facilita la organizaci\u00f3n de grandes sitios web con muchas p\u00e1ginas<\/li>\n<li>Construido con HTML5 y CSS3, ARVO incluye una gama de c\u00f3digos cortos y widgets personalizados que hacen que la personalizaci\u00f3n de su sitio sea muy f\u00e1cil<\/li>\n<li>Con el equipo de soporte premium de Arvo, puede resolver r\u00e1pidamente cualquier problema o problema que surja, asegurando una experiencia de usuario fluida para sus visitantes.<\/li>\n<\/ul>\n","protected":false},"excerpt":{"rendered":"<p>Introducir a Arvo, un tema de WordPress multiprop\u00f3sito inteligente y flexible dise\u00f1ado con versatilidad en mente. Ya sea que sea un blogger, propietario de negocios o profesional creativo, este tema de WordPress est\u00e1 perfectamente adaptado para satisfacer sus necesidades. La interfaz f\u00e1cil de usar de Arvo y las caracter\u00edsticas personalizables significan que puede crear un sitio web tan \u00fanico como su marca. El tema est\u00e1 lleno de elementos din\u00e1micos, proporcionando un aspecto limpio y moderno que impresionar\u00e1 a sus visitantes. Ofreciendo una integraci\u00f3n perfecta con complementos populares de WordPress, ARVO garantiza las funciones de su sitio web sin problemas. Adem\u00e1s, con su dise\u00f1o receptivo, su sitio se ver\u00e1 genial en todos los dispositivos. No se conformes con lo ordinario, elija ARVO, el tema de WordPress multiprop\u00f3sito que se adapta a usted.<\/p>\n","protected":false},"featured_media":165398,"comment_status":"open","ping_status":"open","template":"","meta":[],"product_brand":[2337],"product_cat":[1239,1237,1238],"product_tag":[1391],"class_list":{"0":"post-115594","1":"product","2":"type-product","3":"status-publish","4":"has-post-thumbnail","6":"product_brand-themeforest","7":"product_cat-de-multiples-fines","8":"product_cat-temas","9":"product_cat-wordpress-temas","10":"product_tag-themeforest","11":"member-discount","12":"discount-restricted","14":"first","15":"instock","16":"sale","17":"downloadable","18":"virtual","19":"sold-individually","20":"purchasable","21":"product-type-simple"},"_links":{"self":[{"href":"https:\/\/gpl-love.com\/es\/wp-json\/wp\/v2\/product\/115594","targetHints":{"allow":["GET"]}}],"collection":[{"href":"https:\/\/gpl-love.com\/es\/wp-json\/wp\/v2\/product"}],"about":[{"href":"https:\/\/gpl-love.com\/es\/wp-json\/wp\/v2\/types\/product"}],"replies":[{"embeddable":true,"href":"https:\/\/gpl-love.com\/es\/wp-json\/wp\/v2\/comments?post=115594"}],"wp:featuredmedia":[{"embeddable":true,"href":"https:\/\/gpl-love.com\/es\/wp-json\/wp\/v2\/media\/165398"}],"wp:attachment":[{"href":"https:\/\/gpl-love.com\/es\/wp-json\/wp\/v2\/media?parent=115594"}],"wp:term":[{"taxonomy":"product_brand","embeddable":true,"href":"https:\/\/gpl-love.com\/es\/wp-json\/wp\/v2\/product_brand?post=115594"},{"taxonomy":"product_cat","embeddable":true,"href":"https:\/\/gpl-love.com\/es\/wp-json\/wp\/v2\/product_cat?post=115594"},{"taxonomy":"product_tag","embeddable":true,"href":"https:\/\/gpl-love.com\/es\/wp-json\/wp\/v2\/product_tag?post=115594"}],"curies":[{"name":"wp","href":"https:\/\/api.w.org\/{rel}","templated":true}]}}