{"id":115592,"date":"2025-06-19T00:00:00","date_gmt":"2025-06-19T05:00:00","guid":{"rendered":"http:\/\/gpl-love.com\/es\/?post_type=product&#038;p=115592"},"modified":"2026-03-13T17:18:05","modified_gmt":"2026-03-13T22:18:05","slug":"craftis-handcraft-y-artisan-wordpress-tema-para-creatives","status":"publish","type":"product","link":"https:\/\/gpl-love.com\/es\/producto\/craftis-handcraft-y-artisan-wordpress-tema-para-creatives\/","title":{"rendered":"Craftis Handcraft y Artisan WordPress Tema para Creatives 1.2.7"},"content":{"rendered":"<h3>Craftis Handcraft y Artisan WordPress Tema para Creatives Caracteristicas<\/h3>\n<p>El tema Craftis Handcraft y WordPress artesanal sirve como una soluci\u00f3n ejemplar para los creativos que buscan presentar su trabajo en l\u00ednea. Este tema ha sido meticulosamente elaborado para satisfacer las necesidades \u00fanicas de artistas, artesanos y expertos en artesan\u00eda que aspiran a dise\u00f1ar un sitio web excepcional y sofisticado. Utilizando su interfaz f\u00e1cil de usar, las personas pueden construir sin esfuerzo su propio sitio web sin requerir ninguna experiencia de codificaci\u00f3n. Este tema proporciona una amplia selecci\u00f3n de plantillas preconstruidas para elegir, lo que permite a los usuarios seleccionar la que mejor se alinee con sus requisitos espec\u00edficos. Adem\u00e1s, la capacidad de personalizar el dise\u00f1o ofrece a las personas la oportunidad de infundir su sitio web con una presencia distinta y sorprendente. Con Craftis a su disposici\u00f3n, puede mostrar sus esfuerzos art\u00edsticos de una manera visualmente cautivadora, aprovechando sus galer\u00edas de im\u00e1genes y p\u00e1ginas de cartera. Adem\u00e1s, este tema se ha optimizado cuidadosamente para la optimizaci\u00f3n de motores de b\u00fasqueda (SEO), lo que garantiza que su sitio web alcance una clasificaci\u00f3n m\u00e1s alta dentro de los resultados de los motores de b\u00fasqueda. Al considerar el paquete general, se hace evidente que Craftis es una elecci\u00f3n excepcional para los creativos que buscan exhibir su trabajo en l\u00ednea y cautivadoramente atractivo para una nueva clientela.<\/p>\n<ul>\n<li>Craftis es un tema de WordPress dise\u00f1ado para creativos, con un enfoque en la artesan\u00eda y el dise\u00f1o artesanal.<\/li>\n<li>El tema presenta un dise\u00f1o limpio y moderno que destaca su trabajo creativo.<\/li>\n<li>Craftis incluye m\u00faltiples dise\u00f1os de p\u00e1gina de inicio que se pueden personalizar para satisfacer sus necesidades espec\u00edficas.<\/li>\n<li>El tema es totalmente receptivo, asegurando que su sitio web se vea genial en cualquier dispositivo.<\/li>\n<li>Craftis es altamente personalizable, con opciones para fuentes, colores y dise\u00f1os personalizados.<\/li>\n<li>El tema es f\u00e1cil de usar, con un potente constructor de p\u00e1ginas de arrastrar y soltar y importaci\u00f3n de demostraci\u00f3n con un solo clic.<\/li>\n<li>Craftis incluye una variedad de tipos de publicaciones personalizadas, que incluyen galer\u00edas, carteras y testimonios.<\/li>\n<li>El tema est\u00e1 construido con SEO en mente, lo que lo ayuda a clasificar m\u00e1s alto en los resultados de los motores de b\u00fasqueda.<\/li>\n<li>Craftis incluye una amplia documentaci\u00f3n y atenci\u00f3n al cliente, asegurando que pueda configurar y administrar f\u00e1cilmente su sitio web.<\/li>\n<\/ul>\n","protected":false},"excerpt":{"rendered":"<p>Desatara su creatividad con el tema artesanal de Craftis y el tema artesanal de WordPress, hecho a medida para creativos. Esta plataforma din\u00e1mica facilita el dise\u00f1o y la personalizaci\u00f3n sin esfuerzo, lo que le permite mostrar sus habilidades artesanales y proyectos de artesan\u00eda de una manera visualmente impresionante. Con su interfaz f\u00e1cil de usar y sus caracter\u00edsticas robustas, Craftis WordPress, el tema es una herramienta poderosa para artistas, artesanos y creativos de todo tipo. Beneficiarse de su funcionalidad perfecta y deje que su trabajo tome el centro del escenario. El tema de Craftis Handcraft y WordPress Artisan es m\u00e1s que un lienzo digital: es un espacio para que usted cuente su historia, comparta su oficio y se conecta con su audiencia. Descubra las infinitas posibilidades de creatividad con Craftis.<\/p>\n","protected":false},"featured_media":165673,"comment_status":"open","ping_status":"open","template":"","meta":[],"product_brand":[2337],"product_cat":[1267,1237,1238],"product_tag":[1391],"class_list":{"0":"post-115592","1":"product","2":"type-product","3":"status-publish","4":"has-post-thumbnail","6":"product_brand-themeforest","7":"product_cat-creativo","8":"product_cat-temas","9":"product_cat-wordpress-temas","10":"product_tag-themeforest","11":"member-discount","12":"discount-restricted","14":"first","15":"instock","16":"sale","17":"downloadable","18":"virtual","19":"sold-individually","20":"purchasable","21":"product-type-simple"},"_links":{"self":[{"href":"https:\/\/gpl-love.com\/es\/wp-json\/wp\/v2\/product\/115592","targetHints":{"allow":["GET"]}}],"collection":[{"href":"https:\/\/gpl-love.com\/es\/wp-json\/wp\/v2\/product"}],"about":[{"href":"https:\/\/gpl-love.com\/es\/wp-json\/wp\/v2\/types\/product"}],"replies":[{"embeddable":true,"href":"https:\/\/gpl-love.com\/es\/wp-json\/wp\/v2\/comments?post=115592"}],"wp:featuredmedia":[{"embeddable":true,"href":"https:\/\/gpl-love.com\/es\/wp-json\/wp\/v2\/media\/165673"}],"wp:attachment":[{"href":"https:\/\/gpl-love.com\/es\/wp-json\/wp\/v2\/media?parent=115592"}],"wp:term":[{"taxonomy":"product_brand","embeddable":true,"href":"https:\/\/gpl-love.com\/es\/wp-json\/wp\/v2\/product_brand?post=115592"},{"taxonomy":"product_cat","embeddable":true,"href":"https:\/\/gpl-love.com\/es\/wp-json\/wp\/v2\/product_cat?post=115592"},{"taxonomy":"product_tag","embeddable":true,"href":"https:\/\/gpl-love.com\/es\/wp-json\/wp\/v2\/product_tag?post=115592"}],"curies":[{"name":"wp","href":"https:\/\/api.w.org\/{rel}","templated":true}]}}