{"id":115590,"date":"2022-02-05T00:00:00","date_gmt":"2022-02-05T05:00:00","guid":{"rendered":"http:\/\/gpl-love.com\/es\/?post_type=product&#038;p=115590"},"modified":"2026-04-10T11:27:17","modified_gmt":"2026-04-10T16:27:17","slug":"techmarket-multi-demo-y-electronics-store-woocommerce-theme","status":"publish","type":"product","link":"https:\/\/gpl-love.com\/es\/producto\/techmarket-multi-demo-y-electronics-store-woocommerce-theme\/","title":{"rendered":"Techmarket Multi-demo y Electronics Store WooCommerce Theme 1.4.11"},"content":{"rendered":"<h3>Techmarket Multi-demo y Electronics Store WooCommerce Theme Caracteristicas<\/h3>\n<p>TechMarket Multi-Demo and Electronics Store WooCommerce Tema es un tema excepcional que atiende a las tiendas en l\u00ednea especializadas en electr\u00f3nica y tecnolog\u00eda. Este tema extraordinario cuenta con un alto nivel de personalizaci\u00f3n, que ofrece una gran cantidad de demostraciones preconstruidas para facilitar la creaci\u00f3n de su tienda en l\u00ednea ideal. Adem\u00e1s, el tema de WooCommerce Multi-Demo y Electronics de TechMarket de TechMarket es totalmente receptivo, asegurando un acceso perfecto a su tienda en todos los dispositivos. Adem\u00e1s, este tema incorpora una variedad de caracter\u00edsticas invaluables, como una vista r\u00e1pida del producto, funcionalidad de la lista de deseos y una amplia selecci\u00f3n de opciones de pago y env\u00edo. Al aprovechar las poderosas capacidades del tema de WooCommerce de la tienda y electr\u00f3nica de TechMarket, puede establecer sin esfuerzo una tienda en l\u00ednea profesional y f\u00e1cil de usar que est\u00e9 preparada para cautivar a los clientes y reforzar las ventas.<\/p>\n<ul>\n<li>Un tema moderno y elegante de WooCommerce dise\u00f1ado para tiendas de tecnolog\u00eda y electr\u00f3nica<\/li>\n<li>M\u00faltiples opciones de demostraci\u00f3n para elegir, con p\u00e1ginas y dise\u00f1os preconstruidos para una f\u00e1cil personalizaci\u00f3n<\/li>\n<li>Dise\u00f1o totalmente receptivo y amigable para dispositivos m\u00f3viles, optimizado para todos los dispositivos<\/li>\n<li>Vista r\u00e1pida del producto incorporado y b\u00fasqueda AJAX para navegar y comprar f\u00e1cilmente<\/li>\n<li>Filtros de productos f\u00e1ciles de usar para ayudar a los clientes a encontrar exactamente lo que necesitan<\/li>\n<li>Integraci\u00f3n con pasarelas de pago populares y m\u00e9todos de env\u00edo para un pago sin problemas<\/li>\n<li>Opciones personalizables de encabezado y pie de p\u00e1gina, as\u00ed como presentaciones y pancartas de la p\u00e1gina de inicio<\/li>\n<li>Opciones m\u00faltiples de color, fuente y dise\u00f1o para una flexibilidad de dise\u00f1o completa<\/li>\n<li>C\u00f3digo optimizado de SEO para una mejor clasificaci\u00f3n y visibilidad del motor de b\u00fasqueda<\/li>\n<li>Soporte y documentaci\u00f3n dedicados para una f\u00e1cil configuraci\u00f3n y soluci\u00f3n de problemas<\/li>\n<\/ul>\n","protected":false},"excerpt":{"rendered":"<p>El tema de WooCommerce de TechMarket Multi-Demo and Electronics es un tema extremadamente flexible y adaptable que ha sido meticulosamente elaborado con el fin de atender las necesidades y requisitos de cualquier tienda electr\u00f3nica en l\u00ednea. Este tema ofrece una gran cantidad de sitios web de demostraci\u00f3n predise\u00f1ados y listos para usar, lo que lo empodera con la capacidad de exhibir y alarde de su amplia gama de productos y servicios de una manera est\u00e9ticamente agradable y sofisticada. Adem\u00e1s, la interfaz de este tema ha sido dise\u00f1ada de manera inteligente para facilitar y acelerar el proceso de configuraci\u00f3n, mientras que la integraci\u00f3n perfecta de WooCommerce garantiza y garantiza transacciones comerciales electr\u00f3nicas suaves y sin problemas. Adem\u00e1s, este tema es totalmente compatible y puede acceder a la perfecci\u00f3n y navegar en todos los principales navegadores de Internet y dispositivos tecnol\u00f3gicos, lo que hace que la opci\u00f3n final e ideal para cualquier tienda electr\u00f3nica que busca mejorar y amplificar su presencia y visibilidad en l\u00ednea.<\/p>\n","protected":false},"featured_media":167694,"comment_status":"open","ping_status":"open","template":"","meta":[],"product_brand":[2337],"product_cat":[1263,1264,1237],"product_tag":[1391],"class_list":{"0":"post-115590","1":"product","2":"type-product","3":"status-publish","4":"has-post-thumbnail","6":"product_brand-themeforest","7":"product_cat-comercio-electronico-temas","8":"product_cat-negocio","9":"product_cat-temas","10":"product_tag-themeforest","11":"member-discount","12":"discount-restricted","14":"first","15":"instock","16":"sale","17":"downloadable","18":"virtual","19":"sold-individually","20":"purchasable","21":"product-type-simple"},"_links":{"self":[{"href":"https:\/\/gpl-love.com\/es\/wp-json\/wp\/v2\/product\/115590","targetHints":{"allow":["GET"]}}],"collection":[{"href":"https:\/\/gpl-love.com\/es\/wp-json\/wp\/v2\/product"}],"about":[{"href":"https:\/\/gpl-love.com\/es\/wp-json\/wp\/v2\/types\/product"}],"replies":[{"embeddable":true,"href":"https:\/\/gpl-love.com\/es\/wp-json\/wp\/v2\/comments?post=115590"}],"wp:featuredmedia":[{"embeddable":true,"href":"https:\/\/gpl-love.com\/es\/wp-json\/wp\/v2\/media\/167694"}],"wp:attachment":[{"href":"https:\/\/gpl-love.com\/es\/wp-json\/wp\/v2\/media?parent=115590"}],"wp:term":[{"taxonomy":"product_brand","embeddable":true,"href":"https:\/\/gpl-love.com\/es\/wp-json\/wp\/v2\/product_brand?post=115590"},{"taxonomy":"product_cat","embeddable":true,"href":"https:\/\/gpl-love.com\/es\/wp-json\/wp\/v2\/product_cat?post=115590"},{"taxonomy":"product_tag","embeddable":true,"href":"https:\/\/gpl-love.com\/es\/wp-json\/wp\/v2\/product_tag?post=115590"}],"curies":[{"name":"wp","href":"https:\/\/api.w.org\/{rel}","templated":true}]}}