{"id":115586,"date":"2021-07-30T00:00:00","date_gmt":"2021-07-30T05:00:00","guid":{"rendered":"http:\/\/gpl-love.com\/es\/?post_type=product&#038;p=115586"},"modified":"2026-03-13T17:21:50","modified_gmt":"2026-03-13T22:21:50","slug":"greenfarm-organic-tema-para-woocommerce-wordpress","status":"publish","type":"product","link":"https:\/\/gpl-love.com\/es\/producto\/greenfarm-organic-tema-para-woocommerce-wordpress\/","title":{"rendered":"Greenfarm Organic Tema para WooCommerce WordPress 1.1.3"},"content":{"rendered":"<h3>Greenfarm Organic Tema para WooCommerce WordPress Caracteristicas<\/h3>\n<p>El tema org\u00e1nico de GreenFarm para WooCommerce WordPress es una soluci\u00f3n ejemplar de comercio electr\u00f3nico que atiende espec\u00edficamente a las empresas especializadas en la venta de productos org\u00e1nicos. Este tema cuenta con una interfaz f\u00e1cil de usar, que ofrece una gran flexibilidad en t\u00e9rminos de opciones de personalizaci\u00f3n, asegurando as\u00ed que su sitio web realmente se destaque de la gran cantidad de plataformas competidoras. Adem\u00e1s, viene equipado con una multitud de plantillas de p\u00e1gina, varias categor\u00edas de productos y un motor de b\u00fasqueda muy robusto, todo lo cual colectivamente facilita la navegaci\u00f3n perfecta para sus valiosos clientes, lo que les permite localizar sin esfuerzo los productos que despiertan su inter\u00e9s. Sin mencionar que este tema tambi\u00e9n muestra una gran cantidad de caracter\u00edsticas notables, como su capacidad de respuesta innata que se ajusta perfectamente a las especificaciones de cualquier dispositivo, su compatibilidad con una multitud de navegadores y su dise\u00f1o elegante y contempor\u00e1neo que exuda un aire de elegancia. Al emplear el tema org\u00e1nico de GreenFarm para WooCommerce WordPress, tendr\u00e1 la oportunidad \u00fanica de crear una tienda en l\u00ednea que no solo exhiba efectivamente sus productos org\u00e1nicos, sino que tambi\u00e9n aumente significativamente las ventas en el proceso.<\/p>\n<ul>\n<li>Un tema premium dise\u00f1ado espec\u00edficamente para sitios web de WooCommerce WordPress<\/li>\n<li>Elementos de dise\u00f1o org\u00e1nicos y ecol\u00f3gicos y esquema de color<\/li>\n<li>Opciones de dise\u00f1o m\u00faltiples para p\u00e1gina de inicio, p\u00e1ginas de productos y pago<\/li>\n<li>Soporte incorporado para complementos populares de WooCommerce, incluidos filtros de productos y funcionalidad de la lista de deseos<\/li>\n<li>Dise\u00f1o amigable para dispositivos m\u00f3viles para una visualizaci\u00f3n \u00f3ptima en todos los dispositivos<\/li>\n<li>SEO optimizado para una mejor clasificaci\u00f3n de motores de b\u00fasqueda<\/li>\n<li>Opciones de personalizaci\u00f3n f\u00e1ciles para logotipo, esquema de color y otros elementos visuales<\/li>\n<li>Instalaci\u00f3n de un solo clic y proceso de configuraci\u00f3n simple<\/li>\n<li>Actualizaciones regulares y atenci\u00f3n al cliente del desarrollador de temas, Greenfarm Organic<\/li>\n<li>Compatible con la \u00faltima versi\u00f3n de WordPress y WooCommerce.<\/li>\n<\/ul>\n","protected":false},"excerpt":{"rendered":"<p>El tema org\u00e1nico de Greenfarm para WooCommerce WordPress se presenta como una soluci\u00f3n de comercio electr\u00f3nico verdaderamente extraordinaria espec\u00edficamente atendida a las necesidades y deseos de agricultores org\u00e1nicos, comerciantes y negocios por igual. Lo que distingue a este tema es su capacidad para integrar y proporcionar una experiencia de usuario din\u00e1mica, todo gracias a su dise\u00f1o impecablemente elegante, animaciones sutiles pero cautivadoras y una variedad de caracter\u00edsticas potentes. Sus capacidades avanzadas de filtrado de productos, combinadas con un sistema de navegaci\u00f3n intuitivo y p\u00e1ginas totalmente personalizables, ayudan sin esfuerzo a los usuarios a promocionar y vender con \u00e9xito sus productos org\u00e1nicos en l\u00ednea. Adem\u00e1s, debe tenerse en cuenta que el tema org\u00e1nico de GreenFarm se ha optimizado meticulosamente para garantizar velocidades de carga r\u00e1pida y optimizaci\u00f3n de motores de b\u00fasqueda sin compromisos, asegurando as\u00ed una mayor visibilidad y una mayor probabilidad de conversiones. En general, este tema sirve como la opci\u00f3n ideal para las personas que buscan una plataforma de comercio electr\u00f3nico profesional y contempor\u00e1nea que atiende espec\u00edficamente a las demandas \u00fanicas de sus productos org\u00e1nicos.<\/p>\n","protected":false},"featured_media":166386,"comment_status":"open","ping_status":"open","template":"","meta":[],"product_brand":[2337],"product_cat":[1646,1237,1238],"product_tag":[1391],"class_list":{"0":"post-115586","1":"product","2":"type-product","3":"status-publish","4":"has-post-thumbnail","6":"product_brand-themeforest","7":"product_cat-alimentacion-y-restaurante","8":"product_cat-temas","9":"product_cat-wordpress-temas","10":"product_tag-themeforest","11":"member-discount","12":"discount-restricted","14":"first","15":"instock","16":"sale","17":"downloadable","18":"virtual","19":"sold-individually","20":"purchasable","21":"product-type-simple"},"_links":{"self":[{"href":"https:\/\/gpl-love.com\/es\/wp-json\/wp\/v2\/product\/115586","targetHints":{"allow":["GET"]}}],"collection":[{"href":"https:\/\/gpl-love.com\/es\/wp-json\/wp\/v2\/product"}],"about":[{"href":"https:\/\/gpl-love.com\/es\/wp-json\/wp\/v2\/types\/product"}],"replies":[{"embeddable":true,"href":"https:\/\/gpl-love.com\/es\/wp-json\/wp\/v2\/comments?post=115586"}],"wp:featuredmedia":[{"embeddable":true,"href":"https:\/\/gpl-love.com\/es\/wp-json\/wp\/v2\/media\/166386"}],"wp:attachment":[{"href":"https:\/\/gpl-love.com\/es\/wp-json\/wp\/v2\/media?parent=115586"}],"wp:term":[{"taxonomy":"product_brand","embeddable":true,"href":"https:\/\/gpl-love.com\/es\/wp-json\/wp\/v2\/product_brand?post=115586"},{"taxonomy":"product_cat","embeddable":true,"href":"https:\/\/gpl-love.com\/es\/wp-json\/wp\/v2\/product_cat?post=115586"},{"taxonomy":"product_tag","embeddable":true,"href":"https:\/\/gpl-love.com\/es\/wp-json\/wp\/v2\/product_tag?post=115586"}],"curies":[{"name":"wp","href":"https:\/\/api.w.org\/{rel}","templated":true}]}}