{"id":115532,"date":"2021-07-28T00:00:00","date_gmt":"2021-07-28T05:00:00","guid":{"rendered":"http:\/\/gpl-love.com\/es\/?post_type=product&#038;p=115532"},"modified":"2026-04-10T11:23:10","modified_gmt":"2026-04-10T16:23:10","slug":"responsive-styled-google-maps-wordpress-plugin","status":"publish","type":"product","link":"https:\/\/gpl-love.com\/es\/producto\/responsive-styled-google-maps-wordpress-plugin\/","title":{"rendered":"Responsive Styled Google Maps WordPress Plugin 5.1"},"content":{"rendered":"<h3>Responsive Styled Google Maps WordPress Plugin Caracteristicas<\/h3>\n<p>El complemento de WordPress de estilo receptivo de Google Maps, reconocido por su eficacia, sirve como un recurso invaluable para los propietarios de sitios web que buscan mapas de moda que se adaptan a sus preferencias y fomenten la facilidad de uso de usuarios. Armados con este innovador complemento, los usuarios pueden integrar sin esfuerzo Google Maps en su sitio de WordPress, brind\u00e1ndoles la oportunidad de fabricar dise\u00f1os que sean realmente \u00fanicos y se adaptan a su imagen de marca distintiva. Ofreciendo una gran cantidad de opciones de personalizaci\u00f3n, que abarca una variedad de esquemas de color, estilos de mapa e \u00edconos de marcadores, este complemento faculta a los usuarios construir mapas que logran el equilibrio perfecto entre la funcionalidad y el atractivo est\u00e9tico. Adem\u00e1s, el complemento cuenta con la ventaja adicional de ser meticulosamente optimizado para dispositivos m\u00f3viles, lo que garantiza que los mapas no solo exuden la brillantez visual sino que tambi\u00e9n funcionen con la mayor eficiencia en todas las plataformas. Para resumir, el complemento de WordPress de Google Maps de estilo receptivo personifica un activo indispensable para cualquier propietario del sitio web que anhele aumentar su plataforma en l\u00ednea con mapas cautivadores e interactivos que est\u00e1n obligados a cautivar a su audiencia.<\/p>\n<ul>\n<li>Integraci\u00f3n f\u00e1cil de usar con su sitio web de WordPress<\/li>\n<li>Estilos de mapa personalizables para adaptarse a la est\u00e9tica de su sitio web<\/li>\n<li>Admite m\u00faltiples ubicaciones y marcadores para una funcionalidad adicional<\/li>\n<li>Editor de backend intuitivo y f\u00e1cil de usar<\/li>\n<li>El dise\u00f1o receptivo asegura que los mapas se vean muy bien en cualquier dispositivo<\/li>\n<li>Documentaci\u00f3n y soporte integral del desarrollador de complementos<\/li>\n<li>Ahorre tiempo y esfuerzo valiosos agregando r\u00e1pida y f\u00e1cilmente los mapas de Google de alta calidad a su sitio web<\/li>\n<li>Actualizado constantemente con nuevas caracter\u00edsticas y mejoras para la optimizaci\u00f3n continua<\/li>\n<li>Acceso a opciones avanzadas para usuarios experimentados para ajustar el complemento a sus necesidades espec\u00edficas<\/li>\n<li>Precios asequibles con una variedad de opciones de licencia para satisfacer los requisitos de cualquier sitio web.<\/li>\n<\/ul>\n","protected":false},"excerpt":{"rendered":"<p>El complemento de WordPress con estilo receptivo de Google Maps se presenta como una herramienta altamente potente y eficiente que le otorga la capacidad de incorporar sin esfuerzo mapas de Google y adaptables en el marco de su sitio web de WordPress. Gracias a su dise\u00f1o receptivo, sus mapas contar\u00e1n con una apariencia est\u00e9ticamente agradable en cualquier dispositivo electr\u00f3nico, mientras que la amplia gama de opciones de estilo del complemento asegura que pueda adaptar cada detalle minuto del mapa para alinearse perfectamente con la identidad de su marca. Ya sea que su intenci\u00f3n sea exhibir m\u00faltiples ubicaciones, resaltar una empresa comercial o proporcionar a sus lectores instrucciones precisas, este complemento facilita el logro de tales tareas con una delicadeza y elegancia incomparables.<\/p>\n","protected":false},"featured_media":167348,"comment_status":"open","ping_status":"open","template":"","meta":[],"product_brand":[2339],"product_cat":[1214,1206,1211],"product_tag":[1256],"class_list":{"0":"post-115532","1":"product","2":"type-product","3":"status-publish","4":"has-post-thumbnail","6":"product_brand-codecanyon","7":"product_cat-personalizacion","8":"product_cat-plugins","9":"product_cat-wordpress-plugins","10":"product_tag-codecanyon","11":"member-discount","12":"discount-restricted","14":"first","15":"instock","16":"sale","17":"downloadable","18":"virtual","19":"sold-individually","20":"purchasable","21":"product-type-simple"},"_links":{"self":[{"href":"https:\/\/gpl-love.com\/es\/wp-json\/wp\/v2\/product\/115532","targetHints":{"allow":["GET"]}}],"collection":[{"href":"https:\/\/gpl-love.com\/es\/wp-json\/wp\/v2\/product"}],"about":[{"href":"https:\/\/gpl-love.com\/es\/wp-json\/wp\/v2\/types\/product"}],"replies":[{"embeddable":true,"href":"https:\/\/gpl-love.com\/es\/wp-json\/wp\/v2\/comments?post=115532"}],"wp:featuredmedia":[{"embeddable":true,"href":"https:\/\/gpl-love.com\/es\/wp-json\/wp\/v2\/media\/167348"}],"wp:attachment":[{"href":"https:\/\/gpl-love.com\/es\/wp-json\/wp\/v2\/media?parent=115532"}],"wp:term":[{"taxonomy":"product_brand","embeddable":true,"href":"https:\/\/gpl-love.com\/es\/wp-json\/wp\/v2\/product_brand?post=115532"},{"taxonomy":"product_cat","embeddable":true,"href":"https:\/\/gpl-love.com\/es\/wp-json\/wp\/v2\/product_cat?post=115532"},{"taxonomy":"product_tag","embeddable":true,"href":"https:\/\/gpl-love.com\/es\/wp-json\/wp\/v2\/product_tag?post=115532"}],"curies":[{"name":"wp","href":"https:\/\/api.w.org\/{rel}","templated":true}]}}