{"id":115530,"date":"2021-08-05T00:00:00","date_gmt":"2021-08-05T05:00:00","guid":{"rendered":"http:\/\/gpl-love.com\/es\/?post_type=product&#038;p=115530"},"modified":"2026-03-13T17:21:26","modified_gmt":"2026-03-13T22:21:26","slug":"grand-wedding-wordpress-theme","status":"publish","type":"product","link":"https:\/\/gpl-love.com\/es\/producto\/grand-wedding-wordpress-theme\/","title":{"rendered":"Grand Wedding WordPress Theme 3.1"},"content":{"rendered":"<h3>Grand Wedding WordPress Theme Caracteristicas<\/h3>\n<p>El gran tema de WordPress de boda es una soluci\u00f3n excepcional e impecable a medida para las personas que buscan elaborar un sitio web exquisitamente cautivador y sofisticado que resuena con su boda o evento. Este notable tema exhibe una interfaz perfecta elegante y dise\u00f1ada contempor\u00e1neamente, con una variedad de dise\u00f1os personalizables y esquemas de color que se pueden adaptar sin esfuerzo para adaptarse a sus preferencias \u00fanicas. Adem\u00e1s, su dise\u00f1o receptivo garantiza una visualizaci\u00f3n \u00f3ptima y una experiencia de usuario impecable en una multitud de dispositivos.<\/p>\n<p>El gran tema de WordPress de boda ofrece graciosamente una gran cantidad de plantillas de p\u00e1gina predise\u00f1adas, incluidas, entre otros, las funcionalidades de RSVP, galer\u00eda y registro, atendiendo efectivamente sus diversas necesidades y requisitos. Adem\u00e1s, este tema abarca una gran cantidad de caracter\u00edsticas robustas y de vanguardia, entre las cuales son los widgets altamente personalizables, la integraci\u00f3n de las redes sociales sin interrupciones y un constructor de p\u00e1ginas de arrastre y suelto intuitivos, lo que hace que el proceso de creaci\u00f3n de un sitio web de sus sue\u00f1os sea una brisa absoluta .<\/p>\n<p>Con el inigualable tema de WordPress de la Gran Boda, se le otorga una oportunidad incomparable para dise\u00f1ar sin esfuerzo una plataforma en l\u00ednea visualmente llamativa y totalmente personalizada, que sirve como un escaparate ilustre para su d\u00eda trascendental, asegurando que se muestre espl\u00e9ndidamente al mundo en general.<\/p>\n<ul>\n<li>Dise\u00f1o de sitio web de boda elegante y sofisticado<\/li>\n<li>Caracter\u00edsticas y widgets espec\u00edficos de la boda listos para usar<\/li>\n<li>Panel de opciones de temas totalmente personalizables y f\u00e1ciles de usar<\/li>\n<li>Dise\u00f1o receptivo para garantizar un rendimiento impecable en todos los dispositivos<\/li>\n<li>4 esquemas de color predefinidos para elegir<\/li>\n<li>Formulario de RSVP incorporado y funcionalidad del libro de visitas<\/li>\n<li>Compatible con complementos populares como WooCommerce y el Formulario de contacto 7<\/li>\n<li>Documentaci\u00f3n integral y atenci\u00f3n al cliente confiable<\/li>\n<li>Marca para el SEO para una mejor clasificaci\u00f3n del motor de b\u00fasqueda<\/li>\n<li>Actualizaciones de por vida y contenido de demostraci\u00f3n gratuito incluido<\/li>\n<\/ul>\n","protected":false},"excerpt":{"rendered":"<p>Si est\u00e1 en busca de una soluci\u00f3n impecable para exhibir extravagantemente su d\u00eda trascendental en la red mundial, no busque m\u00e1s que el extraordinario tema de WordPress de la boda. Con un dise\u00f1o sofisticado y altamente adaptable, este tema le aprovecha la oportunidad de elaborar sin esfuerzo un sitio web que armoniza impecablemente con la esencia \u00fanica de su ceremonia nupcial. Con una gran cantidad de atributos notables, incluida la provisi\u00f3n de formas de RSVP, una mir\u00edada de alternativas de dise\u00f1o, as\u00ed como impresionantes galer\u00edas de fotos, el gran tema de WordPress de boda lo ayuda a concentrar una representaci\u00f3n en l\u00ednea impresionante e indeleble de su grandiosa celebraci\u00f3n matrimonial. .<\/p>\n","protected":false},"featured_media":166282,"comment_status":"open","ping_status":"open","template":"","meta":[],"product_brand":[2337],"product_cat":[1267,1237,1238],"product_tag":[1391],"class_list":{"0":"post-115530","1":"product","2":"type-product","3":"status-publish","4":"has-post-thumbnail","6":"product_brand-themeforest","7":"product_cat-creativo","8":"product_cat-temas","9":"product_cat-wordpress-temas","10":"product_tag-themeforest","11":"member-discount","12":"discount-restricted","14":"first","15":"instock","16":"sale","17":"downloadable","18":"virtual","19":"sold-individually","20":"purchasable","21":"product-type-simple"},"_links":{"self":[{"href":"https:\/\/gpl-love.com\/es\/wp-json\/wp\/v2\/product\/115530","targetHints":{"allow":["GET"]}}],"collection":[{"href":"https:\/\/gpl-love.com\/es\/wp-json\/wp\/v2\/product"}],"about":[{"href":"https:\/\/gpl-love.com\/es\/wp-json\/wp\/v2\/types\/product"}],"replies":[{"embeddable":true,"href":"https:\/\/gpl-love.com\/es\/wp-json\/wp\/v2\/comments?post=115530"}],"wp:featuredmedia":[{"embeddable":true,"href":"https:\/\/gpl-love.com\/es\/wp-json\/wp\/v2\/media\/166282"}],"wp:attachment":[{"href":"https:\/\/gpl-love.com\/es\/wp-json\/wp\/v2\/media?parent=115530"}],"wp:term":[{"taxonomy":"product_brand","embeddable":true,"href":"https:\/\/gpl-love.com\/es\/wp-json\/wp\/v2\/product_brand?post=115530"},{"taxonomy":"product_cat","embeddable":true,"href":"https:\/\/gpl-love.com\/es\/wp-json\/wp\/v2\/product_cat?post=115530"},{"taxonomy":"product_tag","embeddable":true,"href":"https:\/\/gpl-love.com\/es\/wp-json\/wp\/v2\/product_tag?post=115530"}],"curies":[{"name":"wp","href":"https:\/\/api.w.org\/{rel}","templated":true}]}}