{"id":115526,"date":"2025-10-01T00:00:00","date_gmt":"2025-10-01T05:00:00","guid":{"rendered":"http:\/\/gpl-love.com\/es\/producto\/xt-woocommerce-points-y-rewards\/"},"modified":"2026-03-09T08:32:36","modified_gmt":"2026-03-09T13:32:36","slug":"xt-woocommerce-points-y-rewards","status":"publish","type":"product","link":"https:\/\/gpl-love.com\/es\/producto\/xt-woocommerce-points-y-rewards\/","title":{"rendered":"XT WooCommerce Points y Rewards 1.7.8"},"content":{"rendered":"<h3>XT WooCommerce Points y Rewards Caracteristicas<\/h3>\n<p>El complemento XT WooCommerce Points and Rewards sirve como una herramienta altamente efectiva y eficiente para los sitios web de comercio electr\u00f3nico que buscan elevar y aumentar la lealtad y el compromiso del cliente. Este complemento facilita la creaci\u00f3n y administraci\u00f3n de un sistema integral e intrincado basado en puntos, en el que los clientes son incentivados y satisfechos para una innumerable acci\u00f3n, incluidas, entre otros, compras, referencias y acciones de redes sociales. Las caracter\u00edsticas m\u00faltiples abarcadas dentro de este complemento abarcan la capacidad de personalizar los valores de los puntos, garantizar la expiraci\u00f3n autom\u00e1tica de los puntos, as\u00ed como la capacidad de generar niveles estratificados de recompensas para los clientes. Adem\u00e1s de estos atributos, las empresas tambi\u00e9n pueden ofrecer descuentos y beneficios exclusivos a los clientes que acumulan un n\u00famero espec\u00edfico y predeterminado de puntos. Cuando se ve de manera integral, se hace evidente que el complemento XT WooCommerce Points and Rewards es un recurso invaluable que equipa a las empresas con la aptitud para refinar y amplificar las tasas de retenci\u00f3n de los clientes mientras refuerza simult\u00e1neamente las cifras de ventas.<\/p>\n<ul>\n<li>Recompensa a sus clientes por su lealtad con recompensas basadas en puntos<\/li>\n<li>Cree reglas de ganancias y redenci\u00f3n personalizadas para adaptar el programa a sus necesidades comerciales<\/li>\n<li>Dar a los clientes la capacidad de rastrear su saldo de puntos y redimir las recompensas desde la p\u00e1gina de su cuenta<\/li>\n<li>Ofrezca puntos de bonificaci\u00f3n para ciertas acciones, como referencias o revisiones de productos, para alentar una mayor participaci\u00f3n e interacci\u00f3n con su tienda<\/li>\n<li>Establezca fechas de vencimiento para los puntos para alentar a los clientes a usarlos antes de que expiren<\/li>\n<li>Ver y administrar f\u00e1cilmente los puntos del cliente y recompensar los reembolsos desde su tablero de WooCommerce<\/li>\n<li>Compatible con una variedad de pasarelas de pago para integrarse perfectamente con su proceso de pago existente<\/li>\n<li>Las opciones de dise\u00f1o flexibles y personalizables le permiten igualar el aspecto de su marca<\/li>\n<li>Excelente manera de aumentar la retenci\u00f3n de clientes y fomentar las compras repetidas.<\/li>\n<\/ul>\n","protected":false},"excerpt":{"rendered":"<p>XT WooCommerce Puntos y recompensas es un complemento extremadamente robusto que empodera a los propietarios de tiendas al permitirles incentivar gentilmente a sus estimados clientes con puntos valiosos no solo por compras, sino tambi\u00e9n por una gran cantidad de otras acciones encomiables en su tienda de WooCommerce. Posteriormente, estos puntos notables se pueden canjear por descuentos exclusivos y una variedad de otros beneficios notables, lo que refuerza eficazmente la lealtad del cliente y amplifica exponencialmente las ventas. Con un sistema de puntos altamente personalizable, una expiraci\u00f3n de puntos autom\u00e1ticos sin interrupciones y una interfaz incre\u00edblemente f\u00e1cil de usar repleta de reglas y configuraciones intuitivas, XT WooCommerce Puntos y recompensas, sin duda, emerge como una herramienta indispensable para cualquier tienda Woocommerce que alberga un deseo de ferviente de aumentar su cliente. y esfuerzos de retenci\u00f3n.<\/p>\n","protected":false},"featured_media":168567,"comment_status":"open","ping_status":"open","template":"","meta":[],"product_brand":[2369],"product_cat":[1207,1248,1206],"product_tag":[1678],"class_list":{"0":"post-115526","1":"product","2":"type-product","3":"status-publish","4":"has-post-thumbnail","6":"product_brand-xploded-themes","7":"product_cat-comercio-electronico-plugins","8":"product_cat-personalizacion-comercio-electronico-plugins","9":"product_cat-plugins","10":"product_tag-xploded-themes","11":"member-discount","12":"discount-restricted","14":"first","15":"instock","16":"sale","17":"downloadable","18":"virtual","19":"sold-individually","20":"purchasable","21":"product-type-simple"},"_links":{"self":[{"href":"https:\/\/gpl-love.com\/es\/wp-json\/wp\/v2\/product\/115526","targetHints":{"allow":["GET"]}}],"collection":[{"href":"https:\/\/gpl-love.com\/es\/wp-json\/wp\/v2\/product"}],"about":[{"href":"https:\/\/gpl-love.com\/es\/wp-json\/wp\/v2\/types\/product"}],"replies":[{"embeddable":true,"href":"https:\/\/gpl-love.com\/es\/wp-json\/wp\/v2\/comments?post=115526"}],"wp:featuredmedia":[{"embeddable":true,"href":"https:\/\/gpl-love.com\/es\/wp-json\/wp\/v2\/media\/168567"}],"wp:attachment":[{"href":"https:\/\/gpl-love.com\/es\/wp-json\/wp\/v2\/media?parent=115526"}],"wp:term":[{"taxonomy":"product_brand","embeddable":true,"href":"https:\/\/gpl-love.com\/es\/wp-json\/wp\/v2\/product_brand?post=115526"},{"taxonomy":"product_cat","embeddable":true,"href":"https:\/\/gpl-love.com\/es\/wp-json\/wp\/v2\/product_cat?post=115526"},{"taxonomy":"product_tag","embeddable":true,"href":"https:\/\/gpl-love.com\/es\/wp-json\/wp\/v2\/product_tag?post=115526"}],"curies":[{"name":"wp","href":"https:\/\/api.w.org\/{rel}","templated":true}]}}