{"id":115524,"date":"2023-05-16T00:00:00","date_gmt":"2023-05-16T05:00:00","guid":{"rendered":"http:\/\/gpl-love.com\/es\/producto\/karma-elementor-business-wordpress-theme\/"},"modified":"2026-03-13T17:23:07","modified_gmt":"2026-03-13T22:23:07","slug":"karma-elementor-business-wordpress-theme","status":"publish","type":"product","link":"https:\/\/gpl-love.com\/es\/producto\/karma-elementor-business-wordpress-theme\/","title":{"rendered":"Karma Elementor Business WordPress Theme 6.2.6"},"content":{"rendered":"<h3>Karma Elementor Business WordPress Theme Caracteristicas<\/h3>\n<p>El tema de WordPress de Karma El Elementer Business es un tema incre\u00edblemente vers\u00e1til y moderno que atiende a empresas de todos los tama\u00f1os, que abarca una amplia gama de funcionalidades y atractivo est\u00e9tico. Su constructor de p\u00e1gina de arrastre y suelto incre\u00edblemente intuitivos capacita a los usuarios para hacer p\u00e1ginas y dise\u00f1os personalizados sin esfuerzo que se alinean sin problemas con su identidad de marca y su visi\u00f3n general. Adem\u00e1s, este tema cuenta con una extensa colecci\u00f3n de plantillas y widgets predise\u00f1ados, simplificando efectivamente el proceso de inicio. Adem\u00e1s, cuenta con una variedad de caracter\u00edsticas de vanguardia, como una integraci\u00f3n perfecta con WooCommerce, asegurando una experiencia de compra en l\u00ednea perfecta para sus clientes. Sin mencionar que su dise\u00f1o receptivo garantiza un rendimiento \u00f3ptimo en varios dispositivos y tama\u00f1os de pantalla. Adem\u00e1s, el tema Karma Elementer Business WordPress ofrece una multitud de opciones de personalizaci\u00f3n, lo que le permite adaptar su sitio web para satisfacer sus necesidades y preferencias \u00fanicas. Al aprovechar la amplia gama de caracter\u00edsticas y funcionalidades ofrecidas por este tema, puede elaborar sin esfuerzo un sitio web profesional y altamente impactante que sirva como una herramienta poderosa para impulsar el crecimiento de su negocio.<\/p>\n<ul>\n<li>Dise\u00f1o moderno y profesional adecuado para sitios web de negocios<\/li>\n<li>Construido con el creador de p\u00e1ginas de Elementor para una f\u00e1cil personalizaci\u00f3n<\/li>\n<li>Dise\u00f1o totalmente receptivo y amigable para m\u00f3viles<\/li>\n<li>Estilos de cabeza de encabezado y pie de p\u00e1gina disponibles<\/li>\n<li>Importaci\u00f3n de demostraci\u00f3n de un solo clic para una configuraci\u00f3n r\u00e1pida<\/li>\n<li>Compatibilidad de WooCommerce para una f\u00e1cil configuraci\u00f3n de la tienda en l\u00ednea<\/li>\n<li>Integraci\u00f3n con complementos populares de WordPress como Contact Form 7, Yoast SEO y m\u00e1s<\/li>\n<li>Opciones de tipograf\u00eda avanzada para la selecci\u00f3n de fuentes personalizadas<\/li>\n<li>Opciones de dise\u00f1o m\u00faltiples para diferentes tipos de p\u00e1gina<\/li>\n<li>Dise\u00f1o amigable para SEO para una mejor clasificaci\u00f3n de motores de b\u00fasqueda<\/li>\n<li>Actualizaciones regulares y atenci\u00f3n al cliente de los desarrolladores de temas.<\/li>\n<\/ul>\n","protected":false},"excerpt":{"rendered":"<p>El tema de WordPress Business Karma Elementer, que se considera una soluci\u00f3n de dise\u00f1o web altamente adaptable y formidable para todo tipo de sitios web comerciales, ofrece un notable grado de personalizaci\u00f3n y facilidad de uso, que le otorga autoridad absoluta sobre el atractivo visual y los aspectos operativos de su sitio web de su sitio web. . Al aprovechar una variedad de plantillas predise\u00f1adas y una multitud de caracter\u00edsticas de vanguardia, el tema de WordPress de WordPress de Karma El Elementer se presenta como la mejor selecci\u00f3n para elaborar una presencia en l\u00ednea que exuda profesionalismo y cautiva a los visitantes. Independientemente de si se encuentra al frente de una startup incipiente, una peque\u00f1a empresa modesta o una corporaci\u00f3n gigantesca, este tema demuestra ser el veh\u00edculo por excelencia para mostrar su marca y impulsar la expansi\u00f3n de su negocio en el \u00e1mbito virtual.<\/p>\n","protected":false},"featured_media":166547,"comment_status":"open","ping_status":"open","template":"","meta":[],"product_brand":[2337],"product_cat":[1307,1237,1238],"product_tag":[1391],"class_list":{"0":"post-115524","1":"product","2":"type-product","3":"status-publish","4":"has-post-thumbnail","6":"product_brand-themeforest","7":"product_cat-negocio-wordpress-temas","8":"product_cat-temas","9":"product_cat-wordpress-temas","10":"product_tag-themeforest","11":"member-discount","12":"discount-restricted","14":"first","15":"instock","16":"sale","17":"downloadable","18":"virtual","19":"sold-individually","20":"purchasable","21":"product-type-simple"},"_links":{"self":[{"href":"https:\/\/gpl-love.com\/es\/wp-json\/wp\/v2\/product\/115524","targetHints":{"allow":["GET"]}}],"collection":[{"href":"https:\/\/gpl-love.com\/es\/wp-json\/wp\/v2\/product"}],"about":[{"href":"https:\/\/gpl-love.com\/es\/wp-json\/wp\/v2\/types\/product"}],"replies":[{"embeddable":true,"href":"https:\/\/gpl-love.com\/es\/wp-json\/wp\/v2\/comments?post=115524"}],"wp:featuredmedia":[{"embeddable":true,"href":"https:\/\/gpl-love.com\/es\/wp-json\/wp\/v2\/media\/166547"}],"wp:attachment":[{"href":"https:\/\/gpl-love.com\/es\/wp-json\/wp\/v2\/media?parent=115524"}],"wp:term":[{"taxonomy":"product_brand","embeddable":true,"href":"https:\/\/gpl-love.com\/es\/wp-json\/wp\/v2\/product_brand?post=115524"},{"taxonomy":"product_cat","embeddable":true,"href":"https:\/\/gpl-love.com\/es\/wp-json\/wp\/v2\/product_cat?post=115524"},{"taxonomy":"product_tag","embeddable":true,"href":"https:\/\/gpl-love.com\/es\/wp-json\/wp\/v2\/product_tag?post=115524"}],"curies":[{"name":"wp","href":"https:\/\/api.w.org\/{rel}","templated":true}]}}