{"id":115522,"date":"2022-12-17T00:00:00","date_gmt":"2022-12-17T05:00:00","guid":{"rendered":"http:\/\/gpl-love.com\/es\/producto\/pw-woocommerce-affiliates-pro\/"},"modified":"2026-03-09T08:02:39","modified_gmt":"2026-03-09T13:02:39","slug":"pw-woocommerce-affiliates-pro","status":"publish","type":"product","link":"https:\/\/gpl-love.com\/es\/producto\/pw-woocommerce-affiliates-pro\/","title":{"rendered":"PW WooCommerce Affiliates Pro 2.3"},"content":{"rendered":"<h3>PW WooCommerce Affiliates Pro Caracteristicas<\/h3>\n<p>PW WooCommerce Affiliates Pro, una herramienta de marketing de afiliaci\u00f3n robusta y avanzada dise\u00f1ada espec\u00edficamente para sitios web de WooCommerce, posee una impresionante variedad de caracter\u00edsticas y funcionalidades. Con este complemento excepcional, administrar sin esfuerzo su programa de afiliados se convierte en muy sencillo, ya que proporciona un seguimiento integral de sus ventas de afiliados, adem\u00e1s de ofrecerle la capacidad de configurar las tarifas de la comisi\u00f3n, generar enlaces de afiliados personalizados, clics y conversiones de monitoreo e incluso facilitar directamente Pagos a sus afiliados, todos los cuales pueden realizarse convenientemente dentro de su tienda de WooCommerce. Al aprovechar el inmenso potencial del marketing de afiliaci\u00f3n a trav\u00e9s de la utilizaci\u00f3n de PW WooCommerce Affiliates Pro, puede aumentar efectivamente sus ventas y posteriormente amplificar sus ingresos. Adem\u00e1s, este complemento se destaca por sus competidores debido a su naturaleza f\u00e1cil de usar y su alto grado de personalizaci\u00f3n, lo que le convierte en una opci\u00f3n \u00f3ptima para cualquier empresa en l\u00ednea que busque expandir y fomentar un floreciente programa de afiliados.<\/p>\n<ul>\n<li>Permite a los propietarios de sitios web crear y administrar un poderoso programa de afiliados para su tienda WooCommerce<\/li>\n<li>Ofrece tarifas de comisi\u00f3n flexibles y opciones de pago para afiliados<\/li>\n<li>Proporciona informes detallados y an\u00e1lisis sobre el rendimiento de los afiliados<\/li>\n<li>Se integra a la perfecci\u00f3n con WooCommerce, lo que permite a los afiliados promover y rastrear f\u00e1cilmente los productos<\/li>\n<li>Permite que se creen enlaces y pancartas de referencia personalizados para cada afiliado<\/li>\n<li>Admite m\u00faltiples monedas para el alcance global<\/li>\n<li>Ofrece notificaciones por correo electr\u00f3nico para los afiliados para mantenerse actualizado sobre las ventas y las ganancias de la comisi\u00f3n<\/li>\n<li>Incluye configuraciones avanzadas para personalizar el programa de afiliados y los pagos<\/li>\n<li>Compatible con pasarelas de pago populares como PayPal y Stripe<\/li>\n<li>Proporciona una excelente atenci\u00f3n al cliente para cualquier pregunta o inquietud.<\/li>\n<\/ul>\n","protected":false},"excerpt":{"rendered":"<p>PW WooCommerce Affiliates Pro es un complemento notablemente robusto que le proporciona la capacidad de monitorear y realizar un seguimiento de sus afiliados, referencias y comisiones, todo directamente desde su tienda WooCommerce. Este complemento sobresaliente le permite manejar y supervisar sin esfuerzo su programa de afiliados, establecer tarifas de comisiones, monitorear de cerca el rendimiento de sus estimados afiliados y generar informes integrales que proporcionan informaci\u00f3n profunda. Adem\u00e1s, el complemento ofrece una mir\u00edada de opciones de personalizaci\u00f3n, como la capacidad de personalizar las plantillas de correo electr\u00f3nico, utilizar c\u00f3digos cortos e integrarse sin problemas con otros complementos muy buscados. PW WooCommerce Affiliates Pro sirve como una herramienta excepcional e indispensable, ya que sirve para elevar sus cifras de ventas y reconocer debidamente los esfuerzos de sus afiliados devotos que promueven y respaldan su alineaci\u00f3n excepcional de productos.<\/p>\n","protected":false},"featured_media":167290,"comment_status":"open","ping_status":"open","template":"","meta":[],"product_brand":[2542],"product_cat":[1207,1248,1206],"product_tag":[1574],"class_list":{"0":"post-115522","1":"product","2":"type-product","3":"status-publish","4":"has-post-thumbnail","6":"product_brand-pimwick","7":"product_cat-comercio-electronico-plugins","8":"product_cat-personalizacion-comercio-electronico-plugins","9":"product_cat-plugins","10":"product_tag-pimwick","11":"member-discount","12":"discount-restricted","14":"first","15":"instock","16":"sale","17":"downloadable","18":"virtual","19":"sold-individually","20":"purchasable","21":"product-type-simple"},"_links":{"self":[{"href":"https:\/\/gpl-love.com\/es\/wp-json\/wp\/v2\/product\/115522","targetHints":{"allow":["GET"]}}],"collection":[{"href":"https:\/\/gpl-love.com\/es\/wp-json\/wp\/v2\/product"}],"about":[{"href":"https:\/\/gpl-love.com\/es\/wp-json\/wp\/v2\/types\/product"}],"replies":[{"embeddable":true,"href":"https:\/\/gpl-love.com\/es\/wp-json\/wp\/v2\/comments?post=115522"}],"wp:featuredmedia":[{"embeddable":true,"href":"https:\/\/gpl-love.com\/es\/wp-json\/wp\/v2\/media\/167290"}],"wp:attachment":[{"href":"https:\/\/gpl-love.com\/es\/wp-json\/wp\/v2\/media?parent=115522"}],"wp:term":[{"taxonomy":"product_brand","embeddable":true,"href":"https:\/\/gpl-love.com\/es\/wp-json\/wp\/v2\/product_brand?post=115522"},{"taxonomy":"product_cat","embeddable":true,"href":"https:\/\/gpl-love.com\/es\/wp-json\/wp\/v2\/product_cat?post=115522"},{"taxonomy":"product_tag","embeddable":true,"href":"https:\/\/gpl-love.com\/es\/wp-json\/wp\/v2\/product_tag?post=115522"}],"curies":[{"name":"wp","href":"https:\/\/api.w.org\/{rel}","templated":true}]}}