{"id":115520,"date":"2022-02-13T00:00:00","date_gmt":"2022-02-13T05:00:00","guid":{"rendered":"http:\/\/gpl-love.com\/es\/producto\/pw-woocommerce-on-sale-pro\/"},"modified":"2026-04-10T11:22:35","modified_gmt":"2026-04-10T16:22:35","slug":"pw-woocommerce-on-sale-pro","status":"publish","type":"product","link":"https:\/\/gpl-love.com\/es\/producto\/pw-woocommerce-on-sale-pro\/","title":{"rendered":"PW WooCommerce On Sale Pro 1.40"},"content":{"rendered":"<h3>PW WooCommerce On Sale Pro Caracteristicas<\/h3>\n<p>PW WooCommerce On Sale Pro es un complemento excepcionalmente robusto y din\u00e1mico que le otorga la capacidad de exhibir h\u00e1bilmente productos con descuento de una manera que sea competente y est\u00e9ticamente agradable en su estimada tienda de WooCommerce. Este notable complemento le capacita sin esfuerzo acentuar productos que est\u00e1n actualmente a la venta, al tiempo que le brinda la oportunidad de personalizar intrincadamente la insignia de venta y el temporizador de cuenta regresiva, y aumentar a\u00fan m\u00e1s su exhibici\u00f3n mostrando el porcentaje preciso del descuento. Adem\u00e1s, le otorga la capacidad invaluable para programar meticulosamente las ventas con mucha anticipaci\u00f3n y configurar expertos descuentos autom\u00e1ticos basados \u200b\u200ben una variedad de criterios diversos. En esencia, PW WooCommerce On Sale Pro es una necesidad absoluta para cualquier propietario exigente de una tienda de WooCommerce que aspira a amplificar exponencialmente sus cifras de ventas y enriquecer sumamente la experiencia general de compra de sus clientes valiosos.<\/p>\n<ul>\n<li>Un poderoso complemento de WordPress para administrar las ventas de productos<\/li>\n<li>Le permite programar ventas para fechas y tiempos espec\u00edficos<\/li>\n<li>Proporciona una gama de opciones de personalizaci\u00f3n, incluida la selecci\u00f3n de productos para ir a la venta, establecer precios de venta y especificar descuentos.<\/li>\n<li>Le ayuda a crear urgencia con un temporizador de cuenta regresiva para la hora de la venta.<\/li>\n<li>Incluye una funci\u00f3n de \u00abInsignia de venta\u00bb para resaltar productos a la venta en su tienda en l\u00ednea<\/li>\n<li>Le permite crear m\u00faltiples campa\u00f1as de venta y ejecutarlas simult\u00e1neamente<\/li>\n<li>Ofrece an\u00e1lisis e informes para rastrear y medir la efectividad de sus campa\u00f1as de ventas<\/li>\n<li>Se integra con otros complementos y temas populares de WooCommerce para proporcionar una experiencia de usuario perfecta<\/li>\n<li>Ofrece servicios de soporte dedicados y actualizaciones peri\u00f3dicas para mantenerse al d\u00eda con las \u00faltimas tecnolog\u00edas de WooCommerce.<\/li>\n<\/ul>\n","protected":false},"excerpt":{"rendered":"<p>PW WooCommerce On Sale Pro es una herramienta incre\u00edblemente efectiva e indispensable dise\u00f1ada espec\u00edficamente para satisfacer las necesidades de los propietarios de tiendas en l\u00ednea que est\u00e1n decididos a optimizar su potencial de ventas al mostrar prominentemente precios de venta en su amplia gama de productos. La gran potencia y la versatilidad de este complemento excepcional permiten una incorporaci\u00f3n sin esfuerzo de los precios de ventas atractivos junto con los temporizadores de la cuenta regresiva cautivadora, generando as\u00ed una mayor sensaci\u00f3n de urgencia entre los clientes potenciales. Adem\u00e1s, esta notable herramienta faculta a los usuarios para crear insignias de venta \u00fanicas y personalizadas sin esfuerzo, al tiempo que configuran sin esfuerzo fechas de conclusi\u00f3n y comienzo precisos para cada evento de venta. Sin lugar a dudas, esta soluci\u00f3n que lo abarca es el ep\u00edtome de la excelencia para cualquier propietario ambicioso y de futuro basado en la tienda en l\u00ednea con sede en WooCommerce que sea resuelto en su esfuerzo por magnificar sus flujos de ingresos e vigorizar el inter\u00e9s del cliente en su estimada mercanc\u00eda. Le imploramos que aproveche la oportunidad y experimente de primera mano el impacto transformador que PW WooCommerce en Sale Pro puede tener en sus empresas de ventas en l\u00ednea.<\/p>\n","protected":false},"featured_media":167294,"comment_status":"open","ping_status":"open","template":"","meta":[],"product_brand":[2542],"product_cat":[1207,1248,1206],"product_tag":[1574],"class_list":{"0":"post-115520","1":"product","2":"type-product","3":"status-publish","4":"has-post-thumbnail","6":"product_brand-pimwick","7":"product_cat-comercio-electronico-plugins","8":"product_cat-personalizacion-comercio-electronico-plugins","9":"product_cat-plugins","10":"product_tag-pimwick","11":"member-discount","12":"discount-restricted","14":"first","15":"instock","16":"sale","17":"downloadable","18":"virtual","19":"sold-individually","20":"purchasable","21":"product-type-simple"},"_links":{"self":[{"href":"https:\/\/gpl-love.com\/es\/wp-json\/wp\/v2\/product\/115520","targetHints":{"allow":["GET"]}}],"collection":[{"href":"https:\/\/gpl-love.com\/es\/wp-json\/wp\/v2\/product"}],"about":[{"href":"https:\/\/gpl-love.com\/es\/wp-json\/wp\/v2\/types\/product"}],"replies":[{"embeddable":true,"href":"https:\/\/gpl-love.com\/es\/wp-json\/wp\/v2\/comments?post=115520"}],"wp:featuredmedia":[{"embeddable":true,"href":"https:\/\/gpl-love.com\/es\/wp-json\/wp\/v2\/media\/167294"}],"wp:attachment":[{"href":"https:\/\/gpl-love.com\/es\/wp-json\/wp\/v2\/media?parent=115520"}],"wp:term":[{"taxonomy":"product_brand","embeddable":true,"href":"https:\/\/gpl-love.com\/es\/wp-json\/wp\/v2\/product_brand?post=115520"},{"taxonomy":"product_cat","embeddable":true,"href":"https:\/\/gpl-love.com\/es\/wp-json\/wp\/v2\/product_cat?post=115520"},{"taxonomy":"product_tag","embeddable":true,"href":"https:\/\/gpl-love.com\/es\/wp-json\/wp\/v2\/product_tag?post=115520"}],"curies":[{"name":"wp","href":"https:\/\/api.w.org\/{rel}","templated":true}]}}